{"id":249,"date":"2024-01-16T22:11:46","date_gmt":"2024-01-16T22:11:46","guid":{"rendered":"https:\/\/dev.mercatfrutal.com\/?page_id=249"},"modified":"2025-02-21T14:35:55","modified_gmt":"2025-02-21T12:35:55","slug":"politica-de-envios-y-devoluciones","status":"publish","type":"page","link":"https:\/\/dev.mercatfrutal.com\/ca\/politica-de-envios-y-devoluciones\/","title":{"rendered":"Pol\u00edtica d'enviaments i devolucions"},"content":{"rendered":"<div data-elementor-type=\"wp-page\" data-elementor-id=\"249\" class=\"elementor elementor-249\" data-elementor-post-type=\"page\">\n\t\t\t\t<div class=\"elementor-element elementor-element-4f78399 e-flex e-con-boxed e-con e-parent\" data-id=\"4f78399\" data-element_type=\"container\">\n\t\t\t\t\t<div class=\"e-con-inner\">\n\t\t\t\t<div class=\"elementor-element elementor-element-d8009de elementor-widget elementor-widget-heading\" data-id=\"d8009de\" data-element_type=\"widget\" data-widget_type=\"heading.default\">\n\t\t\t\t<div class=\"elementor-widget-container\">\n\t\t\t\t\t<h1 class=\"elementor-heading-title elementor-size-default\">POL\u00cdTICA D'ENVIAMENTS I DEVOLUCIONS\n<\/h1>\t\t\t\t<\/div>\n\t\t\t\t<\/div>\n\t\t\t\t<div class=\"elementor-element elementor-element-011acb2 elementor-widget elementor-widget-text-editor\" data-id=\"011acb2\" data-element_type=\"widget\" data-widget_type=\"text-editor.default\">\n\t\t\t\t<div class=\"elementor-widget-container\">\n\t\t\t\t\t\t\t\t\t<p>DADES DEL RESPONSABLE DEL TRACTAMENT CIRCUIT FRUITERS, SL (ENDAVANT, MERCAT FRUITERS) <strong>CIF: B13831276<\/strong><\/p><p>DIRECCI\u00d3N: CALLE RAM\u00d3N TURR\u00d3 77-81, BAJOS. 08005, BARCELONA.<\/p><p>CORREO ELECTR\u00d3NICO: INFO@MERCATFRUTAL.COM<\/p><p>LES ACCIONS DINS DE LA WEB ESTAN SUBJECTES A LES CONDICIONS GENERALS D'\u00daS EXPOSADES A CONTINUACI\u00d3:<\/p><p style=\"padding-left: 40px;\"><strong>1. TERRITORI D'APLICACI\u00d3<\/strong><\/p><p>\u00bfEN QU\u00c9 PA\u00cdSES SE PUEDE COMPRAR ONLINE? ACTUALMENTE PUEDES HACER TU COMPRA ONLINE SI ESTAS EN CUALQUIER LUGAR DE ESPA\u00d1A.<\/p><p>PERO EL ENV\u00cdO DE LOS PRODUCTOS SOLAMENTE SE PUEDE HACER EN LOS SIGUIENTES MUNICIPIOS:\u00a0<strong>BARCELONA, CORNELLA, ESPLUGUES, HOSPITALET DE LLOBREGAT, BADALONA Y STA COLOMA DE GRAMANET.<\/strong><\/p><p style=\"padding-left: 40px;\"><strong>2. PREUS<\/strong><\/p><p>TODOS LOS PRECIOS DE NUESTROS PRODUCTOS EST\u00c1N INDICADOS EN EUROS (\u20ac) Y CORRESPONDEN AL PRECIO UNITARIO CON IVA INCLUIDO, PERO NO INCLUYE LOS GASTOS DE ENV\u00cdO, LOS CUALES SON ESPEC\u00cdFICOS PARA CADA PEDIDO, Y COMUNICADOS POR MERCAT FRUTAL EN FUNCI\u00d3N DE LA ZONA DE ENTREGA. EL IMPORTE DE LOS GASTOS DE ENV\u00cdO SER\u00c1 A\u00d1ADIDO AL TOTAL DE LA FACTURA\/PROCESO DE COMPRA.<\/p><ul><li>IVA: COM A REGLA GENERAL S'APLICAR\u00c0 EL TIPUS IMPOSITIU PER AL TERRITORI ESPANYOL.<\/li><li>VIG\u00c8NCIA: ELS PREUS EXPOSATS EN HTTPS:\/\/WWW.MERCATFRUTAL.COM S\u00d3N V\u00c0LIDS EN EL MOMENT DE LA SEVA CONSULTA I PODRAN SER REVISATS I MODIFICATS SI LES CONDICIONS HO REQUEREIXEN EN QUALSEVOL MOMENT. ELS PREUS FACTURATS S\u00d3N ELS QUE ESTIGUIN EN VIGOR EN EL MOMENT DE REALITZAR LA COMANDA.<\/li><li>PRODUCTES EN OFERTA: TOTS ELS PRODUCTES QUE MERCAT FRUTAL PROMOCIONI A UN PREU ESPECIAL ES MOSTRARAN A LA WEB AMB LA INFORMACI\u00d3: PREU D'OFERTA, PREU HABITUAL I DATA DE FINALITZACI\u00d3 DE L'OFERTA O PROMOCI\u00d3. LES OFERTES ESTARAN DISPONIBLES FINS A LA DATA INDICADA, EN AQUEST CAS EL PRODUCTE DESAPAREIXER\u00c0 AUTOM\u00c0TICAMENT DE LA WEB.<p>\u00a0<\/p><strong>3. FORMES DE PAGAMENT<\/strong><\/li><\/ul><p>MERCAT FRUTAL ACTUALMENTE OFRECE LAS SIGUIENTES FORMAS DE PAGO:<\/p><p>1) <strong>TARJETA DE CR\u00c9DITO\/D\u00c9BITO VISA O MASTERCARD<\/strong><\/p><p>2) <strong>TRANSFERENCIA BANCARIA<\/strong>: EN EL CASO DE SER UNA EMPRESA Y HABER CONTRATADO PREVIAMENTE LOS SERVICIOS DE FRUTA PARA OFICINAS A CREDITO.<\/p><ul><li>ET GARANTIM QUE LES TRANSACCIONS REALITZADES EN HTTPS:\/\/WWW.MERCATFRUTAL.COM S\u00d3N 100% SEGURES. TOTES LES OPERACIONS QUE IMPLIQUEN LA TRANSMISSI\u00d3 DE DADES PERSONALS O BANC\u00c0RIES ES REALITZEN UTILITZANT UN ENTORN SEGUR. HTTPS:\/\/WWW.MERCATFRUTAL.COM UTILITZA UN SERVIDOR BASAT EN LA TECNOLOGIA DE SEGURETAT EST\u00c0NDARD SSL (SECURE SOCKET LAYER). TOTA LA INFORMACI\u00d3 QUE ENS TRANSMETIS VIATJA XIFRADA A TRAV\u00c9S DE LA XARXA.<\/li><li>AIX\u00cd MATEIX, LES DADES SOBRE LA TEVA TARGETA DE CR\u00c8DIT NO QUEDEN REGISTRADES EN CAP BASE DE DADES, SIN\u00d3 QUE VAN DIRECTAMENT AL TPV (TERMINAL PUNT DE VENDA) DEL BANC.<\/li><li>A M\u00c9S, T'INFORMEM QUE, EN UN ESFOR\u00c7 PER PROPORCIONAR MAJOR SEGURETAT ALS PROPETARIS DE TARGETES DE CR\u00c8DIT, HEM INCORPORAT EN LA NOSTRA PASSAREL\u00b7LA DE PAGAMENTS EL SISTEMA DE PAGAMENT SEGUR DENOMINAT CES (COMER\u00c7 ELECTR\u00d2NIC SEGUR). D'AQUESTA MANERA, SI ETS TITULAR D'UNA TARGETA \u201cSECURITZADA\u201d SEMPRE PODR\u00c0S EFECTUAR PAGAMENTS AMB TARGETA VISA O MASTERCARD A LA NOSTRA BOTIGA.<\/li><li>EN EL CAS QUE LA TEVA TARGETA NO ESTIGUI ADHERIDA A AQUEST SISTEMA DE PAGAMENT, HTTPS:\/\/WWW.MERCATFRUTAL.COM NOM\u00c9S ADMETR\u00c0 EL PAGAMENT AMB TARGETA DE CR\u00c8DIT VISA O MASTERCARD A CLIENTS AMB ANTIGUITAT I FIABILITAT DEMOSTRADES ANTERIORMENT.<\/li><li>EN AMBD\u00d3S CASOS, EN PAGAR AMB TARGETA VISA O MASTERCARD ES DEMANARAN SEMPRE LES SEG\u00dcENTS DADES: EL N\u00daMERO DE TARGETA, LA DATA DE CADUCITAT, I UN CODI DE VALIDACI\u00d3 QUE COINCIDEIX AMB LES 3 \u00daLTIMES XIFRES DEL N\u00daMERO IMPRESSO EN CURSIVA AL REVERS DE LA SEVA TARGETA VISA O MASTERCARD, OFERINT, D'AQUESTA MANERA, M\u00c9S GARANTIES SOBRE LA SEGURETAT DE LA TRANSACCI\u00d3.<\/li><li>IMPORTANT: EL FRAU AMB TARGETA DE CR\u00c8DIT \u00c9S UN DELICTE, I HTTPS:\/\/WWW.MERCATFRUTAL.COM INTERPOSAR\u00c0 ACCIONS JUDICIALS CONTRA TOT AQUELL QUE REALITZI UNA TRANSACCI\u00d3 FRAUDULENTA A LA NOSTRA BOTIGA ONLINE.<\/li><\/ul><p style=\"padding-left: 40px;\"><strong>4. TERMINIS D'ENTREGA I FORMES D'ENVIAMENT<\/strong><\/p><p>HTTPS:\/\/WWW.MERCATFRUTAL.COM GARANTIZA LA ENTREGA AL TRANSPORTISTA ENTRE LOS PR\u00d3XIMAS 24-72 HORAS H\u00c1BILES A LA REALIZACI\u00d3N DEL PEDIDO, DEPENDIENDO LA FECHA DE ENTREGA O RECOGIDA DEL PEDIDO SI APLICA. Y SIEMPRE QUE EL PRODUCTO SE ENCUENTREN EN STOCK, Y SALVO QUE SE REALICEN EN DOMINGOS Y FESTIVOS, EN CUYO CASO EL PEDIDO SE TRAMITAR\u00c1 EL PRIMER D\u00cdA LABORABLE POSTERIOR AL D\u00cdA DE REALIZACI\u00d3N DE ESTE.<\/p><p>ADEM\u00c1S, SE HA DE TENER EN CUENTA QUE LOS PLAZOS SE COMPUTAN EN D\u00cdAS LABORABLES Y QUE PUEDEN VERSE ALTERADOS POR FIESTAS LOCALES O NACIONALES.<\/p><p>EN EL CAS DE REALITZAR LA COMANDA D'UN PRODUCTE SENSE DISPONIBILITAT IMMEDIATA, S'ENTENDR\u00c0 COM UNA PRECOMANDA I SER\u00c0 CONFIRMADA VIA EMAIL PER HTTPS:\/\/WWW.MERCATFRUTAL.COM AMB LA M\u00c0XIMA BREU POSSIBLE, ON A M\u00c9S S'INDICAR\u00c0 LA DISPONIBILITAT DEL PRODUCTE I EL TERMINI D'ENTREGA PREVIST D'AQUEST. UNA VEGADA EL REBIS PODR\u00c0S ACTIVAR LA COMANDA I QUE S'ENTREGUI EN LA DATA PREVISTA O ANUL\u00b7LAR-LA. HTTPS:\/\/WWW.MERCATFRUTAL.COM ES RESERVA EL DRET DE VARIAR EL TIPUS D'ENVIAMENT I LA COMPANYIA PER LA QUAL ES REALITZA AQUEST, INDEPENDENTMENT DEL QUE S'EXPOSA EN AQUESTES P\u00c0GINES, I SEMPRE QUE NO SUPOSI UN PERJUDICI MANIFEST PER AL CLIENT.<\/p><p>NOTA: NO ES REALITZARAN ENVIAMENTS A APARTATS POSTALS.<\/p><p style=\"padding-left: 40px;\"><strong>5. DESPESES D'ENVIAMENT<\/strong><\/p><p>EN HTTPS:\/\/WWW.MERCATFRUTAL.COM LOS GASTOS DE ENV\u00cdO VAR\u00cdAN EN FUNCI\u00d3N DEL DESTINO DEL ENV\u00cdO.<\/p><p style=\"padding-left: 40px;\"><strong>6. GARANTIA<\/strong><\/p><p>EN CASO DE PRODUCTO DEFECTUOSO, HTTPS:\/\/WWW.MERCATFRUTAL.COM DEBER\u00c1 PROCEDER, SEG\u00daN CORRESPONDA, A LASUSTITUCI\u00d3N, REBAJA DEL PRECIO O RESOLUCI\u00d3N DEL CONTRATO, GESTIONES QUE SER\u00c1N GRATUITAS PARA EL CONSUMIDOR Y USUARIO.<\/p><p>HTTPS:\/\/WWW.MERCATFRUTAL.COM RESPONDE DE LAS FALTAS DE CONFORMIDAD QUE SE MANIFIESTEN EN UN PLAZO DE DOS D\u00cdAS PARA FRUTAS Y VERDURAS Y 7 D\u00cdAS PARA PRODUCTOS ENVASADOS DESDE LA ENTREGA. ADICIONALMENTE, LOS CLIENTES DE HTTPS:\/\/WWW.MERCATFRUTAL.COM SE BENEFICIAN DE LA GARANT\u00cdA DADA POR LOS DISTINTOS FABRICANTES DE CADA UNO DE LOS ART\u00cdCULOS. EN CASO DE PRODUCIRSE UNA AVER\u00cdA EN ALG\u00daN ART\u00cdCULO ADQUIRIDO EN HTTPS:\/\/WWW.MERCATFRUTAL.COM DEBER\u00c1 NOTIFICARLO A TRAV\u00c9S DEL EMAIL INFO@MERCATFRUTAL.COM. DEBER\u00c1 FACILITARNOS EL N\u00daMERO DE ORDEN O PEDIDO. (INDISPENSABLE \u2013 EL N\u00daMERO SE ENTREGA JUNTO AL CORREO ELECTRONICO DE CONFIRMACION DE PEDIDO) Y EL DETALLE DE LA AVER\u00cdA.<\/p><p>ELS DEFECTES O DESPERFECTES DEGUTS A UNA INCORRECTA UTILITZACI\u00d3 O MANIPULACI\u00d3 DEL MATERIAL O EL DESGAST PRODU\u00cfT PER UN \u00daS NORMAL D\u2019AQUEST, NO S\u2019INCLOUEN EN AQUESTA GARANTIA.<br \/>LES MERMES EN LA FUNCIONALITAT DELS ARTICLES, DEGUDES A LES LIMITACIONS DE CONCEPCI\u00d3 D\u2019AQUESTS, TAMB\u00c9 ESTAN EXCLOSES DE LA COBERTURA D\u2019AQUESTA GARANTIA.<\/p><p style=\"padding-left: 40px;\"><strong>7. DEVOLUCIONS<\/strong><\/p><p>EL NOSTRE DEPARTAMENT D\u2019ATENCI\u00d3 AL CLIENT DISPOSA D\u2019UN SERVEI POSTVENDA PER SOLUCIONAR QUALSEVOL PROBLEMA AMB ELS NOSTRES ARTICLES O ENVIAMENTS, A TRAV\u00c9S DEL QUAL INTENTEM OFERIR UNA ATENCI\u00d3 R\u00c0PIDA I EFICA\u00c7 ALS NOSTRES CLIENTS. PODEU CONTACTAR AMB EL SERVEI ESCRIVINT A LA SEG\u00dcENT ADRE\u00c7A DE CORREU ELECTR\u00d2NIC: INFO@MERCATFRUTAL.COM<\/p><p>INFO@MERCATFRUTAL.COM<\/p><p>SI POR CUALQUIER MOTIVO NO QUEDA SATISFECHO CON SU PEDIDO, TIENE UN PLAZO DE 7 D\u00cdAS NATURALES (SIEMPRE Y CUANDO NO SEA UN PRODUCTO PERECEDERO), A CONTAR DESDE LA FECHA DE ENTREGA DEL PEDIDO, PARA EJERCER SU DERECHO DE DESISTIMIENTO. (SEG\u00daN EL ART. 44 DE LA LEY 7\/1996, DE 15 DE ENERO DE ORDENACI\u00d3N DEL COMERCIO MINORISTA MODIFICADA POR LA LEY 47\/2002, DE 19 DE DICIEMBRE).<\/p><p>SI VOLEU REALITZAR UNA DEVOLUCI\u00d3, COMPROVEU PRIMER QUE COMPLIU TOTS ELS REQUISITS SEG\u00dcENTS, ABANS D\u2019ENVIAR-NOS EL PRODUCTE:<\/p><p>NOM\u00c9S ACCEPTAREM DEVOLUCIONS QUAN EL PRODUCTE SIGUI RETORNAT EN PERFECTES CONDICIONS I S\u2019HAGI COMPROVAT EL BON ESTAT I FUNCIONAMENT D\u2019AQUEST.<\/p><p>SI EL PRODUCTE NO FOS RETORNAT EN EL MATEIX EMBALATGE D\u2019ORIGEN EL PRODUCTE PODRIA PATIR UNA DEPRECIACI\u00d3.<\/p><p>ENVIEU UN CORREU ELECTR\u00d2NIC A INFO@MERCATFRUTAL.COM PERQU\u00c8 PUGUEM AUTORITZAR, TRAMITAR I INDICAR-VOS EL M\u00c8TODE DE REALITZAR LA DEVOLUCI\u00d3. SENSE AQUESTA AUTORITZACI\u00d3, EL PRODUCTE NO SER\u00c0 ACCEPTAT I SER\u00c0 RETORNAT A L\u2019ORIGEN.<\/p><p>UNA VEGADA QUE REBEM LA MERCADERIA ALS NOSTRES MAGATZEMS I COMPROVEM QUE ES DONEN TOTES LES CONDICIONS ANTERIORS, HTTPS:\/\/WWW.MERCATFRUTAL.COM ADMETR\u00c0 LA DEVOLUCI\u00d3 DEL PRODUCTE I ES PROCEDIR\u00c0 AL REEMBORSAMENT DEL SEU IMPORT AL N\u00daMERO DE COMPTE QUE HAGUEU INDICAT O A LA TARGETA AMB LA QUAL VAU REALITZAR EL PAGAMENT. TINGUEU EN COMPTE QUE AL TEMPS DE LLIURAMENT HABITUAL S\u2019HA D\u2019AFEGIR EL TEMPS DE TRAMITACI\u00d3 DE LA DEVOLUCI\u00d3. NOM\u00c9S SI LA DEVOLUCI\u00d3 \u00c9S CONSEQ\u00dc\u00c8NCIA D\u2019UN ERROR EN LA PREPARACI\u00d3 DE LA COMANDA PEL NOSTRE SERVEI DE VENDA ONLINE, TOTES LES DESPESES D\u2019ENVIAMENT S\u00d3N PAGADES PER HTTPS:\/\/WWW.MERCATFRUTAL.COM. EN AQUEST CAS \u00c9S IMPRESCINDIBLE QUE CONTACTEU AMB EL NOSTRE SERVEI D\u2019ATENCI\u00d3 AL CLIENT PER FIXAR ELS DETALLS DE LA DEVOLUCI\u00d3.<\/p><p>SI EL PRODUCTE \u00c9S PERIBLE, NO \u00c9S D\u2019APLICACI\u00d3 EL DRET DE DESISTIMENT, DEVOLUCI\u00d3 O CANVI, TAL COM S\u2019INDICA A L\u2019EXCEPCI\u00d3 \u201cD\u201d EXPOSTA A L\u2019ARTICLE 103 EXCEPCIONS DEL DRET DE DESISTIMENT DEL REIAL DECRET LEGISLATIU 1\/2007: \u201cEL SUBMINISTRAMENT DE B\u00c9NS QUE ES PUGUIN DETERIORAR O CADUCAR AMB RAPIDESA\u201d.<\/p><p style=\"padding-left: 40px;\"><strong>8. CANVIS<\/strong><\/p><p>SI EL QUE VOLEU \u00c9S REALITZAR UN CANVI, CONTACTEU AMB EL NOSTRE SERVEI D\u2019ATENCI\u00d3 AL CLIENT A TRAV\u00c9S DEL CORREU ELECTR\u00d2NIC INFO@MERCATFRUTAL.COM. EL NOSTRE EQUIP CONTACTAR\u00c0 AMB VOSALTRES VIA CORREU ELECTR\u00d2NIC O AL TEL\u00c8FON DE CONTACTE QUE HAGUEU INDICAT.<\/p><p>NOM\u00c9S SI EL CANVI \u00c9S CONSEQ\u00dc\u00c8NCIA D\u2019UN ERROR EN LA PREPARACI\u00d3 DE LA COMANDA PEL NOSTRE SERVEI DE VENDA ONLINE, TOTES LES DESPESES D\u2019ENVIAMENT S\u00d3N PAGADES PER HTTPS:\/\/WWW.MERCATFRUTAL.COM. EN AQUEST CAS \u00c9S IMPRESCINDIBLE QUE CONTACTEU AMB EL NOSTRE SERVEI D\u2019ATENCI\u00d3 AL CLIENT PER FIXAR ELS DETALLS DEL CANVI. UNA VEGADA QUE REBEM LA MERCADERIA ALS NOSTRES MAGATZEMS I COMPROVEM QUE ES DONEN TOTES LES CONDICIONS ANTERIORS, HTTPS:\/\/WWW.MERCATFRUTAL.COM ADMETR\u00c0 EL CANVI DEL PRODUCTE I ES PROCEDIR\u00c0 A L\u2019ENVIAMENT DEL PRODUCTE SOL\u00b7LICITAT. SI L\u2019IMPORT PER LA DIFER\u00c8NCIA DEL CANVI FOS MAJOR, S\u2019ENVIAR\u00c0 D\u2019ACORD AMB ELS SISTEMES DE PAGAMENT ADMESOS EN LES PRESENTS CONDICIONS. EN EL CAS QUE LA DIFER\u00c8NCIA DE PREUS DELS DOS ARTICLES SIGUI A FAVOR DEL CLIENT ES PROCEDIR\u00c0 A LA DEVOLUCI\u00d3 DE L\u2019IMPORT MITJAN\u00c7ANT TRANSFER\u00c8NCIA BANC\u00c0RIA AL COMPTE INDICAT O A LA TARGETA AMB LA QUAL ES VA REALITZAR EL PAGAMENT.<\/p><p style=\"padding-left: 40px;\"><strong>9. LIMITACI\u00d3 DE RESPONSABILITAT<\/strong><\/p><p>HTTPS:\/\/WWW.MERCATFRUTAL.COM NO ES POT FER RESPONSABLE PER RETARDS O ERRORS EN EL LLIURAMENT CAUSATS PER CIRCUMST\u00c0NCIES M\u00c9S ENLL\u00c0 DEL SEU CONTROL RAONABLE. TALS CIRCUMST\u00c0NCIES INCLOUEN VAGUES, GUERRES, CATASTR\u00d2FES NATURALS O QUALSI VOL ALTRA SITUACI\u00d3 QUE PUGUI IMPEDIR LA PRODUCCI\u00d3, EL TRANSPORT O EL LLIURAMENT DELS PRODUCTES.<\/p><p style=\"padding-left: 40px;\"><strong>10. MENORS D\u2019EDAT<\/strong><\/p><p>NO VENEM PRODUCTES A MENORS D\u2019EDAT. ELS PRODUCTES QUE VENEM HAN DE SER COMPRATS PER ADULTS.<\/p><p style=\"padding-left: 40px;\"><strong>11. DISPONIBILITAT<\/strong><\/p><p>EL FET D\u2019INCL\u00d2URE UN PRODUCTE A LA NOSTRA WEB NO IMPLICA DISPONIBILITAT A LA BOTIGA. PER TANT, HTTPS:\/\/WWW.MERCATFRUTAL.COM NO POT GARANTIR LA DISPONIBILITAT TOTAL DELS PRODUCTES ANUNCIATS A LA WEB. LA DISPONIBILITAT DE CADA PRODUCTE DEP\u00c8N DE LA DEMANDA DELS CLIENTS.<\/p>\t\t\t\t\t\t\t\t<\/div>\n\t\t\t\t<\/div>\n\t\t\t\t\t<\/div>\n\t\t\t\t<\/div>\n\t\t\t\t<\/div>","protected":false},"excerpt":{"rendered":"<p>POLITICA DE ENVIOS Y DEVOLUCIONES DATOS DEL RESPONSABLE DEL TRATAMIENTO CIRCUIT FRUTAL, SL (EN ADELANTE, MERCAT FRUTAL) CIF: B13831276 DIRECCI\u00d3N: CALLE RAM\u00d3N TURR\u00d3 77-81, BAJOS. 08005, BARCELONA. CORREO ELECTR\u00d3NICO: INFO@MERCATFRUTAL.COM LAS ACCIONES DENTRO DE LA WEB EST\u00c1N SUJETAS A LAS CONDICIONES GENERALES DE USO EXPUESTAS A CONTINUACI\u00d3N: 1. TERRITORIO DE APLICACI\u00d3N \u00bfEN QU\u00c9 PA\u00cdSES SE [&hellip;]<\/p>","protected":false},"author":1,"featured_media":0,"parent":0,"menu_order":0,"comment_status":"closed","ping_status":"closed","template":"elementor_header_footer","meta":{"content-type":"","footnotes":""},"class_list":["post-249","page","type-page","status-publish","hentry"],"yoast_head":"<!-- This site is optimized with the Yoast SEO plugin v26.9 - https:\/\/yoast.com\/product\/yoast-seo-wordpress\/ -->\n<title>Pol\u00edtica de env\u00edos y devoluciones - Mercat Frutal<\/title>\n<meta name=\"description\" content=\"POL\u00cdTICA DE ENV\u00cdOS Y DEVOLUCIONES. LAS ACCIONES DENTRO DE LA WEB EST\u00c1N SUJETAS A LAS CONDICIONES GENERALES DE USO EXPUESTAS A CONTINUACI\u00d3N:\" \/>\n<meta name=\"robots\" content=\"noindex, nofollow\" \/>\n<meta property=\"og:locale\" content=\"ca_ES\" \/>\n<meta property=\"og:type\" content=\"article\" \/>\n<meta property=\"og:title\" content=\"Pol\u00edtica de env\u00edos y devoluciones - Mercat Frutal\" \/>\n<meta property=\"og:description\" content=\"POL\u00cdTICA DE ENV\u00cdOS Y DEVOLUCIONES. LAS ACCIONES DENTRO DE LA WEB EST\u00c1N SUJETAS A LAS CONDICIONES GENERALES DE USO EXPUESTAS A CONTINUACI\u00d3N:\" \/>\n<meta property=\"og:url\" content=\"https:\/\/dev.mercatfrutal.com\/ca\/politica-de-envios-y-devoluciones\/\" \/>\n<meta property=\"og:site_name\" content=\"Mercat Frutal\" \/>\n<meta property=\"article:modified_time\" content=\"2025-02-21T12:35:55+00:00\" \/>\n<meta property=\"og:image\" content=\"https:\/\/dev.mercatfrutal.com\/wp-content\/uploads\/2024\/07\/Mercat-Frutal-Fachada-scaled.jpg\" \/>\n\t<meta property=\"og:image:width\" content=\"2560\" \/>\n\t<meta property=\"og:image:height\" content=\"1508\" \/>\n\t<meta property=\"og:image:type\" content=\"image\/jpeg\" \/>\n<meta name=\"twitter:card\" content=\"summary_large_image\" \/>\n<meta name=\"twitter:label1\" content=\"Temps estimat de lectura\" \/>\n\t<meta name=\"twitter:data1\" content=\"8 minuts\" \/>\n<script type=\"application\/ld+json\" class=\"yoast-schema-graph\">{\"@context\":\"https:\/\/schema.org\",\"@graph\":[{\"@type\":\"WebPage\",\"@id\":\"https:\/\/dev.mercatfrutal.com\/politica-de-envios-y-devoluciones\/\",\"url\":\"https:\/\/dev.mercatfrutal.com\/politica-de-envios-y-devoluciones\/\",\"name\":\"Pol\u00edtica de env\u00edos y devoluciones - Mercat Frutal\",\"isPartOf\":{\"@id\":\"https:\/\/dev.mercatfrutal.com\/#website\"},\"datePublished\":\"2024-01-16T22:11:46+00:00\",\"dateModified\":\"2025-02-21T12:35:55+00:00\",\"description\":\"POL\u00cdTICA DE ENV\u00cdOS Y DEVOLUCIONES. LAS ACCIONES DENTRO DE LA WEB EST\u00c1N SUJETAS A LAS CONDICIONES GENERALES DE USO EXPUESTAS A CONTINUACI\u00d3N:\",\"breadcrumb\":{\"@id\":\"https:\/\/dev.mercatfrutal.com\/politica-de-envios-y-devoluciones\/#breadcrumb\"},\"inLanguage\":\"ca\",\"potentialAction\":[{\"@type\":\"ReadAction\",\"target\":[\"https:\/\/dev.mercatfrutal.com\/politica-de-envios-y-devoluciones\/\"]}]},{\"@type\":\"BreadcrumbList\",\"@id\":\"https:\/\/dev.mercatfrutal.com\/politica-de-envios-y-devoluciones\/#breadcrumb\",\"itemListElement\":[{\"@type\":\"ListItem\",\"position\":1,\"name\":\"Portada\",\"item\":\"https:\/\/dev.mercatfrutal.com\/\"},{\"@type\":\"ListItem\",\"position\":2,\"name\":\"Pol\u00edtica de env\u00edos y devoluciones\"}]},{\"@type\":\"WebSite\",\"@id\":\"https:\/\/dev.mercatfrutal.com\/#website\",\"url\":\"https:\/\/dev.mercatfrutal.com\/\",\"name\":\"Mercat Frutal\",\"description\":\"\",\"publisher\":{\"@id\":\"https:\/\/dev.mercatfrutal.com\/#organization\"},\"alternateName\":\"Mercat Frutal\",\"potentialAction\":[{\"@type\":\"SearchAction\",\"target\":{\"@type\":\"EntryPoint\",\"urlTemplate\":\"https:\/\/dev.mercatfrutal.com\/?s={search_term_string}\"},\"query-input\":{\"@type\":\"PropertyValueSpecification\",\"valueRequired\":true,\"valueName\":\"search_term_string\"}}],\"inLanguage\":\"ca\"},{\"@type\":\"Organization\",\"@id\":\"https:\/\/dev.mercatfrutal.com\/#organization\",\"name\":\"Mercat Frutal\",\"url\":\"https:\/\/dev.mercatfrutal.com\/\",\"logo\":{\"@type\":\"ImageObject\",\"inLanguage\":\"ca\",\"@id\":\"https:\/\/dev.mercatfrutal.com\/#\/schema\/logo\/image\/\",\"url\":\"https:\/\/dev.mercatfrutal.com\/wp-content\/uploads\/2024\/01\/LOGO-FRUTAL3.png\",\"contentUrl\":\"https:\/\/dev.mercatfrutal.com\/wp-content\/uploads\/2024\/01\/LOGO-FRUTAL3.png\",\"width\":1024,\"height\":382,\"caption\":\"Mercat Frutal\"},\"image\":{\"@id\":\"https:\/\/dev.mercatfrutal.com\/#\/schema\/logo\/image\/\"}}]}<\/script>\n<!-- \/ Yoast SEO plugin. -->","yoast_head_json":{"title":"Pol\u00edtica de env\u00edos y devoluciones - Mercat Frutal","description":"POL\u00cdTICA DE ENV\u00cdOS Y DEVOLUCIONES. LAS ACCIONES DENTRO DE LA WEB EST\u00c1N SUJETAS A LAS CONDICIONES GENERALES DE USO EXPUESTAS A CONTINUACI\u00d3N:","robots":{"index":"noindex","follow":"nofollow"},"og_locale":"ca_ES","og_type":"article","og_title":"Pol\u00edtica de env\u00edos y devoluciones - Mercat Frutal","og_description":"POL\u00cdTICA DE ENV\u00cdOS Y DEVOLUCIONES. LAS ACCIONES DENTRO DE LA WEB EST\u00c1N SUJETAS A LAS CONDICIONES GENERALES DE USO EXPUESTAS A CONTINUACI\u00d3N:","og_url":"https:\/\/dev.mercatfrutal.com\/ca\/politica-de-envios-y-devoluciones\/","og_site_name":"Mercat Frutal","article_modified_time":"2025-02-21T12:35:55+00:00","og_image":[{"width":2560,"height":1508,"url":"https:\/\/dev.mercatfrutal.com\/wp-content\/uploads\/2024\/07\/Mercat-Frutal-Fachada-scaled.jpg","type":"image\/jpeg"}],"twitter_card":"summary_large_image","twitter_misc":{"Temps estimat de lectura":"8 minuts"},"schema":{"@context":"https:\/\/schema.org","@graph":[{"@type":"WebPage","@id":"https:\/\/dev.mercatfrutal.com\/politica-de-envios-y-devoluciones\/","url":"https:\/\/dev.mercatfrutal.com\/politica-de-envios-y-devoluciones\/","name":"Pol\u00edtica de env\u00edos y devoluciones - Mercat Frutal","isPartOf":{"@id":"https:\/\/dev.mercatfrutal.com\/#website"},"datePublished":"2024-01-16T22:11:46+00:00","dateModified":"2025-02-21T12:35:55+00:00","description":"POL\u00cdTICA DE ENV\u00cdOS Y DEVOLUCIONES. LAS ACCIONES DENTRO DE LA WEB EST\u00c1N SUJETAS A LAS CONDICIONES GENERALES DE USO EXPUESTAS A CONTINUACI\u00d3N:","breadcrumb":{"@id":"https:\/\/dev.mercatfrutal.com\/politica-de-envios-y-devoluciones\/#breadcrumb"},"inLanguage":"ca","potentialAction":[{"@type":"ReadAction","target":["https:\/\/dev.mercatfrutal.com\/politica-de-envios-y-devoluciones\/"]}]},{"@type":"BreadcrumbList","@id":"https:\/\/dev.mercatfrutal.com\/politica-de-envios-y-devoluciones\/#breadcrumb","itemListElement":[{"@type":"ListItem","position":1,"name":"Portada","item":"https:\/\/dev.mercatfrutal.com\/"},{"@type":"ListItem","position":2,"name":"Pol\u00edtica de env\u00edos y devoluciones"}]},{"@type":"WebSite","@id":"https:\/\/dev.mercatfrutal.com\/#website","url":"https:\/\/dev.mercatfrutal.com\/","name":"Mercat Frutal","description":"","publisher":{"@id":"https:\/\/dev.mercatfrutal.com\/#organization"},"alternateName":"Mercat Frutal","potentialAction":[{"@type":"SearchAction","target":{"@type":"EntryPoint","urlTemplate":"https:\/\/dev.mercatfrutal.com\/?s={search_term_string}"},"query-input":{"@type":"PropertyValueSpecification","valueRequired":true,"valueName":"search_term_string"}}],"inLanguage":"ca"},{"@type":"Organization","@id":"https:\/\/dev.mercatfrutal.com\/#organization","name":"Mercat Frutal","url":"https:\/\/dev.mercatfrutal.com\/","logo":{"@type":"ImageObject","inLanguage":"ca","@id":"https:\/\/dev.mercatfrutal.com\/#\/schema\/logo\/image\/","url":"https:\/\/dev.mercatfrutal.com\/wp-content\/uploads\/2024\/01\/LOGO-FRUTAL3.png","contentUrl":"https:\/\/dev.mercatfrutal.com\/wp-content\/uploads\/2024\/01\/LOGO-FRUTAL3.png","width":1024,"height":382,"caption":"Mercat Frutal"},"image":{"@id":"https:\/\/dev.mercatfrutal.com\/#\/schema\/logo\/image\/"}}]}},"jetpack_sharing_enabled":true,"_links":{"self":[{"href":"https:\/\/dev.mercatfrutal.com\/ca\/wp-json\/wp\/v2\/pages\/249","targetHints":{"allow":["GET"]}}],"collection":[{"href":"https:\/\/dev.mercatfrutal.com\/ca\/wp-json\/wp\/v2\/pages"}],"about":[{"href":"https:\/\/dev.mercatfrutal.com\/ca\/wp-json\/wp\/v2\/types\/page"}],"author":[{"embeddable":true,"href":"https:\/\/dev.mercatfrutal.com\/ca\/wp-json\/wp\/v2\/users\/1"}],"replies":[{"embeddable":true,"href":"https:\/\/dev.mercatfrutal.com\/ca\/wp-json\/wp\/v2\/comments?post=249"}],"version-history":[{"count":17,"href":"https:\/\/dev.mercatfrutal.com\/ca\/wp-json\/wp\/v2\/pages\/249\/revisions"}],"predecessor-version":[{"id":7679,"href":"https:\/\/dev.mercatfrutal.com\/ca\/wp-json\/wp\/v2\/pages\/249\/revisions\/7679"}],"wp:attachment":[{"href":"https:\/\/dev.mercatfrutal.com\/ca\/wp-json\/wp\/v2\/media?parent=249"}],"curies":[{"name":"wp","href":"https:\/\/api.w.org\/{rel}","templated":true}]}}