{"id":255,"date":"2024-01-16T22:27:18","date_gmt":"2024-01-16T22:27:18","guid":{"rendered":"https:\/\/dev.mercatfrutal.com\/?page_id=255"},"modified":"2025-02-21T14:35:49","modified_gmt":"2025-02-21T12:35:49","slug":"politica-de-cookies","status":"publish","type":"page","link":"https:\/\/dev.mercatfrutal.com\/ca\/politica-de-cookies\/","title":{"rendered":"Pol\u00edtica de Cookies"},"content":{"rendered":"<div data-elementor-type=\"wp-page\" data-elementor-id=\"255\" class=\"elementor elementor-255\" data-elementor-post-type=\"page\">\n\t\t\t\t<div class=\"elementor-element elementor-element-bfbcc74 e-flex e-con-boxed e-con e-parent\" data-id=\"bfbcc74\" data-element_type=\"container\">\n\t\t\t\t\t<div class=\"e-con-inner\">\n\t\t\t\t<div class=\"elementor-element elementor-element-f0ba633 elementor-widget elementor-widget-heading\" data-id=\"f0ba633\" data-element_type=\"widget\" data-widget_type=\"heading.default\">\n\t\t\t\t<div class=\"elementor-widget-container\">\n\t\t\t\t\t<h1 class=\"elementor-heading-title elementor-size-default\">Pol\u00edtica de Cookies\n<\/h1>\t\t\t\t<\/div>\n\t\t\t\t<\/div>\n\t\t\t\t<div class=\"elementor-element elementor-element-e773215 elementor-widget elementor-widget-text-editor\" data-id=\"e773215\" data-element_type=\"widget\" data-widget_type=\"text-editor.default\">\n\t\t\t\t<div class=\"elementor-widget-container\">\n\t\t\t\t\t\t\t\t\t<p>UNA COOKIE \u00c9S UN PETIT FITXER DE TEXT QUE S'EMMAGATZEMA EN EL SEU NAVEGADOR QUAN VISITA GAIREB\u00c9 QUALSEVOL P\u00c0GINA WEB. LA SEVA UTILITAT \u00c9S QUE LA WEB SIGUI CAPA\u00c7 DE RECORDAR LA SEVA VISITA QUAN TORNEU A NAVEGAR PER AQUESTA P\u00c0GINA. LES COOKIES SOLEN EMMAGATZEMAR INFORMACI\u00d3 DE CAR\u00c0CTER T\u00c8CNIC, PREFER\u00c8NCIES PERSONALS, PERSONALITZACI\u00d3 DE CONTINGUTS, ESTAD\u00cdSTIQUES D'\u00daS, ENLLA\u00c7OS A XARXES SOCIALS, ACC\u00c9S A COMPTES D'USUARI, ETC. L'OBJECTIU DE LA COOKIE \u00c9S ADAPTAR EL CONTINGUT DE LA WEB AL SEU PERFIL I NECESSITATS, SENSE COOKIES ELS SERVEIS OFERITS PER QUALSEVOL P\u00c0GINA S'VEURAN MERMATS NOTABLEMENT. SI DESITJA CONSULTAR M\u00c9S INFORMACI\u00d3 SOBRE QU\u00c8 S\u00d3N LES COOKIES, QU\u00c8 EMMAGATZETEN, COM ELIMINAR-LES, DESACTIVAR-LES, ETC., LI PREGUEM S'ADRE\u00c7A A AQUEST ENLLA\u00c7.<\/p><p><strong>COOKIES UTILITZADES EN AQUEST LLOC WEB<\/strong><\/p><p>SEG\u00dcENT LES DIRECTRIUS DE L'AG\u00c8NCIA ESPANYOLA DE PROTECCI\u00d3 DE DADES PROCEDIM A DETALLAR L'\u00daS DE COOKIES QUE FA AQUESTA WEB AMB LA FI D'INFORMAR-LI AMB LA M\u00c0XIMA EXACTITUD POSSIBLE.<\/p><p><strong>AQUEST LLOC WEB UTILITZA LES SEG\u00dcENTS COOKIES PR\u00d2PIES:<\/strong><\/p><p>COOKIES DE SESSI\u00d3, PER A GARANTIR QUE ELS USUARIS QUE ESCRIUEN COMENTARIS EN EL BLOG SIGUIN HUMANS I NO APLICACIONS AUTOMATITZADES. D'AQUESTA FORMA ES COMBAT L'SPAM.<\/p><p>AQUEST LLOC WEB UTILITZA LES SEG\u00dcENTS COOKIES DE TERCERS:<\/p><p><strong>GOOGLE ANALYTICS:<\/strong> MAGATZEM COOKIES PER PODER ELABORAR ESTAD\u00cdSTIQUES SOBRE EL TR\u00c0NSIT I VOLUM DE VISITES D'AQUESTA WEB. EN UTILITZAR AQUEST LLOC WEB EST\u00c0 CONSINTINT EL TRACTAMENT D'INFORMACI\u00d3 SOBRE VOST\u00c8 PER GOOGLE. PER TANT, L'EXERCICI DE QUALSEVOL DRET EN AQUEST SENTIT HAUR\u00c0 DE FER-HO COMUNICANT DIRECTAMENT AMB GOOGLE.<\/p><p><strong>XARXES SOCIALS:<\/strong> CADA XARXA SOCIAL UTILITZA LES SEVES PR\u00d2PIES COOKIES PERQU\u00c8 VOST\u00c8 PUGUI PUNXAR EN BOTONS DEL TIPUS M'AGRADA O COMPARTIR.<\/p><p><strong>DESACTIVACI\u00d3 O ELIMINACI\u00d3 DE COOKIES<\/strong><\/p><p>EN QUALSEVOL MOMENT PODRIA EXERCIR EL SEU DRET DE DESACTIVACI\u00d3 O ELIMINACI\u00d3 DE COOKIES D'AQUEST LLOC WEB. AQUESTES ACCIONS ES REALITZEN DE FORMA DIFERENT EN FUNCI\u00d3 DEL NAVEGADOR QUE ESTA USANT. AQU\u00cd LI DEIXEM UNA GUIA R\u00c0PIDA PER ALS NAVEGADORS M\u00c9S POPULARS.<\/p><p><strong>NOTES ADDICIONALS<\/strong><\/p><p>NI AQUESTA WEB NI ELS SEUS REPRESENTANTS LEGALS ES FAN RESPONSABLES NI DEL CONTINGUT NI DE LA VERACITAT DE LES POL\u00cdTIQUES DE PRIVACITAT QUE PUGUIN TENIR ELS TERCERS ESMENTATS EN AQUESTA POL\u00cdTICA DE COOKIES.<\/p><p>ELS NAVEGADORS WEB S\u00d3N LES EINES ENCARREGADES D'EMMAGATZEMAR LES COOKIES I DES D'AQUEST LLOC HA D'EFECTUAR EL SEU DRET A ELIMINACI\u00d3 O DESACTIVACI\u00d3 DE LES MATEIXES. NI AQUESTA WEB NI ELS SEUS REPRESENTANTS LEGALS PODEN GARANTIR LA CORRECTA O INCORRECTA MANIPULACI\u00d3 DE LES COOKIES PER PART DELS ESMENTATS NAVEGADORS.<\/p><p>EN ALGUNS CASOS \u00c9S NECESSARI INSTAL\u00b7LAR COOKIES PERQU\u00c8 EL NAVEGADOR NO OBLIDEIX LA SEVA DECISI\u00d3 DE NO ACCEPTACI\u00d3 DE LES MATEIXES.<\/p><p>EN EL CAS DE LES COOKIES DE GOOGLE ANALYTICS, AQUESTA EMPRESA EMMAGATZEMA LES COOKIES EN SERVIDORS UBICATS ALS ESTATS UNITS I ES COMPROMET A NO COMPARTIR-LA AMB TERCERS, EXCEPTE EN ELS CASOS EN ELS QUALS SIGUI NECESSARI PER AL FUNCIONAMENT TAL EFECTE. SEGONS GOOGLE NO GUARDA LA SEVA ADRE\u00c7A IP. GOOGLE INC. \u00c9S UNA COMPANYIA ADHERIDA A L'ACORD DE PORT SEGUR QUE GARANTEIX QUE TOTES LES DADES TRANSFERIDES SERAN TRACTADES AMB UN NIVELL DE PROTECCI\u00d3 ACORD A LA NORMATIVA EUROPEA. POT CONSULTAR INFORMACI\u00d3 DETALLADA A AQUEST RESPECTE EN AQUEST ENLLA\u00c7. SI VOLEU INFORMACI\u00d3 SOBRE L'\u00daS QUE GOOGLE D\u00d3NA A LES COOKIES LI ADJUNTEM AQUEST ALTRE ENLLA\u00c7.<\/p><p>PER A QUALSEVOL DUBTE O CONSULTA SOBRE AQUESTA POL\u00cdTICA DE COOKIES NO DUBTI EN COMUNICAR-SE AMB NOSALTRES A TRAV\u00c9S DE LA SECCI\u00d3 DE CONTACTE.<\/p>\t\t\t\t\t\t\t\t<\/div>\n\t\t\t\t<\/div>\n\t\t\t\t\t<\/div>\n\t\t\t\t<\/div>\n\t\t\t\t<\/div>","protected":false},"excerpt":{"rendered":"<p>Pol\u00edtica de Cookies UNA COOKIE ES UN PEQUE\u00d1O FICHERO DE TEXTO QUE SE ALMACENA EN SU NAVEGADOR CUANDO VISITA CASI CUALQUIER P\u00c1GINA WEB. SU UTILIDAD ES QUE LA WEB SEA CAPAZ DE RECORDAR SU VISITA CUANDO VUELVA A NAVEGAR POR ESA P\u00c1GINA. LAS COOKIES SUELEN ALMACENAR INFORMACI\u00d3N DE CAR\u00c1CTER T\u00c9CNICO, PREFERENCIAS PERSONALES, PERSONALIZACI\u00d3N DE CONTENIDOS, [&hellip;]<\/p>","protected":false},"author":1,"featured_media":0,"parent":0,"menu_order":0,"comment_status":"closed","ping_status":"closed","template":"elementor_header_footer","meta":{"content-type":"","footnotes":""},"class_list":["post-255","page","type-page","status-publish","hentry"],"yoast_head":"<!-- This site is optimized with the Yoast SEO plugin v26.9 - https:\/\/yoast.com\/product\/yoast-seo-wordpress\/ -->\n<title>Pol\u00edtica de Cookies - Mercat Frutal<\/title>\n<meta name=\"description\" content=\"POL\u00cdTICA DE COOKIES. PROCEDEMOS A DETALLAR EL USO DE COOKIES QUE HACE ESTA WEB CON EL FIN DE INFORMARLE CON LA M\u00c1XIMA EXACTITUD POSIBLE.\" \/>\n<meta name=\"robots\" content=\"noindex, nofollow\" \/>\n<meta property=\"og:locale\" content=\"ca_ES\" \/>\n<meta property=\"og:type\" content=\"article\" \/>\n<meta property=\"og:title\" content=\"Pol\u00edtica de Cookies - Mercat Frutal\" \/>\n<meta property=\"og:description\" content=\"POL\u00cdTICA DE COOKIES. PROCEDEMOS A DETALLAR EL USO DE COOKIES QUE HACE ESTA WEB CON EL FIN DE INFORMARLE CON LA M\u00c1XIMA EXACTITUD POSIBLE.\" \/>\n<meta property=\"og:url\" content=\"https:\/\/dev.mercatfrutal.com\/ca\/politica-de-cookies\/\" \/>\n<meta property=\"og:site_name\" content=\"Mercat Frutal\" \/>\n<meta property=\"article:modified_time\" content=\"2025-02-21T12:35:49+00:00\" \/>\n<meta property=\"og:image\" content=\"https:\/\/dev.mercatfrutal.com\/wp-content\/uploads\/2024\/07\/Mercat-Frutal-Fachada-scaled.jpg\" \/>\n\t<meta property=\"og:image:width\" content=\"2560\" \/>\n\t<meta property=\"og:image:height\" content=\"1508\" \/>\n\t<meta property=\"og:image:type\" content=\"image\/jpeg\" \/>\n<meta name=\"twitter:card\" content=\"summary_large_image\" \/>\n<meta name=\"twitter:label1\" content=\"Temps estimat de lectura\" \/>\n\t<meta name=\"twitter:data1\" content=\"3 minuts\" \/>\n<script type=\"application\/ld+json\" class=\"yoast-schema-graph\">{\"@context\":\"https:\/\/schema.org\",\"@graph\":[{\"@type\":\"WebPage\",\"@id\":\"https:\/\/dev.mercatfrutal.com\/politica-de-cookies\/\",\"url\":\"https:\/\/dev.mercatfrutal.com\/politica-de-cookies\/\",\"name\":\"Pol\u00edtica de Cookies - Mercat Frutal\",\"isPartOf\":{\"@id\":\"https:\/\/dev.mercatfrutal.com\/#website\"},\"datePublished\":\"2024-01-16T22:27:18+00:00\",\"dateModified\":\"2025-02-21T12:35:49+00:00\",\"description\":\"POL\u00cdTICA DE COOKIES. PROCEDEMOS A DETALLAR EL USO DE COOKIES QUE HACE ESTA WEB CON EL FIN DE INFORMARLE CON LA M\u00c1XIMA EXACTITUD POSIBLE.\",\"breadcrumb\":{\"@id\":\"https:\/\/dev.mercatfrutal.com\/politica-de-cookies\/#breadcrumb\"},\"inLanguage\":\"ca\",\"potentialAction\":[{\"@type\":\"ReadAction\",\"target\":[\"https:\/\/dev.mercatfrutal.com\/politica-de-cookies\/\"]}]},{\"@type\":\"BreadcrumbList\",\"@id\":\"https:\/\/dev.mercatfrutal.com\/politica-de-cookies\/#breadcrumb\",\"itemListElement\":[{\"@type\":\"ListItem\",\"position\":1,\"name\":\"Portada\",\"item\":\"https:\/\/dev.mercatfrutal.com\/\"},{\"@type\":\"ListItem\",\"position\":2,\"name\":\"Pol\u00edtica de Cookies\"}]},{\"@type\":\"WebSite\",\"@id\":\"https:\/\/dev.mercatfrutal.com\/#website\",\"url\":\"https:\/\/dev.mercatfrutal.com\/\",\"name\":\"Mercat Frutal\",\"description\":\"\",\"publisher\":{\"@id\":\"https:\/\/dev.mercatfrutal.com\/#organization\"},\"alternateName\":\"Mercat Frutal\",\"potentialAction\":[{\"@type\":\"SearchAction\",\"target\":{\"@type\":\"EntryPoint\",\"urlTemplate\":\"https:\/\/dev.mercatfrutal.com\/?s={search_term_string}\"},\"query-input\":{\"@type\":\"PropertyValueSpecification\",\"valueRequired\":true,\"valueName\":\"search_term_string\"}}],\"inLanguage\":\"ca\"},{\"@type\":\"Organization\",\"@id\":\"https:\/\/dev.mercatfrutal.com\/#organization\",\"name\":\"Mercat Frutal\",\"url\":\"https:\/\/dev.mercatfrutal.com\/\",\"logo\":{\"@type\":\"ImageObject\",\"inLanguage\":\"ca\",\"@id\":\"https:\/\/dev.mercatfrutal.com\/#\/schema\/logo\/image\/\",\"url\":\"https:\/\/dev.mercatfrutal.com\/wp-content\/uploads\/2024\/01\/LOGO-FRUTAL3.png\",\"contentUrl\":\"https:\/\/dev.mercatfrutal.com\/wp-content\/uploads\/2024\/01\/LOGO-FRUTAL3.png\",\"width\":1024,\"height\":382,\"caption\":\"Mercat Frutal\"},\"image\":{\"@id\":\"https:\/\/dev.mercatfrutal.com\/#\/schema\/logo\/image\/\"}}]}<\/script>\n<!-- \/ Yoast SEO plugin. -->","yoast_head_json":{"title":"Pol\u00edtica de Cookies - Mercat Frutal","description":"POL\u00cdTICA DE COOKIES. PROCEDEMOS A DETALLAR EL USO DE COOKIES QUE HACE ESTA WEB CON EL FIN DE INFORMARLE CON LA M\u00c1XIMA EXACTITUD POSIBLE.","robots":{"index":"noindex","follow":"nofollow"},"og_locale":"ca_ES","og_type":"article","og_title":"Pol\u00edtica de Cookies - Mercat Frutal","og_description":"POL\u00cdTICA DE COOKIES. PROCEDEMOS A DETALLAR EL USO DE COOKIES QUE HACE ESTA WEB CON EL FIN DE INFORMARLE CON LA M\u00c1XIMA EXACTITUD POSIBLE.","og_url":"https:\/\/dev.mercatfrutal.com\/ca\/politica-de-cookies\/","og_site_name":"Mercat Frutal","article_modified_time":"2025-02-21T12:35:49+00:00","og_image":[{"width":2560,"height":1508,"url":"https:\/\/dev.mercatfrutal.com\/wp-content\/uploads\/2024\/07\/Mercat-Frutal-Fachada-scaled.jpg","type":"image\/jpeg"}],"twitter_card":"summary_large_image","twitter_misc":{"Temps estimat de lectura":"3 minuts"},"schema":{"@context":"https:\/\/schema.org","@graph":[{"@type":"WebPage","@id":"https:\/\/dev.mercatfrutal.com\/politica-de-cookies\/","url":"https:\/\/dev.mercatfrutal.com\/politica-de-cookies\/","name":"Pol\u00edtica de Cookies - Mercat Frutal","isPartOf":{"@id":"https:\/\/dev.mercatfrutal.com\/#website"},"datePublished":"2024-01-16T22:27:18+00:00","dateModified":"2025-02-21T12:35:49+00:00","description":"POL\u00cdTICA DE COOKIES. PROCEDEMOS A DETALLAR EL USO DE COOKIES QUE HACE ESTA WEB CON EL FIN DE INFORMARLE CON LA M\u00c1XIMA EXACTITUD POSIBLE.","breadcrumb":{"@id":"https:\/\/dev.mercatfrutal.com\/politica-de-cookies\/#breadcrumb"},"inLanguage":"ca","potentialAction":[{"@type":"ReadAction","target":["https:\/\/dev.mercatfrutal.com\/politica-de-cookies\/"]}]},{"@type":"BreadcrumbList","@id":"https:\/\/dev.mercatfrutal.com\/politica-de-cookies\/#breadcrumb","itemListElement":[{"@type":"ListItem","position":1,"name":"Portada","item":"https:\/\/dev.mercatfrutal.com\/"},{"@type":"ListItem","position":2,"name":"Pol\u00edtica de Cookies"}]},{"@type":"WebSite","@id":"https:\/\/dev.mercatfrutal.com\/#website","url":"https:\/\/dev.mercatfrutal.com\/","name":"Mercat Frutal","description":"","publisher":{"@id":"https:\/\/dev.mercatfrutal.com\/#organization"},"alternateName":"Mercat Frutal","potentialAction":[{"@type":"SearchAction","target":{"@type":"EntryPoint","urlTemplate":"https:\/\/dev.mercatfrutal.com\/?s={search_term_string}"},"query-input":{"@type":"PropertyValueSpecification","valueRequired":true,"valueName":"search_term_string"}}],"inLanguage":"ca"},{"@type":"Organization","@id":"https:\/\/dev.mercatfrutal.com\/#organization","name":"Mercat Frutal","url":"https:\/\/dev.mercatfrutal.com\/","logo":{"@type":"ImageObject","inLanguage":"ca","@id":"https:\/\/dev.mercatfrutal.com\/#\/schema\/logo\/image\/","url":"https:\/\/dev.mercatfrutal.com\/wp-content\/uploads\/2024\/01\/LOGO-FRUTAL3.png","contentUrl":"https:\/\/dev.mercatfrutal.com\/wp-content\/uploads\/2024\/01\/LOGO-FRUTAL3.png","width":1024,"height":382,"caption":"Mercat Frutal"},"image":{"@id":"https:\/\/dev.mercatfrutal.com\/#\/schema\/logo\/image\/"}}]}},"jetpack_sharing_enabled":true,"_links":{"self":[{"href":"https:\/\/dev.mercatfrutal.com\/ca\/wp-json\/wp\/v2\/pages\/255","targetHints":{"allow":["GET"]}}],"collection":[{"href":"https:\/\/dev.mercatfrutal.com\/ca\/wp-json\/wp\/v2\/pages"}],"about":[{"href":"https:\/\/dev.mercatfrutal.com\/ca\/wp-json\/wp\/v2\/types\/page"}],"author":[{"embeddable":true,"href":"https:\/\/dev.mercatfrutal.com\/ca\/wp-json\/wp\/v2\/users\/1"}],"replies":[{"embeddable":true,"href":"https:\/\/dev.mercatfrutal.com\/ca\/wp-json\/wp\/v2\/comments?post=255"}],"version-history":[{"count":5,"href":"https:\/\/dev.mercatfrutal.com\/ca\/wp-json\/wp\/v2\/pages\/255\/revisions"}],"predecessor-version":[{"id":260,"href":"https:\/\/dev.mercatfrutal.com\/ca\/wp-json\/wp\/v2\/pages\/255\/revisions\/260"}],"wp:attachment":[{"href":"https:\/\/dev.mercatfrutal.com\/ca\/wp-json\/wp\/v2\/media?parent=255"}],"curies":[{"name":"wp","href":"https:\/\/api.w.org\/{rel}","templated":true}]}}