{"id":1007,"date":"2024-02-19T13:31:05","date_gmt":"2024-02-19T12:31:05","guid":{"rendered":"https:\/\/dev.mercatfrutal.com\/producto\/6-huevos-x-l-eco\/"},"modified":"2025-12-17T09:55:15","modified_gmt":"2025-12-17T08:55:15","slug":"6-huevos-x-l-emporda-eco","status":"publish","type":"product","link":"https:\/\/dev.mercatfrutal.com\/ca\/producte\/6-huevos-x-l-emporda-eco\/","title":{"rendered":"6 Ous X\/L Emporda ECO"},"content":{"rendered":"","protected":false},"excerpt":{"rendered":"<p data-start=\"783\" data-end=\"960\">Los huevos ecol\u00f3gicos tama\u00f1o XL se caracterizan por su gran calibre y una yema sabrosa y cremosa. Provienen de gallinas criadas de forma \u00e9tica y sostenible.<\/p>\n<h2 data-start=\"962\" data-end=\"1184\"><strong data-start=\"962\" data-end=\"1012\">Propiedades y beneficios de los Huevos X\/L ECO<\/strong><\/h2>\n<p data-start=\"962\" data-end=\"1184\">Aportan prote\u00ednas completas, grasas saludables, antioxidantes como lute\u00edna y zeaxantina, adem\u00e1s de minerales esenciales. Contribuyen a una dieta equilibrada y nutritiva.<\/p>\n<h2 data-start=\"1186\" data-end=\"1393\"><strong data-start=\"1186\" data-end=\"1216\">Usos de los Huevos X\/L ECO<\/strong><\/h2>\n<p data-start=\"1186\" data-end=\"1393\">Perfectos para recetas donde se requiera m\u00e1s contenido, como bizcochos, tortillas jugosas, huevos rellenos o cocidos. Tambi\u00e9n ideales para hornear o preparar platos al horno.<\/p>","protected":false},"featured_media":1350,"comment_status":"open","ping_status":"closed","template":"","meta":{"content-type":""},"product_brand":[],"product_cat":[311],"product_tag":[],"class_list":{"0":"post-1007","1":"product","2":"type-product","3":"status-publish","4":"has-post-thumbnail","6":"product_cat-huevos","8":"first","9":"instock","10":"taxable","11":"shipping-taxable","12":"purchasable","13":"product-type-simple"},"bundled_by":[],"bundle_stock_status":"instock","bundle_stock_quantity":51,"bundle_virtual":false,"bundle_layout":"","bundle_add_to_cart_form_location":"","bundle_editable_in_cart":false,"bundle_sold_individually_context":"","bundle_item_grouping":"","bundle_min_size":"","bundle_max_size":"","bundle_price":[],"bundled_items":[],"bundle_sell_ids":[],"yoast_head":"<!-- This site is optimized with the Yoast SEO plugin v26.9 - https:\/\/yoast.com\/product\/yoast-seo-wordpress\/ -->\n<title>6 Huevos X\/L Emporda ECO - Mercat Frutal<\/title>\n<meta name=\"robots\" content=\"noindex, follow, max-snippet:-1, max-image-preview:large, max-video-preview:-1\" \/>\n<meta property=\"og:locale\" content=\"ca_ES\" \/>\n<meta property=\"og:type\" content=\"article\" \/>\n<meta property=\"og:title\" content=\"6 Huevos X\/L Emporda ECO - Mercat Frutal\" \/>\n<meta property=\"og:description\" content=\"Los huevos ecol\u00f3gicos tama\u00f1o XL se caracterizan por su gran calibre y una yema sabrosa y cremosa. Provienen de gallinas criadas de forma \u00e9tica y sostenible.  Propiedades y beneficios de los Huevos X\/L ECO Aportan prote\u00ednas completas, grasas saludables, antioxidantes como lute\u00edna y zeaxantina, adem\u00e1s de minerales esenciales. Contribuyen a una dieta equilibrada y nutritiva.  Usos de los Huevos X\/L ECO Perfectos para recetas donde se requiera m\u00e1s contenido, como bizcochos, tortillas jugosas, huevos rellenos o cocidos. Tambi\u00e9n ideales para hornear o preparar platos al horno.\" \/>\n<meta property=\"og:url\" content=\"https:\/\/dev.mercatfrutal.com\/ca\/producte\/6-huevos-x-l-emporda-eco\/\" \/>\n<meta property=\"og:site_name\" content=\"Mercat Frutal\" \/>\n<meta property=\"article:modified_time\" content=\"2025-12-17T08:55:15+00:00\" \/>\n<meta property=\"og:image\" content=\"https:\/\/dev.mercatfrutal.com\/wp-content\/uploads\/2024\/02\/6-Ous-X_L-ECO.jpg\" \/>\n\t<meta property=\"og:image:width\" content=\"1000\" \/>\n\t<meta property=\"og:image:height\" content=\"1000\" \/>\n\t<meta property=\"og:image:type\" content=\"image\/jpeg\" \/>\n<meta name=\"twitter:card\" content=\"summary_large_image\" \/>\n<meta name=\"twitter:label1\" content=\"Temps estimat de lectura\" \/>\n\t<meta name=\"twitter:data1\" content=\"1 minut\" \/>\n<script type=\"application\/ld+json\" class=\"yoast-schema-graph\">{\"@context\":\"https:\/\/schema.org\",\"@graph\":[{\"@type\":\"WebPage\",\"@id\":\"https:\/\/dev.mercatfrutal.com\/producto\/6-huevos-x-l-emporda-eco\/\",\"url\":\"https:\/\/dev.mercatfrutal.com\/producto\/6-huevos-x-l-emporda-eco\/\",\"name\":\"6 Huevos X\/L Emporda ECO - Mercat Frutal\",\"isPartOf\":{\"@id\":\"https:\/\/dev.mercatfrutal.com\/#website\"},\"primaryImageOfPage\":{\"@id\":\"https:\/\/dev.mercatfrutal.com\/producto\/6-huevos-x-l-emporda-eco\/#primaryimage\"},\"image\":{\"@id\":\"https:\/\/dev.mercatfrutal.com\/producto\/6-huevos-x-l-emporda-eco\/#primaryimage\"},\"thumbnailUrl\":\"https:\/\/dev.mercatfrutal.com\/wp-content\/uploads\/2024\/02\/6-Ous-X_L-ECO.jpg\",\"datePublished\":\"2024-02-19T12:31:05+00:00\",\"dateModified\":\"2025-12-17T08:55:15+00:00\",\"breadcrumb\":{\"@id\":\"https:\/\/dev.mercatfrutal.com\/producto\/6-huevos-x-l-emporda-eco\/#breadcrumb\"},\"inLanguage\":\"ca\",\"potentialAction\":[{\"@type\":\"ReadAction\",\"target\":[\"https:\/\/dev.mercatfrutal.com\/producto\/6-huevos-x-l-emporda-eco\/\"]}]},{\"@type\":\"ImageObject\",\"inLanguage\":\"ca\",\"@id\":\"https:\/\/dev.mercatfrutal.com\/producto\/6-huevos-x-l-emporda-eco\/#primaryimage\",\"url\":\"https:\/\/dev.mercatfrutal.com\/wp-content\/uploads\/2024\/02\/6-Ous-X_L-ECO.jpg\",\"contentUrl\":\"https:\/\/dev.mercatfrutal.com\/wp-content\/uploads\/2024\/02\/6-Ous-X_L-ECO.jpg\",\"width\":1000,\"height\":1000,\"caption\":\"6 Ous X_L\"},{\"@type\":\"BreadcrumbList\",\"@id\":\"https:\/\/dev.mercatfrutal.com\/producto\/6-huevos-x-l-emporda-eco\/#breadcrumb\",\"itemListElement\":[{\"@type\":\"ListItem\",\"position\":1,\"name\":\"Portada\",\"item\":\"https:\/\/dev.mercatfrutal.com\/\"},{\"@type\":\"ListItem\",\"position\":2,\"name\":\"Tienda\",\"item\":\"https:\/\/dev.mercatfrutal.com\/tienda\/\"},{\"@type\":\"ListItem\",\"position\":3,\"name\":\"6 Huevos X\/L Emporda ECO\"}]},{\"@type\":\"WebSite\",\"@id\":\"https:\/\/dev.mercatfrutal.com\/#website\",\"url\":\"https:\/\/dev.mercatfrutal.com\/\",\"name\":\"Mercat Frutal\",\"description\":\"\",\"publisher\":{\"@id\":\"https:\/\/dev.mercatfrutal.com\/#organization\"},\"alternateName\":\"Mercat Frutal\",\"potentialAction\":[{\"@type\":\"SearchAction\",\"target\":{\"@type\":\"EntryPoint\",\"urlTemplate\":\"https:\/\/dev.mercatfrutal.com\/?s={search_term_string}\"},\"query-input\":{\"@type\":\"PropertyValueSpecification\",\"valueRequired\":true,\"valueName\":\"search_term_string\"}}],\"inLanguage\":\"ca\"},{\"@type\":\"Organization\",\"@id\":\"https:\/\/dev.mercatfrutal.com\/#organization\",\"name\":\"Mercat Frutal\",\"url\":\"https:\/\/dev.mercatfrutal.com\/\",\"logo\":{\"@type\":\"ImageObject\",\"inLanguage\":\"ca\",\"@id\":\"https:\/\/dev.mercatfrutal.com\/#\/schema\/logo\/image\/\",\"url\":\"https:\/\/dev.mercatfrutal.com\/wp-content\/uploads\/2024\/01\/LOGO-FRUTAL3.png\",\"contentUrl\":\"https:\/\/dev.mercatfrutal.com\/wp-content\/uploads\/2024\/01\/LOGO-FRUTAL3.png\",\"width\":1024,\"height\":382,\"caption\":\"Mercat Frutal\"},\"image\":{\"@id\":\"https:\/\/dev.mercatfrutal.com\/#\/schema\/logo\/image\/\"}}]}<\/script>\n<!-- \/ Yoast SEO plugin. -->","yoast_head_json":{"title":"6 Huevos X\/L Emporda ECO - Mercat Frutal","robots":{"index":"noindex","follow":"follow","max-snippet":"max-snippet:-1","max-image-preview":"max-image-preview:large","max-video-preview":"max-video-preview:-1"},"og_locale":"ca_ES","og_type":"article","og_title":"6 Huevos X\/L Emporda ECO - Mercat Frutal","og_description":"Los huevos ecol\u00f3gicos tama\u00f1o XL se caracterizan por su gran calibre y una yema sabrosa y cremosa. Provienen de gallinas criadas de forma \u00e9tica y sostenible.  Propiedades y beneficios de los Huevos X\/L ECO Aportan prote\u00ednas completas, grasas saludables, antioxidantes como lute\u00edna y zeaxantina, adem\u00e1s de minerales esenciales. Contribuyen a una dieta equilibrada y nutritiva.  Usos de los Huevos X\/L ECO Perfectos para recetas donde se requiera m\u00e1s contenido, como bizcochos, tortillas jugosas, huevos rellenos o cocidos. Tambi\u00e9n ideales para hornear o preparar platos al horno.","og_url":"https:\/\/dev.mercatfrutal.com\/ca\/producte\/6-huevos-x-l-emporda-eco\/","og_site_name":"Mercat Frutal","article_modified_time":"2025-12-17T08:55:15+00:00","og_image":[{"width":1000,"height":1000,"url":"https:\/\/dev.mercatfrutal.com\/wp-content\/uploads\/2024\/02\/6-Ous-X_L-ECO.jpg","type":"image\/jpeg"}],"twitter_card":"summary_large_image","twitter_misc":{"Temps estimat de lectura":"1 minut"},"schema":{"@context":"https:\/\/schema.org","@graph":[{"@type":"WebPage","@id":"https:\/\/dev.mercatfrutal.com\/producto\/6-huevos-x-l-emporda-eco\/","url":"https:\/\/dev.mercatfrutal.com\/producto\/6-huevos-x-l-emporda-eco\/","name":"6 Huevos X\/L Emporda ECO - Mercat Frutal","isPartOf":{"@id":"https:\/\/dev.mercatfrutal.com\/#website"},"primaryImageOfPage":{"@id":"https:\/\/dev.mercatfrutal.com\/producto\/6-huevos-x-l-emporda-eco\/#primaryimage"},"image":{"@id":"https:\/\/dev.mercatfrutal.com\/producto\/6-huevos-x-l-emporda-eco\/#primaryimage"},"thumbnailUrl":"https:\/\/dev.mercatfrutal.com\/wp-content\/uploads\/2024\/02\/6-Ous-X_L-ECO.jpg","datePublished":"2024-02-19T12:31:05+00:00","dateModified":"2025-12-17T08:55:15+00:00","breadcrumb":{"@id":"https:\/\/dev.mercatfrutal.com\/producto\/6-huevos-x-l-emporda-eco\/#breadcrumb"},"inLanguage":"ca","potentialAction":[{"@type":"ReadAction","target":["https:\/\/dev.mercatfrutal.com\/producto\/6-huevos-x-l-emporda-eco\/"]}]},{"@type":"ImageObject","inLanguage":"ca","@id":"https:\/\/dev.mercatfrutal.com\/producto\/6-huevos-x-l-emporda-eco\/#primaryimage","url":"https:\/\/dev.mercatfrutal.com\/wp-content\/uploads\/2024\/02\/6-Ous-X_L-ECO.jpg","contentUrl":"https:\/\/dev.mercatfrutal.com\/wp-content\/uploads\/2024\/02\/6-Ous-X_L-ECO.jpg","width":1000,"height":1000,"caption":"6 Ous X_L"},{"@type":"BreadcrumbList","@id":"https:\/\/dev.mercatfrutal.com\/producto\/6-huevos-x-l-emporda-eco\/#breadcrumb","itemListElement":[{"@type":"ListItem","position":1,"name":"Portada","item":"https:\/\/dev.mercatfrutal.com\/"},{"@type":"ListItem","position":2,"name":"Tienda","item":"https:\/\/dev.mercatfrutal.com\/tienda\/"},{"@type":"ListItem","position":3,"name":"6 Huevos X\/L Emporda ECO"}]},{"@type":"WebSite","@id":"https:\/\/dev.mercatfrutal.com\/#website","url":"https:\/\/dev.mercatfrutal.com\/","name":"Mercat Frutal","description":"","publisher":{"@id":"https:\/\/dev.mercatfrutal.com\/#organization"},"alternateName":"Mercat Frutal","potentialAction":[{"@type":"SearchAction","target":{"@type":"EntryPoint","urlTemplate":"https:\/\/dev.mercatfrutal.com\/?s={search_term_string}"},"query-input":{"@type":"PropertyValueSpecification","valueRequired":true,"valueName":"search_term_string"}}],"inLanguage":"ca"},{"@type":"Organization","@id":"https:\/\/dev.mercatfrutal.com\/#organization","name":"Mercat Frutal","url":"https:\/\/dev.mercatfrutal.com\/","logo":{"@type":"ImageObject","inLanguage":"ca","@id":"https:\/\/dev.mercatfrutal.com\/#\/schema\/logo\/image\/","url":"https:\/\/dev.mercatfrutal.com\/wp-content\/uploads\/2024\/01\/LOGO-FRUTAL3.png","contentUrl":"https:\/\/dev.mercatfrutal.com\/wp-content\/uploads\/2024\/01\/LOGO-FRUTAL3.png","width":1024,"height":382,"caption":"Mercat Frutal"},"image":{"@id":"https:\/\/dev.mercatfrutal.com\/#\/schema\/logo\/image\/"}}]}},"jetpack_sharing_enabled":true,"_links":{"self":[{"href":"https:\/\/dev.mercatfrutal.com\/ca\/wp-json\/wp\/v2\/product\/1007","targetHints":{"allow":["GET"]}}],"collection":[{"href":"https:\/\/dev.mercatfrutal.com\/ca\/wp-json\/wp\/v2\/product"}],"about":[{"href":"https:\/\/dev.mercatfrutal.com\/ca\/wp-json\/wp\/v2\/types\/product"}],"replies":[{"embeddable":true,"href":"https:\/\/dev.mercatfrutal.com\/ca\/wp-json\/wp\/v2\/comments?post=1007"}],"wp:featuredmedia":[{"embeddable":true,"href":"https:\/\/dev.mercatfrutal.com\/ca\/wp-json\/wp\/v2\/media\/1350"}],"wp:attachment":[{"href":"https:\/\/dev.mercatfrutal.com\/ca\/wp-json\/wp\/v2\/media?parent=1007"}],"wp:term":[{"taxonomy":"product_brand","embeddable":true,"href":"https:\/\/dev.mercatfrutal.com\/ca\/wp-json\/wp\/v2\/product_brand?post=1007"},{"taxonomy":"product_cat","embeddable":true,"href":"https:\/\/dev.mercatfrutal.com\/ca\/wp-json\/wp\/v2\/product_cat?post=1007"},{"taxonomy":"product_tag","embeddable":true,"href":"https:\/\/dev.mercatfrutal.com\/ca\/wp-json\/wp\/v2\/product_tag?post=1007"}],"curies":[{"name":"wp","href":"https:\/\/api.w.org\/{rel}","templated":true}]}}