{"id":487,"date":"2024-02-06T13:58:38","date_gmt":"2024-02-06T11:58:38","guid":{"rendered":"https:\/\/dev.mercatfrutal.com\/producto\/ajo-tierno-manojo-eco\/"},"modified":"2025-05-27T15:30:46","modified_gmt":"2025-05-27T13:30:46","slug":"ajo-tierno-manojo-eco","status":"publish","type":"product","link":"https:\/\/dev.mercatfrutal.com\/ca\/producte\/ajo-tierno-manojo-eco\/","title":{"rendered":"All Tendre Manat ECO"},"content":{"rendered":"","protected":false},"excerpt":{"rendered":"<p>L'all tendre ecol\u00f2gic destaca per la textura tendra i el sabor suau i lleugerament picant. Es pot consumir fresc o cuinat, aportant un toc especial a diverses preparacions.<\/p>\n<h2><strong>Propietats i beneficis de l'All Tendre ECO<\/strong><\/h2>\n<p>\u00c9s una font natural d'antioxidants i compostos ensofrats beneficiosos per a la salut cardiovascular. Tamb\u00e9 cont\u00e9 vitamines A i C, que enforteixen el sistema immunol\u00f2gic i contribueixen a la regeneraci\u00f3 cel\u00b7lular. La seva baixa aportaci\u00f3 cal\u00f2rica el fa ideal per a dietes equilibrades.<\/p>\n<h2><strong>Usos de l'All Tendre ECO<\/strong><\/h2>\n<p>Perfecte per a amanides, remenats, sopes i guisats. Es pot consumir cru o cuinat, mantenint-ne el sabor caracter\u00edstic i potenciant l'aroma de cada plat.<\/p>","protected":false},"featured_media":538,"comment_status":"open","ping_status":"closed","template":"","meta":{"content-type":""},"product_brand":[],"product_cat":[60],"product_tag":[],"class_list":{"0":"post-487","1":"product","2":"type-product","3":"status-publish","4":"has-post-thumbnail","6":"product_cat-verduras","8":"first","9":"instock","10":"taxable","11":"shipping-taxable","12":"purchasable","13":"product-type-simple"},"bundled_by":["7987"],"bundle_stock_status":"instock","bundle_stock_quantity":null,"bundle_virtual":false,"bundle_layout":"","bundle_add_to_cart_form_location":"","bundle_editable_in_cart":false,"bundle_sold_individually_context":"","bundle_item_grouping":"","bundle_min_size":"","bundle_max_size":"","bundle_price":[],"bundled_items":[],"bundle_sell_ids":[],"yoast_head":"<!-- This site is optimized with the Yoast SEO plugin v26.9 - https:\/\/yoast.com\/product\/yoast-seo-wordpress\/ -->\n<title>Ajo Tierno Manojo ECO - Mercat Frutal<\/title>\n<meta name=\"robots\" content=\"noindex, follow, max-snippet:-1, max-image-preview:large, max-video-preview:-1\" \/>\n<meta property=\"og:locale\" content=\"ca_ES\" \/>\n<meta property=\"og:type\" content=\"article\" \/>\n<meta property=\"og:title\" content=\"Ajo Tierno Manojo ECO - Mercat Frutal\" \/>\n<meta property=\"og:description\" content=\"El ajo tierno ecol\u00f3gico destaca por su textura tierna y su sabor suave y ligeramente picante. Se puede consumir fresco o cocinado, aportando un toque especial a diversas preparaciones. Propiedades y beneficios del Ajo Tierno ECO Es una fuente natural de antioxidantes y compuestos azufrados beneficiosos para la salud cardiovascular. Tambi\u00e9n contiene vitaminas A y C, que fortalecen el sistema inmunol\u00f3gico y contribuyen a la regeneraci\u00f3n celular. Su bajo aporte cal\u00f3rico lo hace ideal para dietas equilibradas. Usos del Ajo Tierno ECO Perfecto para ensaladas, revueltos, sopas y guisos. Puede consumirse crudo o cocinado, manteniendo su sabor caracter\u00edstico y potenciando el aroma de cada plato.\" \/>\n<meta property=\"og:url\" content=\"https:\/\/dev.mercatfrutal.com\/ca\/producte\/ajo-tierno-manojo-eco\/\" \/>\n<meta property=\"og:site_name\" content=\"Mercat Frutal\" \/>\n<meta property=\"article:modified_time\" content=\"2025-05-27T13:30:46+00:00\" \/>\n<meta property=\"og:image\" content=\"https:\/\/dev.mercatfrutal.com\/wp-content\/uploads\/2024\/02\/ALL-TENDRA.jpg\" \/>\n\t<meta property=\"og:image:width\" content=\"1000\" \/>\n\t<meta property=\"og:image:height\" content=\"1000\" \/>\n\t<meta property=\"og:image:type\" content=\"image\/jpeg\" \/>\n<meta name=\"twitter:card\" content=\"summary_large_image\" \/>\n<meta name=\"twitter:label1\" content=\"Temps estimat de lectura\" \/>\n\t<meta name=\"twitter:data1\" content=\"1 minut\" \/>\n<script type=\"application\/ld+json\" class=\"yoast-schema-graph\">{\"@context\":\"https:\/\/schema.org\",\"@graph\":[{\"@type\":\"WebPage\",\"@id\":\"https:\/\/dev.mercatfrutal.com\/producto\/ajo-tierno-manojo-eco\/\",\"url\":\"https:\/\/dev.mercatfrutal.com\/producto\/ajo-tierno-manojo-eco\/\",\"name\":\"Ajo Tierno Manojo ECO - Mercat Frutal\",\"isPartOf\":{\"@id\":\"https:\/\/dev.mercatfrutal.com\/#website\"},\"primaryImageOfPage\":{\"@id\":\"https:\/\/dev.mercatfrutal.com\/producto\/ajo-tierno-manojo-eco\/#primaryimage\"},\"image\":{\"@id\":\"https:\/\/dev.mercatfrutal.com\/producto\/ajo-tierno-manojo-eco\/#primaryimage\"},\"thumbnailUrl\":\"https:\/\/dev.mercatfrutal.com\/wp-content\/uploads\/2024\/02\/ALL-TENDRA.jpg\",\"datePublished\":\"2024-02-06T11:58:38+00:00\",\"dateModified\":\"2025-05-27T13:30:46+00:00\",\"breadcrumb\":{\"@id\":\"https:\/\/dev.mercatfrutal.com\/producto\/ajo-tierno-manojo-eco\/#breadcrumb\"},\"inLanguage\":\"ca\",\"potentialAction\":[{\"@type\":\"ReadAction\",\"target\":[\"https:\/\/dev.mercatfrutal.com\/producto\/ajo-tierno-manojo-eco\/\"]}]},{\"@type\":\"ImageObject\",\"inLanguage\":\"ca\",\"@id\":\"https:\/\/dev.mercatfrutal.com\/producto\/ajo-tierno-manojo-eco\/#primaryimage\",\"url\":\"https:\/\/dev.mercatfrutal.com\/wp-content\/uploads\/2024\/02\/ALL-TENDRA.jpg\",\"contentUrl\":\"https:\/\/dev.mercatfrutal.com\/wp-content\/uploads\/2024\/02\/ALL-TENDRA.jpg\",\"width\":1000,\"height\":1000},{\"@type\":\"BreadcrumbList\",\"@id\":\"https:\/\/dev.mercatfrutal.com\/producto\/ajo-tierno-manojo-eco\/#breadcrumb\",\"itemListElement\":[{\"@type\":\"ListItem\",\"position\":1,\"name\":\"Portada\",\"item\":\"https:\/\/dev.mercatfrutal.com\/\"},{\"@type\":\"ListItem\",\"position\":2,\"name\":\"Tienda\",\"item\":\"https:\/\/dev.mercatfrutal.com\/tienda\/\"},{\"@type\":\"ListItem\",\"position\":3,\"name\":\"Ajo Tierno Manojo ECO\"}]},{\"@type\":\"WebSite\",\"@id\":\"https:\/\/dev.mercatfrutal.com\/#website\",\"url\":\"https:\/\/dev.mercatfrutal.com\/\",\"name\":\"Mercat Frutal\",\"description\":\"\",\"publisher\":{\"@id\":\"https:\/\/dev.mercatfrutal.com\/#organization\"},\"alternateName\":\"Mercat Frutal\",\"potentialAction\":[{\"@type\":\"SearchAction\",\"target\":{\"@type\":\"EntryPoint\",\"urlTemplate\":\"https:\/\/dev.mercatfrutal.com\/?s={search_term_string}\"},\"query-input\":{\"@type\":\"PropertyValueSpecification\",\"valueRequired\":true,\"valueName\":\"search_term_string\"}}],\"inLanguage\":\"ca\"},{\"@type\":\"Organization\",\"@id\":\"https:\/\/dev.mercatfrutal.com\/#organization\",\"name\":\"Mercat Frutal\",\"url\":\"https:\/\/dev.mercatfrutal.com\/\",\"logo\":{\"@type\":\"ImageObject\",\"inLanguage\":\"ca\",\"@id\":\"https:\/\/dev.mercatfrutal.com\/#\/schema\/logo\/image\/\",\"url\":\"https:\/\/dev.mercatfrutal.com\/wp-content\/uploads\/2024\/01\/LOGO-FRUTAL3.png\",\"contentUrl\":\"https:\/\/dev.mercatfrutal.com\/wp-content\/uploads\/2024\/01\/LOGO-FRUTAL3.png\",\"width\":1024,\"height\":382,\"caption\":\"Mercat Frutal\"},\"image\":{\"@id\":\"https:\/\/dev.mercatfrutal.com\/#\/schema\/logo\/image\/\"}}]}<\/script>\n<!-- \/ Yoast SEO plugin. -->","yoast_head_json":{"title":"Ajo Tierno Manojo ECO - Mercat Frutal","robots":{"index":"noindex","follow":"follow","max-snippet":"max-snippet:-1","max-image-preview":"max-image-preview:large","max-video-preview":"max-video-preview:-1"},"og_locale":"ca_ES","og_type":"article","og_title":"Ajo Tierno Manojo ECO - Mercat Frutal","og_description":"El ajo tierno ecol\u00f3gico destaca por su textura tierna y su sabor suave y ligeramente picante. Se puede consumir fresco o cocinado, aportando un toque especial a diversas preparaciones. Propiedades y beneficios del Ajo Tierno ECO Es una fuente natural de antioxidantes y compuestos azufrados beneficiosos para la salud cardiovascular. Tambi\u00e9n contiene vitaminas A y C, que fortalecen el sistema inmunol\u00f3gico y contribuyen a la regeneraci\u00f3n celular. Su bajo aporte cal\u00f3rico lo hace ideal para dietas equilibradas. Usos del Ajo Tierno ECO Perfecto para ensaladas, revueltos, sopas y guisos. Puede consumirse crudo o cocinado, manteniendo su sabor caracter\u00edstico y potenciando el aroma de cada plato.","og_url":"https:\/\/dev.mercatfrutal.com\/ca\/producte\/ajo-tierno-manojo-eco\/","og_site_name":"Mercat Frutal","article_modified_time":"2025-05-27T13:30:46+00:00","og_image":[{"width":1000,"height":1000,"url":"https:\/\/dev.mercatfrutal.com\/wp-content\/uploads\/2024\/02\/ALL-TENDRA.jpg","type":"image\/jpeg"}],"twitter_card":"summary_large_image","twitter_misc":{"Temps estimat de lectura":"1 minut"},"schema":{"@context":"https:\/\/schema.org","@graph":[{"@type":"WebPage","@id":"https:\/\/dev.mercatfrutal.com\/producto\/ajo-tierno-manojo-eco\/","url":"https:\/\/dev.mercatfrutal.com\/producto\/ajo-tierno-manojo-eco\/","name":"Ajo Tierno Manojo ECO - Mercat Frutal","isPartOf":{"@id":"https:\/\/dev.mercatfrutal.com\/#website"},"primaryImageOfPage":{"@id":"https:\/\/dev.mercatfrutal.com\/producto\/ajo-tierno-manojo-eco\/#primaryimage"},"image":{"@id":"https:\/\/dev.mercatfrutal.com\/producto\/ajo-tierno-manojo-eco\/#primaryimage"},"thumbnailUrl":"https:\/\/dev.mercatfrutal.com\/wp-content\/uploads\/2024\/02\/ALL-TENDRA.jpg","datePublished":"2024-02-06T11:58:38+00:00","dateModified":"2025-05-27T13:30:46+00:00","breadcrumb":{"@id":"https:\/\/dev.mercatfrutal.com\/producto\/ajo-tierno-manojo-eco\/#breadcrumb"},"inLanguage":"ca","potentialAction":[{"@type":"ReadAction","target":["https:\/\/dev.mercatfrutal.com\/producto\/ajo-tierno-manojo-eco\/"]}]},{"@type":"ImageObject","inLanguage":"ca","@id":"https:\/\/dev.mercatfrutal.com\/producto\/ajo-tierno-manojo-eco\/#primaryimage","url":"https:\/\/dev.mercatfrutal.com\/wp-content\/uploads\/2024\/02\/ALL-TENDRA.jpg","contentUrl":"https:\/\/dev.mercatfrutal.com\/wp-content\/uploads\/2024\/02\/ALL-TENDRA.jpg","width":1000,"height":1000},{"@type":"BreadcrumbList","@id":"https:\/\/dev.mercatfrutal.com\/producto\/ajo-tierno-manojo-eco\/#breadcrumb","itemListElement":[{"@type":"ListItem","position":1,"name":"Portada","item":"https:\/\/dev.mercatfrutal.com\/"},{"@type":"ListItem","position":2,"name":"Tienda","item":"https:\/\/dev.mercatfrutal.com\/tienda\/"},{"@type":"ListItem","position":3,"name":"Ajo Tierno Manojo ECO"}]},{"@type":"WebSite","@id":"https:\/\/dev.mercatfrutal.com\/#website","url":"https:\/\/dev.mercatfrutal.com\/","name":"Mercat Frutal","description":"","publisher":{"@id":"https:\/\/dev.mercatfrutal.com\/#organization"},"alternateName":"Mercat Frutal","potentialAction":[{"@type":"SearchAction","target":{"@type":"EntryPoint","urlTemplate":"https:\/\/dev.mercatfrutal.com\/?s={search_term_string}"},"query-input":{"@type":"PropertyValueSpecification","valueRequired":true,"valueName":"search_term_string"}}],"inLanguage":"ca"},{"@type":"Organization","@id":"https:\/\/dev.mercatfrutal.com\/#organization","name":"Mercat Frutal","url":"https:\/\/dev.mercatfrutal.com\/","logo":{"@type":"ImageObject","inLanguage":"ca","@id":"https:\/\/dev.mercatfrutal.com\/#\/schema\/logo\/image\/","url":"https:\/\/dev.mercatfrutal.com\/wp-content\/uploads\/2024\/01\/LOGO-FRUTAL3.png","contentUrl":"https:\/\/dev.mercatfrutal.com\/wp-content\/uploads\/2024\/01\/LOGO-FRUTAL3.png","width":1024,"height":382,"caption":"Mercat Frutal"},"image":{"@id":"https:\/\/dev.mercatfrutal.com\/#\/schema\/logo\/image\/"}}]}},"jetpack_sharing_enabled":true,"_links":{"self":[{"href":"https:\/\/dev.mercatfrutal.com\/ca\/wp-json\/wp\/v2\/product\/487","targetHints":{"allow":["GET"]}}],"collection":[{"href":"https:\/\/dev.mercatfrutal.com\/ca\/wp-json\/wp\/v2\/product"}],"about":[{"href":"https:\/\/dev.mercatfrutal.com\/ca\/wp-json\/wp\/v2\/types\/product"}],"replies":[{"embeddable":true,"href":"https:\/\/dev.mercatfrutal.com\/ca\/wp-json\/wp\/v2\/comments?post=487"}],"wp:featuredmedia":[{"embeddable":true,"href":"https:\/\/dev.mercatfrutal.com\/ca\/wp-json\/wp\/v2\/media\/538"}],"wp:attachment":[{"href":"https:\/\/dev.mercatfrutal.com\/ca\/wp-json\/wp\/v2\/media?parent=487"}],"wp:term":[{"taxonomy":"product_brand","embeddable":true,"href":"https:\/\/dev.mercatfrutal.com\/ca\/wp-json\/wp\/v2\/product_brand?post=487"},{"taxonomy":"product_cat","embeddable":true,"href":"https:\/\/dev.mercatfrutal.com\/ca\/wp-json\/wp\/v2\/product_cat?post=487"},{"taxonomy":"product_tag","embeddable":true,"href":"https:\/\/dev.mercatfrutal.com\/ca\/wp-json\/wp\/v2\/product_tag?post=487"}],"curies":[{"name":"wp","href":"https:\/\/api.w.org\/{rel}","templated":true}]}}