{"id":7188,"date":"2025-01-30T13:42:03","date_gmt":"2025-01-30T11:42:03","guid":{"rendered":"https:\/\/dev.mercatfrutal.com\/?post_type=product&#038;p=7188"},"modified":"2025-06-04T14:09:15","modified_gmt":"2025-06-04T12:09:15","slug":"cesta-familiar-9kg","status":"publish","type":"product","link":"https:\/\/dev.mercatfrutal.com\/ca\/producte\/cesta-familiar-9kg\/","title":{"rendered":"Cistella familiar 9kg"},"content":{"rendered":"","protected":false},"excerpt":{"rendered":"<p>\u00a1Nuestras<strong> cestas son diferentes cada semana!<\/strong> Nos guiamos por las estaciones, seleccionando <strong>las verduras m\u00e1s frescas<\/strong> que recibimos cada d\u00eda, muchas veces recolectadas la misma ma\u00f1ana. Tambi\u00e9n encontrar\u00e1s las <strong>mejores frutas de temporada<\/strong>, pondremos lo mejor del momento! <strong>El contenido depender\u00e1 de la disponibilidad y frescura de los siguientes productos.<\/strong><\/p>\n<p class=\"translation-block\"><span style=\"text-decoration: underline\"><strong>IMPORTANT<\/strong>:<\/span> Si hi ha alguna cosa que no t'agrada o si tens alguna al\u00b7l\u00e8rgia, en finalitzar la compra ho pots indicar en comentaris.<\/p>","protected":false},"featured_media":8538,"comment_status":"open","ping_status":"closed","template":"","meta":{"content-type":""},"product_brand":[],"product_cat":[417],"product_tag":[],"class_list":{"0":"post-7188","1":"product","2":"type-product","3":"status-publish","4":"has-post-thumbnail","6":"product_cat-cestas-ecologicas","8":"first","9":"instock","10":"taxable","11":"shipping-taxable","12":"purchasable","13":"product-type-simple"},"bundled_by":[],"bundle_stock_status":"instock","bundle_stock_quantity":null,"bundle_virtual":false,"bundle_layout":"","bundle_add_to_cart_form_location":"","bundle_editable_in_cart":false,"bundle_sold_individually_context":"","bundle_item_grouping":"","bundle_min_size":"","bundle_max_size":"","bundle_price":[],"bundled_items":[],"bundle_sell_ids":[],"yoast_head":"<!-- This site is optimized with the Yoast SEO plugin v26.9 - https:\/\/yoast.com\/product\/yoast-seo-wordpress\/ -->\n<title>Cesta familiar 9kg - Mercat Frutal<\/title>\n<meta name=\"robots\" content=\"noindex, follow, max-snippet:-1, max-image-preview:large, max-video-preview:-1\" \/>\n<meta property=\"og:locale\" content=\"ca_ES\" \/>\n<meta property=\"og:type\" content=\"article\" \/>\n<meta property=\"og:title\" content=\"Cesta familiar 9kg - Mercat Frutal\" \/>\n<meta property=\"og:description\" content=\"\u00a1Nuestras cestas son diferentes cada semana! Nos guiamos por las estaciones, seleccionando las verduras m\u00e1s frescas que recibimos cada d\u00eda, muchas veces recolectadas la misma ma\u00f1ana. Tambi\u00e9n encontrar\u00e1s las mejores frutas de temporada, pondremos lo mejor del momento! El contenido depender\u00e1 de la disponibilidad y frescura de los siguientes productos.  IMPORTANTE: Si hay alguna cosa que no te gusta o si tienes alguna alergia, al finalizar la compra lo puedes indicar en comentarios.\" \/>\n<meta property=\"og:url\" content=\"https:\/\/dev.mercatfrutal.com\/ca\/producte\/cesta-familiar-9kg\/\" \/>\n<meta property=\"og:site_name\" content=\"Mercat Frutal\" \/>\n<meta property=\"article:modified_time\" content=\"2025-06-04T12:09:15+00:00\" \/>\n<meta property=\"og:image\" content=\"https:\/\/dev.mercatfrutal.com\/wp-content\/uploads\/2025\/04\/polvo-de-baobab-2-scaled.jpg\" \/>\n\t<meta property=\"og:image:width\" content=\"2560\" \/>\n\t<meta property=\"og:image:height\" content=\"2560\" \/>\n\t<meta property=\"og:image:type\" content=\"image\/jpeg\" \/>\n<meta name=\"twitter:card\" content=\"summary_large_image\" \/>\n<meta name=\"twitter:label1\" content=\"Temps estimat de lectura\" \/>\n\t<meta name=\"twitter:data1\" content=\"1 minut\" \/>\n<script type=\"application\/ld+json\" class=\"yoast-schema-graph\">{\"@context\":\"https:\/\/schema.org\",\"@graph\":[{\"@type\":\"WebPage\",\"@id\":\"https:\/\/dev.mercatfrutal.com\/producto\/cesta-familiar-9kg\/\",\"url\":\"https:\/\/dev.mercatfrutal.com\/producto\/cesta-familiar-9kg\/\",\"name\":\"Cesta familiar 9kg - Mercat Frutal\",\"isPartOf\":{\"@id\":\"https:\/\/dev.mercatfrutal.com\/#website\"},\"primaryImageOfPage\":{\"@id\":\"https:\/\/dev.mercatfrutal.com\/producto\/cesta-familiar-9kg\/#primaryimage\"},\"image\":{\"@id\":\"https:\/\/dev.mercatfrutal.com\/producto\/cesta-familiar-9kg\/#primaryimage\"},\"thumbnailUrl\":\"https:\/\/dev.mercatfrutal.com\/wp-content\/uploads\/2025\/04\/polvo-de-baobab-2-scaled.jpg\",\"datePublished\":\"2025-01-30T11:42:03+00:00\",\"dateModified\":\"2025-06-04T12:09:15+00:00\",\"breadcrumb\":{\"@id\":\"https:\/\/dev.mercatfrutal.com\/producto\/cesta-familiar-9kg\/#breadcrumb\"},\"inLanguage\":\"ca\",\"potentialAction\":[{\"@type\":\"ReadAction\",\"target\":[\"https:\/\/dev.mercatfrutal.com\/producto\/cesta-familiar-9kg\/\"]}]},{\"@type\":\"ImageObject\",\"inLanguage\":\"ca\",\"@id\":\"https:\/\/dev.mercatfrutal.com\/producto\/cesta-familiar-9kg\/#primaryimage\",\"url\":\"https:\/\/dev.mercatfrutal.com\/wp-content\/uploads\/2025\/04\/polvo-de-baobab-2-scaled.jpg\",\"contentUrl\":\"https:\/\/dev.mercatfrutal.com\/wp-content\/uploads\/2025\/04\/polvo-de-baobab-2-scaled.jpg\",\"width\":2560,\"height\":2560,\"caption\":\"cesta familiar\"},{\"@type\":\"BreadcrumbList\",\"@id\":\"https:\/\/dev.mercatfrutal.com\/producto\/cesta-familiar-9kg\/#breadcrumb\",\"itemListElement\":[{\"@type\":\"ListItem\",\"position\":1,\"name\":\"Portada\",\"item\":\"https:\/\/dev.mercatfrutal.com\/\"},{\"@type\":\"ListItem\",\"position\":2,\"name\":\"Tienda\",\"item\":\"https:\/\/dev.mercatfrutal.com\/tienda\/\"},{\"@type\":\"ListItem\",\"position\":3,\"name\":\"Cesta familiar 9kg\"}]},{\"@type\":\"WebSite\",\"@id\":\"https:\/\/dev.mercatfrutal.com\/#website\",\"url\":\"https:\/\/dev.mercatfrutal.com\/\",\"name\":\"Mercat Frutal\",\"description\":\"\",\"publisher\":{\"@id\":\"https:\/\/dev.mercatfrutal.com\/#organization\"},\"alternateName\":\"Mercat Frutal\",\"potentialAction\":[{\"@type\":\"SearchAction\",\"target\":{\"@type\":\"EntryPoint\",\"urlTemplate\":\"https:\/\/dev.mercatfrutal.com\/?s={search_term_string}\"},\"query-input\":{\"@type\":\"PropertyValueSpecification\",\"valueRequired\":true,\"valueName\":\"search_term_string\"}}],\"inLanguage\":\"ca\"},{\"@type\":\"Organization\",\"@id\":\"https:\/\/dev.mercatfrutal.com\/#organization\",\"name\":\"Mercat Frutal\",\"url\":\"https:\/\/dev.mercatfrutal.com\/\",\"logo\":{\"@type\":\"ImageObject\",\"inLanguage\":\"ca\",\"@id\":\"https:\/\/dev.mercatfrutal.com\/#\/schema\/logo\/image\/\",\"url\":\"https:\/\/dev.mercatfrutal.com\/wp-content\/uploads\/2024\/01\/LOGO-FRUTAL3.png\",\"contentUrl\":\"https:\/\/dev.mercatfrutal.com\/wp-content\/uploads\/2024\/01\/LOGO-FRUTAL3.png\",\"width\":1024,\"height\":382,\"caption\":\"Mercat Frutal\"},\"image\":{\"@id\":\"https:\/\/dev.mercatfrutal.com\/#\/schema\/logo\/image\/\"}}]}<\/script>\n<!-- \/ Yoast SEO plugin. -->","yoast_head_json":{"title":"Cesta familiar 9kg - Mercat Frutal","robots":{"index":"noindex","follow":"follow","max-snippet":"max-snippet:-1","max-image-preview":"max-image-preview:large","max-video-preview":"max-video-preview:-1"},"og_locale":"ca_ES","og_type":"article","og_title":"Cesta familiar 9kg - Mercat Frutal","og_description":"\u00a1Nuestras cestas son diferentes cada semana! Nos guiamos por las estaciones, seleccionando las verduras m\u00e1s frescas que recibimos cada d\u00eda, muchas veces recolectadas la misma ma\u00f1ana. Tambi\u00e9n encontrar\u00e1s las mejores frutas de temporada, pondremos lo mejor del momento! El contenido depender\u00e1 de la disponibilidad y frescura de los siguientes productos.  IMPORTANTE: Si hay alguna cosa que no te gusta o si tienes alguna alergia, al finalizar la compra lo puedes indicar en comentarios.","og_url":"https:\/\/dev.mercatfrutal.com\/ca\/producte\/cesta-familiar-9kg\/","og_site_name":"Mercat Frutal","article_modified_time":"2025-06-04T12:09:15+00:00","og_image":[{"width":2560,"height":2560,"url":"https:\/\/dev.mercatfrutal.com\/wp-content\/uploads\/2025\/04\/polvo-de-baobab-2-scaled.jpg","type":"image\/jpeg"}],"twitter_card":"summary_large_image","twitter_misc":{"Temps estimat de lectura":"1 minut"},"schema":{"@context":"https:\/\/schema.org","@graph":[{"@type":"WebPage","@id":"https:\/\/dev.mercatfrutal.com\/producto\/cesta-familiar-9kg\/","url":"https:\/\/dev.mercatfrutal.com\/producto\/cesta-familiar-9kg\/","name":"Cesta familiar 9kg - Mercat Frutal","isPartOf":{"@id":"https:\/\/dev.mercatfrutal.com\/#website"},"primaryImageOfPage":{"@id":"https:\/\/dev.mercatfrutal.com\/producto\/cesta-familiar-9kg\/#primaryimage"},"image":{"@id":"https:\/\/dev.mercatfrutal.com\/producto\/cesta-familiar-9kg\/#primaryimage"},"thumbnailUrl":"https:\/\/dev.mercatfrutal.com\/wp-content\/uploads\/2025\/04\/polvo-de-baobab-2-scaled.jpg","datePublished":"2025-01-30T11:42:03+00:00","dateModified":"2025-06-04T12:09:15+00:00","breadcrumb":{"@id":"https:\/\/dev.mercatfrutal.com\/producto\/cesta-familiar-9kg\/#breadcrumb"},"inLanguage":"ca","potentialAction":[{"@type":"ReadAction","target":["https:\/\/dev.mercatfrutal.com\/producto\/cesta-familiar-9kg\/"]}]},{"@type":"ImageObject","inLanguage":"ca","@id":"https:\/\/dev.mercatfrutal.com\/producto\/cesta-familiar-9kg\/#primaryimage","url":"https:\/\/dev.mercatfrutal.com\/wp-content\/uploads\/2025\/04\/polvo-de-baobab-2-scaled.jpg","contentUrl":"https:\/\/dev.mercatfrutal.com\/wp-content\/uploads\/2025\/04\/polvo-de-baobab-2-scaled.jpg","width":2560,"height":2560,"caption":"cesta familiar"},{"@type":"BreadcrumbList","@id":"https:\/\/dev.mercatfrutal.com\/producto\/cesta-familiar-9kg\/#breadcrumb","itemListElement":[{"@type":"ListItem","position":1,"name":"Portada","item":"https:\/\/dev.mercatfrutal.com\/"},{"@type":"ListItem","position":2,"name":"Tienda","item":"https:\/\/dev.mercatfrutal.com\/tienda\/"},{"@type":"ListItem","position":3,"name":"Cesta familiar 9kg"}]},{"@type":"WebSite","@id":"https:\/\/dev.mercatfrutal.com\/#website","url":"https:\/\/dev.mercatfrutal.com\/","name":"Mercat Frutal","description":"","publisher":{"@id":"https:\/\/dev.mercatfrutal.com\/#organization"},"alternateName":"Mercat Frutal","potentialAction":[{"@type":"SearchAction","target":{"@type":"EntryPoint","urlTemplate":"https:\/\/dev.mercatfrutal.com\/?s={search_term_string}"},"query-input":{"@type":"PropertyValueSpecification","valueRequired":true,"valueName":"search_term_string"}}],"inLanguage":"ca"},{"@type":"Organization","@id":"https:\/\/dev.mercatfrutal.com\/#organization","name":"Mercat Frutal","url":"https:\/\/dev.mercatfrutal.com\/","logo":{"@type":"ImageObject","inLanguage":"ca","@id":"https:\/\/dev.mercatfrutal.com\/#\/schema\/logo\/image\/","url":"https:\/\/dev.mercatfrutal.com\/wp-content\/uploads\/2024\/01\/LOGO-FRUTAL3.png","contentUrl":"https:\/\/dev.mercatfrutal.com\/wp-content\/uploads\/2024\/01\/LOGO-FRUTAL3.png","width":1024,"height":382,"caption":"Mercat Frutal"},"image":{"@id":"https:\/\/dev.mercatfrutal.com\/#\/schema\/logo\/image\/"}}]}},"jetpack_sharing_enabled":true,"_links":{"self":[{"href":"https:\/\/dev.mercatfrutal.com\/ca\/wp-json\/wp\/v2\/product\/7188","targetHints":{"allow":["GET"]}}],"collection":[{"href":"https:\/\/dev.mercatfrutal.com\/ca\/wp-json\/wp\/v2\/product"}],"about":[{"href":"https:\/\/dev.mercatfrutal.com\/ca\/wp-json\/wp\/v2\/types\/product"}],"replies":[{"embeddable":true,"href":"https:\/\/dev.mercatfrutal.com\/ca\/wp-json\/wp\/v2\/comments?post=7188"}],"wp:featuredmedia":[{"embeddable":true,"href":"https:\/\/dev.mercatfrutal.com\/ca\/wp-json\/wp\/v2\/media\/8538"}],"wp:attachment":[{"href":"https:\/\/dev.mercatfrutal.com\/ca\/wp-json\/wp\/v2\/media?parent=7188"}],"wp:term":[{"taxonomy":"product_brand","embeddable":true,"href":"https:\/\/dev.mercatfrutal.com\/ca\/wp-json\/wp\/v2\/product_brand?post=7188"},{"taxonomy":"product_cat","embeddable":true,"href":"https:\/\/dev.mercatfrutal.com\/ca\/wp-json\/wp\/v2\/product_cat?post=7188"},{"taxonomy":"product_tag","embeddable":true,"href":"https:\/\/dev.mercatfrutal.com\/ca\/wp-json\/wp\/v2\/product_tag?post=7188"}],"curies":[{"name":"wp","href":"https:\/\/api.w.org\/{rel}","templated":true}]}}