{"id":7351,"date":"2025-02-11T12:47:14","date_gmt":"2025-02-11T11:47:14","guid":{"rendered":"https:\/\/dev.mercatfrutal.com\/?post_type=product&#038;p=7351"},"modified":"2025-12-17T09:21:14","modified_gmt":"2025-12-17T08:21:14","slug":"kefir-griego-cabra-420g-eco","status":"publish","type":"product","link":"https:\/\/dev.mercatfrutal.com\/ca\/producte\/kefir-griego-cabra-420g-eco\/","title":{"rendered":"Kefir Griego Cabra 420g ECO"},"content":{"rendered":"","protected":false},"excerpt":{"rendered":"<p data-start=\"85\" data-end=\"281\">El k\u00e9fir griego de cabra ecol\u00f3gico destaca por su textura espesa y sabor suave. Elaborado con leche de cabra ecol\u00f3gica fermentada, es una opci\u00f3n saludable y digestiva.<\/p>\n<h2 data-start=\"283\" data-end=\"517\"><strong data-start=\"283\" data-end=\"338\">Propiedades y beneficios del K\u00e9fir Griego Cabra ECO<\/strong><\/h2>\n<p data-start=\"283\" data-end=\"517\">Rico en probi\u00f3ticos naturales, prote\u00ednas y calcio, fortalece la flora intestinal, mejora la digesti\u00f3n y refuerza el sistema inmunol\u00f3gico. Es m\u00e1s digestivo que el k\u00e9fir de vaca.<\/p>\n<h2 data-start=\"519\" data-end=\"714\"><strong data-start=\"519\" data-end=\"554\">Usos del K\u00e9fir Griego Cabra ECO<\/strong><\/h2>\n<p data-start=\"519\" data-end=\"714\">Ideal como desayuno, en batidos, con fruta o granola, o como base para salsas y postres saludables. Aporta saciedad y nutrici\u00f3n en cualquier momento del d\u00eda.<\/p>","protected":false},"featured_media":7426,"comment_status":"open","ping_status":"closed","template":"","meta":{"content-type":""},"product_brand":[],"product_cat":[331],"product_tag":[],"class_list":{"0":"post-7351","1":"product","2":"type-product","3":"status-publish","4":"has-post-thumbnail","6":"product_cat-kefir","8":"first","9":"instock","10":"taxable","11":"shipping-taxable","12":"purchasable","13":"product-type-simple"},"bundled_by":[],"bundle_stock_status":"instock","bundle_stock_quantity":null,"bundle_virtual":false,"bundle_layout":"","bundle_add_to_cart_form_location":"","bundle_editable_in_cart":false,"bundle_sold_individually_context":"","bundle_item_grouping":"","bundle_min_size":"","bundle_max_size":"","bundle_price":[],"bundled_items":[],"bundle_sell_ids":[],"yoast_head":"<!-- This site is optimized with the Yoast SEO plugin v26.9 - https:\/\/yoast.com\/product\/yoast-seo-wordpress\/ -->\n<title>Kefir Griego Cabra 420g ECO - Mercat Frutal<\/title>\n<meta name=\"robots\" content=\"noindex, follow, max-snippet:-1, max-image-preview:large, max-video-preview:-1\" \/>\n<meta property=\"og:locale\" content=\"ca_ES\" \/>\n<meta property=\"og:type\" content=\"article\" \/>\n<meta property=\"og:title\" content=\"Kefir Griego Cabra 420g ECO - Mercat Frutal\" \/>\n<meta property=\"og:description\" content=\"El k\u00e9fir griego de cabra ecol\u00f3gico destaca por su textura espesa y sabor suave. Elaborado con leche de cabra ecol\u00f3gica fermentada, es una opci\u00f3n saludable y digestiva.  Propiedades y beneficios del K\u00e9fir Griego Cabra ECO Rico en probi\u00f3ticos naturales, prote\u00ednas y calcio, fortalece la flora intestinal, mejora la digesti\u00f3n y refuerza el sistema inmunol\u00f3gico. Es m\u00e1s digestivo que el k\u00e9fir de vaca.  Usos del K\u00e9fir Griego Cabra ECO Ideal como desayuno, en batidos, con fruta o granola, o como base para salsas y postres saludables. Aporta saciedad y nutrici\u00f3n en cualquier momento del d\u00eda.\" \/>\n<meta property=\"og:url\" content=\"https:\/\/dev.mercatfrutal.com\/ca\/producte\/kefir-griego-cabra-420g-eco\/\" \/>\n<meta property=\"og:site_name\" content=\"Mercat Frutal\" \/>\n<meta property=\"article:modified_time\" content=\"2025-12-17T08:21:14+00:00\" \/>\n<meta property=\"og:image\" content=\"https:\/\/dev.mercatfrutal.com\/wp-content\/uploads\/2025\/02\/KEFIR-GRIEGO-DE-CABRA-CANTERO-DE-LETUR-BIO-420g-scaled.jpg\" \/>\n\t<meta property=\"og:image:width\" content=\"2560\" \/>\n\t<meta property=\"og:image:height\" content=\"2560\" \/>\n\t<meta property=\"og:image:type\" content=\"image\/jpeg\" \/>\n<meta name=\"twitter:card\" content=\"summary_large_image\" \/>\n<meta name=\"twitter:label1\" content=\"Temps estimat de lectura\" \/>\n\t<meta name=\"twitter:data1\" content=\"1 minut\" \/>\n<script type=\"application\/ld+json\" class=\"yoast-schema-graph\">{\"@context\":\"https:\/\/schema.org\",\"@graph\":[{\"@type\":\"WebPage\",\"@id\":\"https:\/\/dev.mercatfrutal.com\/producto\/kefir-griego-cabra-420g-eco\/\",\"url\":\"https:\/\/dev.mercatfrutal.com\/producto\/kefir-griego-cabra-420g-eco\/\",\"name\":\"Kefir Griego Cabra 420g ECO - Mercat Frutal\",\"isPartOf\":{\"@id\":\"https:\/\/dev.mercatfrutal.com\/#website\"},\"primaryImageOfPage\":{\"@id\":\"https:\/\/dev.mercatfrutal.com\/producto\/kefir-griego-cabra-420g-eco\/#primaryimage\"},\"image\":{\"@id\":\"https:\/\/dev.mercatfrutal.com\/producto\/kefir-griego-cabra-420g-eco\/#primaryimage\"},\"thumbnailUrl\":\"https:\/\/dev.mercatfrutal.com\/wp-content\/uploads\/2025\/02\/KEFIR-GRIEGO-DE-CABRA-CANTERO-DE-LETUR-BIO-420g-scaled.jpg\",\"datePublished\":\"2025-02-11T11:47:14+00:00\",\"dateModified\":\"2025-12-17T08:21:14+00:00\",\"breadcrumb\":{\"@id\":\"https:\/\/dev.mercatfrutal.com\/producto\/kefir-griego-cabra-420g-eco\/#breadcrumb\"},\"inLanguage\":\"ca\",\"potentialAction\":[{\"@type\":\"ReadAction\",\"target\":[\"https:\/\/dev.mercatfrutal.com\/producto\/kefir-griego-cabra-420g-eco\/\"]}]},{\"@type\":\"ImageObject\",\"inLanguage\":\"ca\",\"@id\":\"https:\/\/dev.mercatfrutal.com\/producto\/kefir-griego-cabra-420g-eco\/#primaryimage\",\"url\":\"https:\/\/dev.mercatfrutal.com\/wp-content\/uploads\/2025\/02\/KEFIR-GRIEGO-DE-CABRA-CANTERO-DE-LETUR-BIO-420g-scaled.jpg\",\"contentUrl\":\"https:\/\/dev.mercatfrutal.com\/wp-content\/uploads\/2025\/02\/KEFIR-GRIEGO-DE-CABRA-CANTERO-DE-LETUR-BIO-420g-scaled.jpg\",\"width\":2560,\"height\":2560,\"caption\":\"KEFIR GRIEGO DE CABRA CANTERO DE LETUR BIO 420g\"},{\"@type\":\"BreadcrumbList\",\"@id\":\"https:\/\/dev.mercatfrutal.com\/producto\/kefir-griego-cabra-420g-eco\/#breadcrumb\",\"itemListElement\":[{\"@type\":\"ListItem\",\"position\":1,\"name\":\"Portada\",\"item\":\"https:\/\/dev.mercatfrutal.com\/\"},{\"@type\":\"ListItem\",\"position\":2,\"name\":\"Tienda\",\"item\":\"https:\/\/dev.mercatfrutal.com\/tienda\/\"},{\"@type\":\"ListItem\",\"position\":3,\"name\":\"Kefir Griego Cabra 420g ECO\"}]},{\"@type\":\"WebSite\",\"@id\":\"https:\/\/dev.mercatfrutal.com\/#website\",\"url\":\"https:\/\/dev.mercatfrutal.com\/\",\"name\":\"Mercat Frutal\",\"description\":\"\",\"publisher\":{\"@id\":\"https:\/\/dev.mercatfrutal.com\/#organization\"},\"alternateName\":\"Mercat Frutal\",\"potentialAction\":[{\"@type\":\"SearchAction\",\"target\":{\"@type\":\"EntryPoint\",\"urlTemplate\":\"https:\/\/dev.mercatfrutal.com\/?s={search_term_string}\"},\"query-input\":{\"@type\":\"PropertyValueSpecification\",\"valueRequired\":true,\"valueName\":\"search_term_string\"}}],\"inLanguage\":\"ca\"},{\"@type\":\"Organization\",\"@id\":\"https:\/\/dev.mercatfrutal.com\/#organization\",\"name\":\"Mercat Frutal\",\"url\":\"https:\/\/dev.mercatfrutal.com\/\",\"logo\":{\"@type\":\"ImageObject\",\"inLanguage\":\"ca\",\"@id\":\"https:\/\/dev.mercatfrutal.com\/#\/schema\/logo\/image\/\",\"url\":\"https:\/\/dev.mercatfrutal.com\/wp-content\/uploads\/2024\/01\/LOGO-FRUTAL3.png\",\"contentUrl\":\"https:\/\/dev.mercatfrutal.com\/wp-content\/uploads\/2024\/01\/LOGO-FRUTAL3.png\",\"width\":1024,\"height\":382,\"caption\":\"Mercat Frutal\"},\"image\":{\"@id\":\"https:\/\/dev.mercatfrutal.com\/#\/schema\/logo\/image\/\"}}]}<\/script>\n<!-- \/ Yoast SEO plugin. -->","yoast_head_json":{"title":"Kefir Griego Cabra 420g ECO - Mercat Frutal","robots":{"index":"noindex","follow":"follow","max-snippet":"max-snippet:-1","max-image-preview":"max-image-preview:large","max-video-preview":"max-video-preview:-1"},"og_locale":"ca_ES","og_type":"article","og_title":"Kefir Griego Cabra 420g ECO - Mercat Frutal","og_description":"El k\u00e9fir griego de cabra ecol\u00f3gico destaca por su textura espesa y sabor suave. Elaborado con leche de cabra ecol\u00f3gica fermentada, es una opci\u00f3n saludable y digestiva.  Propiedades y beneficios del K\u00e9fir Griego Cabra ECO Rico en probi\u00f3ticos naturales, prote\u00ednas y calcio, fortalece la flora intestinal, mejora la digesti\u00f3n y refuerza el sistema inmunol\u00f3gico. Es m\u00e1s digestivo que el k\u00e9fir de vaca.  Usos del K\u00e9fir Griego Cabra ECO Ideal como desayuno, en batidos, con fruta o granola, o como base para salsas y postres saludables. Aporta saciedad y nutrici\u00f3n en cualquier momento del d\u00eda.","og_url":"https:\/\/dev.mercatfrutal.com\/ca\/producte\/kefir-griego-cabra-420g-eco\/","og_site_name":"Mercat Frutal","article_modified_time":"2025-12-17T08:21:14+00:00","og_image":[{"width":2560,"height":2560,"url":"https:\/\/dev.mercatfrutal.com\/wp-content\/uploads\/2025\/02\/KEFIR-GRIEGO-DE-CABRA-CANTERO-DE-LETUR-BIO-420g-scaled.jpg","type":"image\/jpeg"}],"twitter_card":"summary_large_image","twitter_misc":{"Temps estimat de lectura":"1 minut"},"schema":{"@context":"https:\/\/schema.org","@graph":[{"@type":"WebPage","@id":"https:\/\/dev.mercatfrutal.com\/producto\/kefir-griego-cabra-420g-eco\/","url":"https:\/\/dev.mercatfrutal.com\/producto\/kefir-griego-cabra-420g-eco\/","name":"Kefir Griego Cabra 420g ECO - Mercat Frutal","isPartOf":{"@id":"https:\/\/dev.mercatfrutal.com\/#website"},"primaryImageOfPage":{"@id":"https:\/\/dev.mercatfrutal.com\/producto\/kefir-griego-cabra-420g-eco\/#primaryimage"},"image":{"@id":"https:\/\/dev.mercatfrutal.com\/producto\/kefir-griego-cabra-420g-eco\/#primaryimage"},"thumbnailUrl":"https:\/\/dev.mercatfrutal.com\/wp-content\/uploads\/2025\/02\/KEFIR-GRIEGO-DE-CABRA-CANTERO-DE-LETUR-BIO-420g-scaled.jpg","datePublished":"2025-02-11T11:47:14+00:00","dateModified":"2025-12-17T08:21:14+00:00","breadcrumb":{"@id":"https:\/\/dev.mercatfrutal.com\/producto\/kefir-griego-cabra-420g-eco\/#breadcrumb"},"inLanguage":"ca","potentialAction":[{"@type":"ReadAction","target":["https:\/\/dev.mercatfrutal.com\/producto\/kefir-griego-cabra-420g-eco\/"]}]},{"@type":"ImageObject","inLanguage":"ca","@id":"https:\/\/dev.mercatfrutal.com\/producto\/kefir-griego-cabra-420g-eco\/#primaryimage","url":"https:\/\/dev.mercatfrutal.com\/wp-content\/uploads\/2025\/02\/KEFIR-GRIEGO-DE-CABRA-CANTERO-DE-LETUR-BIO-420g-scaled.jpg","contentUrl":"https:\/\/dev.mercatfrutal.com\/wp-content\/uploads\/2025\/02\/KEFIR-GRIEGO-DE-CABRA-CANTERO-DE-LETUR-BIO-420g-scaled.jpg","width":2560,"height":2560,"caption":"KEFIR GRIEGO DE CABRA CANTERO DE LETUR BIO 420g"},{"@type":"BreadcrumbList","@id":"https:\/\/dev.mercatfrutal.com\/producto\/kefir-griego-cabra-420g-eco\/#breadcrumb","itemListElement":[{"@type":"ListItem","position":1,"name":"Portada","item":"https:\/\/dev.mercatfrutal.com\/"},{"@type":"ListItem","position":2,"name":"Tienda","item":"https:\/\/dev.mercatfrutal.com\/tienda\/"},{"@type":"ListItem","position":3,"name":"Kefir Griego Cabra 420g ECO"}]},{"@type":"WebSite","@id":"https:\/\/dev.mercatfrutal.com\/#website","url":"https:\/\/dev.mercatfrutal.com\/","name":"Mercat Frutal","description":"","publisher":{"@id":"https:\/\/dev.mercatfrutal.com\/#organization"},"alternateName":"Mercat Frutal","potentialAction":[{"@type":"SearchAction","target":{"@type":"EntryPoint","urlTemplate":"https:\/\/dev.mercatfrutal.com\/?s={search_term_string}"},"query-input":{"@type":"PropertyValueSpecification","valueRequired":true,"valueName":"search_term_string"}}],"inLanguage":"ca"},{"@type":"Organization","@id":"https:\/\/dev.mercatfrutal.com\/#organization","name":"Mercat Frutal","url":"https:\/\/dev.mercatfrutal.com\/","logo":{"@type":"ImageObject","inLanguage":"ca","@id":"https:\/\/dev.mercatfrutal.com\/#\/schema\/logo\/image\/","url":"https:\/\/dev.mercatfrutal.com\/wp-content\/uploads\/2024\/01\/LOGO-FRUTAL3.png","contentUrl":"https:\/\/dev.mercatfrutal.com\/wp-content\/uploads\/2024\/01\/LOGO-FRUTAL3.png","width":1024,"height":382,"caption":"Mercat Frutal"},"image":{"@id":"https:\/\/dev.mercatfrutal.com\/#\/schema\/logo\/image\/"}}]}},"jetpack_sharing_enabled":true,"_links":{"self":[{"href":"https:\/\/dev.mercatfrutal.com\/ca\/wp-json\/wp\/v2\/product\/7351","targetHints":{"allow":["GET"]}}],"collection":[{"href":"https:\/\/dev.mercatfrutal.com\/ca\/wp-json\/wp\/v2\/product"}],"about":[{"href":"https:\/\/dev.mercatfrutal.com\/ca\/wp-json\/wp\/v2\/types\/product"}],"replies":[{"embeddable":true,"href":"https:\/\/dev.mercatfrutal.com\/ca\/wp-json\/wp\/v2\/comments?post=7351"}],"wp:featuredmedia":[{"embeddable":true,"href":"https:\/\/dev.mercatfrutal.com\/ca\/wp-json\/wp\/v2\/media\/7426"}],"wp:attachment":[{"href":"https:\/\/dev.mercatfrutal.com\/ca\/wp-json\/wp\/v2\/media?parent=7351"}],"wp:term":[{"taxonomy":"product_brand","embeddable":true,"href":"https:\/\/dev.mercatfrutal.com\/ca\/wp-json\/wp\/v2\/product_brand?post=7351"},{"taxonomy":"product_cat","embeddable":true,"href":"https:\/\/dev.mercatfrutal.com\/ca\/wp-json\/wp\/v2\/product_cat?post=7351"},{"taxonomy":"product_tag","embeddable":true,"href":"https:\/\/dev.mercatfrutal.com\/ca\/wp-json\/wp\/v2\/product_tag?post=7351"}],"curies":[{"name":"wp","href":"https:\/\/api.w.org\/{rel}","templated":true}]}}