{"id":7362,"date":"2025-02-11T12:47:58","date_gmt":"2025-02-11T11:47:58","guid":{"rendered":"https:\/\/dev.mercatfrutal.com\/?post_type=product&#038;p=7362"},"modified":"2025-12-17T09:21:14","modified_gmt":"2025-12-17T08:21:14","slug":"yogur-de-oveja-125g-eco","status":"publish","type":"product","link":"https:\/\/dev.mercatfrutal.com\/ca\/producte\/yogur-de-oveja-125g-eco\/","title":{"rendered":"Yogur de Oveja 125g ECO"},"content":{"rendered":"","protected":false},"excerpt":{"rendered":"<p data-start=\"3751\" data-end=\"3904\">El yogur de oveja ecol\u00f3gico se elabora con leche de oveja entera, ofreciendo una textura suave y un sabor m\u00e1s intenso y cremoso.<\/p>\n<h2 data-start=\"3906\" data-end=\"4133\"><strong data-start=\"3906\" data-end=\"3957\">Propiedades y beneficios del Yogur de Oveja 125g ECO<\/strong><\/h2>\n<p data-start=\"3906\" data-end=\"4133\">Rico en calcio, prote\u00ednas, probi\u00f3ticos y vitamina B12. Su alta digestibilidad lo convierte en una excelente opci\u00f3n para cuidar la flora intestinal y fortalecer el organismo.<\/p>\n<h2 data-start=\"4135\" data-end=\"4338\"><strong data-start=\"4135\" data-end=\"4166\">Usos del Yogur de Oveja 125 ECO<\/strong><\/h2>\n<p data-start=\"4135\" data-end=\"4338\">Ideal solo, con frutas o miel, en reposter\u00eda o como acompa\u00f1amiento en platos orientales. Excelente alternativa al yogur de vaca para quienes buscan m\u00e1s sabor y densidad.<\/p>","protected":false},"featured_media":7423,"comment_status":"open","ping_status":"closed","template":"","meta":{"content-type":""},"product_brand":[],"product_cat":[327],"product_tag":[],"class_list":{"0":"post-7362","1":"product","2":"type-product","3":"status-publish","4":"has-post-thumbnail","6":"product_cat-yogur-de-oveja","8":"first","9":"instock","10":"taxable","11":"shipping-taxable","12":"purchasable","13":"product-type-simple"},"bundled_by":[],"bundle_stock_status":"instock","bundle_stock_quantity":13,"bundle_virtual":false,"bundle_layout":"","bundle_add_to_cart_form_location":"","bundle_editable_in_cart":false,"bundle_sold_individually_context":"","bundle_item_grouping":"","bundle_min_size":"","bundle_max_size":"","bundle_price":[],"bundled_items":[],"bundle_sell_ids":[],"yoast_head":"<!-- This site is optimized with the Yoast SEO plugin v26.9 - https:\/\/yoast.com\/product\/yoast-seo-wordpress\/ -->\n<title>Yogur de Oveja 125g ECO - Mercat Frutal<\/title>\n<meta name=\"robots\" content=\"noindex, follow, max-snippet:-1, max-image-preview:large, max-video-preview:-1\" \/>\n<meta property=\"og:locale\" content=\"ca_ES\" \/>\n<meta property=\"og:type\" content=\"article\" \/>\n<meta property=\"og:title\" content=\"Yogur de Oveja 125g ECO - Mercat Frutal\" \/>\n<meta property=\"og:description\" content=\"El yogur de oveja ecol\u00f3gico se elabora con leche de oveja entera, ofreciendo una textura suave y un sabor m\u00e1s intenso y cremoso.  Propiedades y beneficios del Yogur de Oveja 125g ECO Rico en calcio, prote\u00ednas, probi\u00f3ticos y vitamina B12. Su alta digestibilidad lo convierte en una excelente opci\u00f3n para cuidar la flora intestinal y fortalecer el organismo.  Usos del Yogur de Oveja 125 ECO Ideal solo, con frutas o miel, en reposter\u00eda o como acompa\u00f1amiento en platos orientales. Excelente alternativa al yogur de vaca para quienes buscan m\u00e1s sabor y densidad.\" \/>\n<meta property=\"og:url\" content=\"https:\/\/dev.mercatfrutal.com\/ca\/producte\/yogur-de-oveja-125g-eco\/\" \/>\n<meta property=\"og:site_name\" content=\"Mercat Frutal\" \/>\n<meta property=\"article:modified_time\" content=\"2025-12-17T08:21:14+00:00\" \/>\n<meta property=\"og:image\" content=\"https:\/\/dev.mercatfrutal.com\/wp-content\/uploads\/2025\/02\/YOGUR-DE-OVEJA-BIO-125g-min-scaled.jpg\" \/>\n\t<meta property=\"og:image:width\" content=\"2560\" \/>\n\t<meta property=\"og:image:height\" content=\"2560\" \/>\n\t<meta property=\"og:image:type\" content=\"image\/jpeg\" \/>\n<meta name=\"twitter:card\" content=\"summary_large_image\" \/>\n<meta name=\"twitter:label1\" content=\"Temps estimat de lectura\" \/>\n\t<meta name=\"twitter:data1\" content=\"1 minut\" \/>\n<script type=\"application\/ld+json\" class=\"yoast-schema-graph\">{\"@context\":\"https:\/\/schema.org\",\"@graph\":[{\"@type\":\"WebPage\",\"@id\":\"https:\/\/dev.mercatfrutal.com\/producto\/yogur-de-oveja-125g-eco\/\",\"url\":\"https:\/\/dev.mercatfrutal.com\/producto\/yogur-de-oveja-125g-eco\/\",\"name\":\"Yogur de Oveja 125g ECO - Mercat Frutal\",\"isPartOf\":{\"@id\":\"https:\/\/dev.mercatfrutal.com\/#website\"},\"primaryImageOfPage\":{\"@id\":\"https:\/\/dev.mercatfrutal.com\/producto\/yogur-de-oveja-125g-eco\/#primaryimage\"},\"image\":{\"@id\":\"https:\/\/dev.mercatfrutal.com\/producto\/yogur-de-oveja-125g-eco\/#primaryimage\"},\"thumbnailUrl\":\"https:\/\/dev.mercatfrutal.com\/wp-content\/uploads\/2025\/02\/YOGUR-DE-OVEJA-BIO-125g-min-scaled.jpg\",\"datePublished\":\"2025-02-11T11:47:58+00:00\",\"dateModified\":\"2025-12-17T08:21:14+00:00\",\"breadcrumb\":{\"@id\":\"https:\/\/dev.mercatfrutal.com\/producto\/yogur-de-oveja-125g-eco\/#breadcrumb\"},\"inLanguage\":\"ca\",\"potentialAction\":[{\"@type\":\"ReadAction\",\"target\":[\"https:\/\/dev.mercatfrutal.com\/producto\/yogur-de-oveja-125g-eco\/\"]}]},{\"@type\":\"ImageObject\",\"inLanguage\":\"ca\",\"@id\":\"https:\/\/dev.mercatfrutal.com\/producto\/yogur-de-oveja-125g-eco\/#primaryimage\",\"url\":\"https:\/\/dev.mercatfrutal.com\/wp-content\/uploads\/2025\/02\/YOGUR-DE-OVEJA-BIO-125g-min-scaled.jpg\",\"contentUrl\":\"https:\/\/dev.mercatfrutal.com\/wp-content\/uploads\/2025\/02\/YOGUR-DE-OVEJA-BIO-125g-min-scaled.jpg\",\"width\":2560,\"height\":2560,\"caption\":\"YOGUR DE OVEJA BIO 125g\"},{\"@type\":\"BreadcrumbList\",\"@id\":\"https:\/\/dev.mercatfrutal.com\/producto\/yogur-de-oveja-125g-eco\/#breadcrumb\",\"itemListElement\":[{\"@type\":\"ListItem\",\"position\":1,\"name\":\"Portada\",\"item\":\"https:\/\/dev.mercatfrutal.com\/\"},{\"@type\":\"ListItem\",\"position\":2,\"name\":\"Tienda\",\"item\":\"https:\/\/dev.mercatfrutal.com\/tienda\/\"},{\"@type\":\"ListItem\",\"position\":3,\"name\":\"Yogur de Oveja 125g ECO\"}]},{\"@type\":\"WebSite\",\"@id\":\"https:\/\/dev.mercatfrutal.com\/#website\",\"url\":\"https:\/\/dev.mercatfrutal.com\/\",\"name\":\"Mercat Frutal\",\"description\":\"\",\"publisher\":{\"@id\":\"https:\/\/dev.mercatfrutal.com\/#organization\"},\"alternateName\":\"Mercat Frutal\",\"potentialAction\":[{\"@type\":\"SearchAction\",\"target\":{\"@type\":\"EntryPoint\",\"urlTemplate\":\"https:\/\/dev.mercatfrutal.com\/?s={search_term_string}\"},\"query-input\":{\"@type\":\"PropertyValueSpecification\",\"valueRequired\":true,\"valueName\":\"search_term_string\"}}],\"inLanguage\":\"ca\"},{\"@type\":\"Organization\",\"@id\":\"https:\/\/dev.mercatfrutal.com\/#organization\",\"name\":\"Mercat Frutal\",\"url\":\"https:\/\/dev.mercatfrutal.com\/\",\"logo\":{\"@type\":\"ImageObject\",\"inLanguage\":\"ca\",\"@id\":\"https:\/\/dev.mercatfrutal.com\/#\/schema\/logo\/image\/\",\"url\":\"https:\/\/dev.mercatfrutal.com\/wp-content\/uploads\/2024\/01\/LOGO-FRUTAL3.png\",\"contentUrl\":\"https:\/\/dev.mercatfrutal.com\/wp-content\/uploads\/2024\/01\/LOGO-FRUTAL3.png\",\"width\":1024,\"height\":382,\"caption\":\"Mercat Frutal\"},\"image\":{\"@id\":\"https:\/\/dev.mercatfrutal.com\/#\/schema\/logo\/image\/\"}}]}<\/script>\n<!-- \/ Yoast SEO plugin. -->","yoast_head_json":{"title":"Yogur de Oveja 125g ECO - Mercat Frutal","robots":{"index":"noindex","follow":"follow","max-snippet":"max-snippet:-1","max-image-preview":"max-image-preview:large","max-video-preview":"max-video-preview:-1"},"og_locale":"ca_ES","og_type":"article","og_title":"Yogur de Oveja 125g ECO - Mercat Frutal","og_description":"El yogur de oveja ecol\u00f3gico se elabora con leche de oveja entera, ofreciendo una textura suave y un sabor m\u00e1s intenso y cremoso.  Propiedades y beneficios del Yogur de Oveja 125g ECO Rico en calcio, prote\u00ednas, probi\u00f3ticos y vitamina B12. Su alta digestibilidad lo convierte en una excelente opci\u00f3n para cuidar la flora intestinal y fortalecer el organismo.  Usos del Yogur de Oveja 125 ECO Ideal solo, con frutas o miel, en reposter\u00eda o como acompa\u00f1amiento en platos orientales. Excelente alternativa al yogur de vaca para quienes buscan m\u00e1s sabor y densidad.","og_url":"https:\/\/dev.mercatfrutal.com\/ca\/producte\/yogur-de-oveja-125g-eco\/","og_site_name":"Mercat Frutal","article_modified_time":"2025-12-17T08:21:14+00:00","og_image":[{"width":2560,"height":2560,"url":"https:\/\/dev.mercatfrutal.com\/wp-content\/uploads\/2025\/02\/YOGUR-DE-OVEJA-BIO-125g-min-scaled.jpg","type":"image\/jpeg"}],"twitter_card":"summary_large_image","twitter_misc":{"Temps estimat de lectura":"1 minut"},"schema":{"@context":"https:\/\/schema.org","@graph":[{"@type":"WebPage","@id":"https:\/\/dev.mercatfrutal.com\/producto\/yogur-de-oveja-125g-eco\/","url":"https:\/\/dev.mercatfrutal.com\/producto\/yogur-de-oveja-125g-eco\/","name":"Yogur de Oveja 125g ECO - Mercat Frutal","isPartOf":{"@id":"https:\/\/dev.mercatfrutal.com\/#website"},"primaryImageOfPage":{"@id":"https:\/\/dev.mercatfrutal.com\/producto\/yogur-de-oveja-125g-eco\/#primaryimage"},"image":{"@id":"https:\/\/dev.mercatfrutal.com\/producto\/yogur-de-oveja-125g-eco\/#primaryimage"},"thumbnailUrl":"https:\/\/dev.mercatfrutal.com\/wp-content\/uploads\/2025\/02\/YOGUR-DE-OVEJA-BIO-125g-min-scaled.jpg","datePublished":"2025-02-11T11:47:58+00:00","dateModified":"2025-12-17T08:21:14+00:00","breadcrumb":{"@id":"https:\/\/dev.mercatfrutal.com\/producto\/yogur-de-oveja-125g-eco\/#breadcrumb"},"inLanguage":"ca","potentialAction":[{"@type":"ReadAction","target":["https:\/\/dev.mercatfrutal.com\/producto\/yogur-de-oveja-125g-eco\/"]}]},{"@type":"ImageObject","inLanguage":"ca","@id":"https:\/\/dev.mercatfrutal.com\/producto\/yogur-de-oveja-125g-eco\/#primaryimage","url":"https:\/\/dev.mercatfrutal.com\/wp-content\/uploads\/2025\/02\/YOGUR-DE-OVEJA-BIO-125g-min-scaled.jpg","contentUrl":"https:\/\/dev.mercatfrutal.com\/wp-content\/uploads\/2025\/02\/YOGUR-DE-OVEJA-BIO-125g-min-scaled.jpg","width":2560,"height":2560,"caption":"YOGUR DE OVEJA BIO 125g"},{"@type":"BreadcrumbList","@id":"https:\/\/dev.mercatfrutal.com\/producto\/yogur-de-oveja-125g-eco\/#breadcrumb","itemListElement":[{"@type":"ListItem","position":1,"name":"Portada","item":"https:\/\/dev.mercatfrutal.com\/"},{"@type":"ListItem","position":2,"name":"Tienda","item":"https:\/\/dev.mercatfrutal.com\/tienda\/"},{"@type":"ListItem","position":3,"name":"Yogur de Oveja 125g ECO"}]},{"@type":"WebSite","@id":"https:\/\/dev.mercatfrutal.com\/#website","url":"https:\/\/dev.mercatfrutal.com\/","name":"Mercat Frutal","description":"","publisher":{"@id":"https:\/\/dev.mercatfrutal.com\/#organization"},"alternateName":"Mercat Frutal","potentialAction":[{"@type":"SearchAction","target":{"@type":"EntryPoint","urlTemplate":"https:\/\/dev.mercatfrutal.com\/?s={search_term_string}"},"query-input":{"@type":"PropertyValueSpecification","valueRequired":true,"valueName":"search_term_string"}}],"inLanguage":"ca"},{"@type":"Organization","@id":"https:\/\/dev.mercatfrutal.com\/#organization","name":"Mercat Frutal","url":"https:\/\/dev.mercatfrutal.com\/","logo":{"@type":"ImageObject","inLanguage":"ca","@id":"https:\/\/dev.mercatfrutal.com\/#\/schema\/logo\/image\/","url":"https:\/\/dev.mercatfrutal.com\/wp-content\/uploads\/2024\/01\/LOGO-FRUTAL3.png","contentUrl":"https:\/\/dev.mercatfrutal.com\/wp-content\/uploads\/2024\/01\/LOGO-FRUTAL3.png","width":1024,"height":382,"caption":"Mercat Frutal"},"image":{"@id":"https:\/\/dev.mercatfrutal.com\/#\/schema\/logo\/image\/"}}]}},"jetpack_sharing_enabled":true,"_links":{"self":[{"href":"https:\/\/dev.mercatfrutal.com\/ca\/wp-json\/wp\/v2\/product\/7362","targetHints":{"allow":["GET"]}}],"collection":[{"href":"https:\/\/dev.mercatfrutal.com\/ca\/wp-json\/wp\/v2\/product"}],"about":[{"href":"https:\/\/dev.mercatfrutal.com\/ca\/wp-json\/wp\/v2\/types\/product"}],"replies":[{"embeddable":true,"href":"https:\/\/dev.mercatfrutal.com\/ca\/wp-json\/wp\/v2\/comments?post=7362"}],"wp:featuredmedia":[{"embeddable":true,"href":"https:\/\/dev.mercatfrutal.com\/ca\/wp-json\/wp\/v2\/media\/7423"}],"wp:attachment":[{"href":"https:\/\/dev.mercatfrutal.com\/ca\/wp-json\/wp\/v2\/media?parent=7362"}],"wp:term":[{"taxonomy":"product_brand","embeddable":true,"href":"https:\/\/dev.mercatfrutal.com\/ca\/wp-json\/wp\/v2\/product_brand?post=7362"},{"taxonomy":"product_cat","embeddable":true,"href":"https:\/\/dev.mercatfrutal.com\/ca\/wp-json\/wp\/v2\/product_cat?post=7362"},{"taxonomy":"product_tag","embeddable":true,"href":"https:\/\/dev.mercatfrutal.com\/ca\/wp-json\/wp\/v2\/product_tag?post=7362"}],"curies":[{"name":"wp","href":"https:\/\/api.w.org\/{rel}","templated":true}]}}