{"id":8949,"date":"2025-05-26T11:26:24","date_gmt":"2025-05-26T09:26:24","guid":{"rendered":"https:\/\/dev.mercatfrutal.com\/producto\/platan-vermell-500g\/"},"modified":"2025-06-02T12:28:06","modified_gmt":"2025-06-02T10:28:06","slug":"platano-rojo-500g","status":"publish","type":"product","link":"https:\/\/dev.mercatfrutal.com\/ca\/producte\/platano-rojo-500g\/","title":{"rendered":"Pl\u00e1tano Rojo 500g"},"content":{"rendered":"","protected":false},"excerpt":{"rendered":"<p data-start=\"4621\" data-end=\"4804\">El pl\u00e1tano rojo ecol\u00f3gico es una variedad ex\u00f3tica de sabor m\u00e1s dulce y textura m\u00e1s cremosa que el tradicional. Su piel rojiza y su aroma intenso lo hacen \u00fanico.<\/p>\n<h2 data-start=\"4806\" data-end=\"5039\"><strong data-start=\"4806\" data-end=\"4855\">Propiedades y beneficios del Pl\u00e1tano Rojo ECO<\/strong><\/h2>\n<p data-start=\"4806\" data-end=\"5039\">Aporta vitamina C, B6 y potasio, beneficioso para la energ\u00eda y la salud muscular. Tambi\u00e9n es fuente de fibra y antioxidantes, lo que lo convierte en un alimento completo y saciante.<\/p>\n<h2 data-start=\"5041\" data-end=\"5229\"><strong data-start=\"5041\" data-end=\"5070\">Usos del Pl\u00e1tano Rojo ECO<\/strong><\/h2>\n<p data-start=\"5041\" data-end=\"5229\">Perfecto como snack, en batidos, reposter\u00eda o para acompa\u00f1ar cereales y yogures. Su dulzura lo hace ideal tambi\u00e9n para platos ex\u00f3ticos y postres tropicales.<\/p>","protected":false},"featured_media":8950,"comment_status":"open","ping_status":"closed","template":"","meta":{"content-type":""},"product_brand":[],"product_cat":[26],"product_tag":[],"class_list":{"0":"post-8949","1":"product","2":"type-product","3":"status-publish","4":"has-post-thumbnail","6":"product_cat-frutas","8":"first","9":"instock","10":"taxable","11":"shipping-taxable","12":"purchasable","13":"product-type-simple"},"bundled_by":[],"bundle_stock_status":"instock","bundle_stock_quantity":null,"bundle_virtual":false,"bundle_layout":"","bundle_add_to_cart_form_location":"","bundle_editable_in_cart":false,"bundle_sold_individually_context":"","bundle_item_grouping":"","bundle_min_size":"","bundle_max_size":"","bundle_price":[],"bundled_items":[],"bundle_sell_ids":[],"yoast_head":"<!-- This site is optimized with the Yoast SEO plugin v26.9 - https:\/\/yoast.com\/product\/yoast-seo-wordpress\/ -->\n<title>Pl\u00e1tano Rojo 500g - Mercat Frutal<\/title>\n<meta name=\"robots\" content=\"noindex, follow, max-snippet:-1, max-image-preview:large, max-video-preview:-1\" \/>\n<meta property=\"og:locale\" content=\"ca_ES\" \/>\n<meta property=\"og:type\" content=\"article\" \/>\n<meta property=\"og:title\" content=\"Pl\u00e1tano Rojo 500g - Mercat Frutal\" \/>\n<meta property=\"og:description\" content=\"El pl\u00e1tano rojo ecol\u00f3gico es una variedad ex\u00f3tica de sabor m\u00e1s dulce y textura m\u00e1s cremosa que el tradicional. Su piel rojiza y su aroma intenso lo hacen \u00fanico.  Propiedades y beneficios del Pl\u00e1tano Rojo ECO Aporta vitamina C, B6 y potasio, beneficioso para la energ\u00eda y la salud muscular. Tambi\u00e9n es fuente de fibra y antioxidantes, lo que lo convierte en un alimento completo y saciante.  Usos del Pl\u00e1tano Rojo ECO Perfecto como snack, en batidos, reposter\u00eda o para acompa\u00f1ar cereales y yogures. Su dulzura lo hace ideal tambi\u00e9n para platos ex\u00f3ticos y postres tropicales.\" \/>\n<meta property=\"og:url\" content=\"https:\/\/dev.mercatfrutal.com\/ca\/producte\/platano-rojo-500g\/\" \/>\n<meta property=\"og:site_name\" content=\"Mercat Frutal\" \/>\n<meta property=\"article:modified_time\" content=\"2025-06-02T10:28:06+00:00\" \/>\n<meta property=\"og:image\" content=\"https:\/\/dev.mercatfrutal.com\/wp-content\/uploads\/2025\/05\/platano-rojo-scaled.png\" \/>\n\t<meta property=\"og:image:width\" content=\"2560\" \/>\n\t<meta property=\"og:image:height\" content=\"2560\" \/>\n\t<meta property=\"og:image:type\" content=\"image\/png\" \/>\n<meta name=\"twitter:card\" content=\"summary_large_image\" \/>\n<meta name=\"twitter:label1\" content=\"Temps estimat de lectura\" \/>\n\t<meta name=\"twitter:data1\" content=\"1 minut\" \/>\n<script type=\"application\/ld+json\" class=\"yoast-schema-graph\">{\"@context\":\"https:\/\/schema.org\",\"@graph\":[{\"@type\":\"WebPage\",\"@id\":\"https:\/\/dev.mercatfrutal.com\/producto\/platano-rojo-500g\/\",\"url\":\"https:\/\/dev.mercatfrutal.com\/producto\/platano-rojo-500g\/\",\"name\":\"Pl\u00e1tano Rojo 500g - Mercat Frutal\",\"isPartOf\":{\"@id\":\"https:\/\/dev.mercatfrutal.com\/#website\"},\"primaryImageOfPage\":{\"@id\":\"https:\/\/dev.mercatfrutal.com\/producto\/platano-rojo-500g\/#primaryimage\"},\"image\":{\"@id\":\"https:\/\/dev.mercatfrutal.com\/producto\/platano-rojo-500g\/#primaryimage\"},\"thumbnailUrl\":\"https:\/\/dev.mercatfrutal.com\/wp-content\/uploads\/2025\/05\/platano-rojo-scaled.png\",\"datePublished\":\"2025-05-26T09:26:24+00:00\",\"dateModified\":\"2025-06-02T10:28:06+00:00\",\"breadcrumb\":{\"@id\":\"https:\/\/dev.mercatfrutal.com\/producto\/platano-rojo-500g\/#breadcrumb\"},\"inLanguage\":\"ca\",\"potentialAction\":[{\"@type\":\"ReadAction\",\"target\":[\"https:\/\/dev.mercatfrutal.com\/producto\/platano-rojo-500g\/\"]}]},{\"@type\":\"ImageObject\",\"inLanguage\":\"ca\",\"@id\":\"https:\/\/dev.mercatfrutal.com\/producto\/platano-rojo-500g\/#primaryimage\",\"url\":\"https:\/\/dev.mercatfrutal.com\/wp-content\/uploads\/2025\/05\/platano-rojo-scaled.png\",\"contentUrl\":\"https:\/\/dev.mercatfrutal.com\/wp-content\/uploads\/2025\/05\/platano-rojo-scaled.png\",\"width\":2560,\"height\":2560},{\"@type\":\"BreadcrumbList\",\"@id\":\"https:\/\/dev.mercatfrutal.com\/producto\/platano-rojo-500g\/#breadcrumb\",\"itemListElement\":[{\"@type\":\"ListItem\",\"position\":1,\"name\":\"Portada\",\"item\":\"https:\/\/dev.mercatfrutal.com\/\"},{\"@type\":\"ListItem\",\"position\":2,\"name\":\"Tienda\",\"item\":\"https:\/\/dev.mercatfrutal.com\/tienda\/\"},{\"@type\":\"ListItem\",\"position\":3,\"name\":\"Pl\u00e1tano Rojo 500g\"}]},{\"@type\":\"WebSite\",\"@id\":\"https:\/\/dev.mercatfrutal.com\/#website\",\"url\":\"https:\/\/dev.mercatfrutal.com\/\",\"name\":\"Mercat Frutal\",\"description\":\"\",\"publisher\":{\"@id\":\"https:\/\/dev.mercatfrutal.com\/#organization\"},\"alternateName\":\"Mercat Frutal\",\"potentialAction\":[{\"@type\":\"SearchAction\",\"target\":{\"@type\":\"EntryPoint\",\"urlTemplate\":\"https:\/\/dev.mercatfrutal.com\/?s={search_term_string}\"},\"query-input\":{\"@type\":\"PropertyValueSpecification\",\"valueRequired\":true,\"valueName\":\"search_term_string\"}}],\"inLanguage\":\"ca\"},{\"@type\":\"Organization\",\"@id\":\"https:\/\/dev.mercatfrutal.com\/#organization\",\"name\":\"Mercat Frutal\",\"url\":\"https:\/\/dev.mercatfrutal.com\/\",\"logo\":{\"@type\":\"ImageObject\",\"inLanguage\":\"ca\",\"@id\":\"https:\/\/dev.mercatfrutal.com\/#\/schema\/logo\/image\/\",\"url\":\"https:\/\/dev.mercatfrutal.com\/wp-content\/uploads\/2024\/01\/LOGO-FRUTAL3.png\",\"contentUrl\":\"https:\/\/dev.mercatfrutal.com\/wp-content\/uploads\/2024\/01\/LOGO-FRUTAL3.png\",\"width\":1024,\"height\":382,\"caption\":\"Mercat Frutal\"},\"image\":{\"@id\":\"https:\/\/dev.mercatfrutal.com\/#\/schema\/logo\/image\/\"}}]}<\/script>\n<!-- \/ Yoast SEO plugin. -->","yoast_head_json":{"title":"Pl\u00e1tano Rojo 500g - Mercat Frutal","robots":{"index":"noindex","follow":"follow","max-snippet":"max-snippet:-1","max-image-preview":"max-image-preview:large","max-video-preview":"max-video-preview:-1"},"og_locale":"ca_ES","og_type":"article","og_title":"Pl\u00e1tano Rojo 500g - Mercat Frutal","og_description":"El pl\u00e1tano rojo ecol\u00f3gico es una variedad ex\u00f3tica de sabor m\u00e1s dulce y textura m\u00e1s cremosa que el tradicional. Su piel rojiza y su aroma intenso lo hacen \u00fanico.  Propiedades y beneficios del Pl\u00e1tano Rojo ECO Aporta vitamina C, B6 y potasio, beneficioso para la energ\u00eda y la salud muscular. Tambi\u00e9n es fuente de fibra y antioxidantes, lo que lo convierte en un alimento completo y saciante.  Usos del Pl\u00e1tano Rojo ECO Perfecto como snack, en batidos, reposter\u00eda o para acompa\u00f1ar cereales y yogures. Su dulzura lo hace ideal tambi\u00e9n para platos ex\u00f3ticos y postres tropicales.","og_url":"https:\/\/dev.mercatfrutal.com\/ca\/producte\/platano-rojo-500g\/","og_site_name":"Mercat Frutal","article_modified_time":"2025-06-02T10:28:06+00:00","og_image":[{"width":2560,"height":2560,"url":"https:\/\/dev.mercatfrutal.com\/wp-content\/uploads\/2025\/05\/platano-rojo-scaled.png","type":"image\/png"}],"twitter_card":"summary_large_image","twitter_misc":{"Temps estimat de lectura":"1 minut"},"schema":{"@context":"https:\/\/schema.org","@graph":[{"@type":"WebPage","@id":"https:\/\/dev.mercatfrutal.com\/producto\/platano-rojo-500g\/","url":"https:\/\/dev.mercatfrutal.com\/producto\/platano-rojo-500g\/","name":"Pl\u00e1tano Rojo 500g - Mercat Frutal","isPartOf":{"@id":"https:\/\/dev.mercatfrutal.com\/#website"},"primaryImageOfPage":{"@id":"https:\/\/dev.mercatfrutal.com\/producto\/platano-rojo-500g\/#primaryimage"},"image":{"@id":"https:\/\/dev.mercatfrutal.com\/producto\/platano-rojo-500g\/#primaryimage"},"thumbnailUrl":"https:\/\/dev.mercatfrutal.com\/wp-content\/uploads\/2025\/05\/platano-rojo-scaled.png","datePublished":"2025-05-26T09:26:24+00:00","dateModified":"2025-06-02T10:28:06+00:00","breadcrumb":{"@id":"https:\/\/dev.mercatfrutal.com\/producto\/platano-rojo-500g\/#breadcrumb"},"inLanguage":"ca","potentialAction":[{"@type":"ReadAction","target":["https:\/\/dev.mercatfrutal.com\/producto\/platano-rojo-500g\/"]}]},{"@type":"ImageObject","inLanguage":"ca","@id":"https:\/\/dev.mercatfrutal.com\/producto\/platano-rojo-500g\/#primaryimage","url":"https:\/\/dev.mercatfrutal.com\/wp-content\/uploads\/2025\/05\/platano-rojo-scaled.png","contentUrl":"https:\/\/dev.mercatfrutal.com\/wp-content\/uploads\/2025\/05\/platano-rojo-scaled.png","width":2560,"height":2560},{"@type":"BreadcrumbList","@id":"https:\/\/dev.mercatfrutal.com\/producto\/platano-rojo-500g\/#breadcrumb","itemListElement":[{"@type":"ListItem","position":1,"name":"Portada","item":"https:\/\/dev.mercatfrutal.com\/"},{"@type":"ListItem","position":2,"name":"Tienda","item":"https:\/\/dev.mercatfrutal.com\/tienda\/"},{"@type":"ListItem","position":3,"name":"Pl\u00e1tano Rojo 500g"}]},{"@type":"WebSite","@id":"https:\/\/dev.mercatfrutal.com\/#website","url":"https:\/\/dev.mercatfrutal.com\/","name":"Mercat Frutal","description":"","publisher":{"@id":"https:\/\/dev.mercatfrutal.com\/#organization"},"alternateName":"Mercat Frutal","potentialAction":[{"@type":"SearchAction","target":{"@type":"EntryPoint","urlTemplate":"https:\/\/dev.mercatfrutal.com\/?s={search_term_string}"},"query-input":{"@type":"PropertyValueSpecification","valueRequired":true,"valueName":"search_term_string"}}],"inLanguage":"ca"},{"@type":"Organization","@id":"https:\/\/dev.mercatfrutal.com\/#organization","name":"Mercat Frutal","url":"https:\/\/dev.mercatfrutal.com\/","logo":{"@type":"ImageObject","inLanguage":"ca","@id":"https:\/\/dev.mercatfrutal.com\/#\/schema\/logo\/image\/","url":"https:\/\/dev.mercatfrutal.com\/wp-content\/uploads\/2024\/01\/LOGO-FRUTAL3.png","contentUrl":"https:\/\/dev.mercatfrutal.com\/wp-content\/uploads\/2024\/01\/LOGO-FRUTAL3.png","width":1024,"height":382,"caption":"Mercat Frutal"},"image":{"@id":"https:\/\/dev.mercatfrutal.com\/#\/schema\/logo\/image\/"}}]}},"jetpack_sharing_enabled":true,"_links":{"self":[{"href":"https:\/\/dev.mercatfrutal.com\/ca\/wp-json\/wp\/v2\/product\/8949","targetHints":{"allow":["GET"]}}],"collection":[{"href":"https:\/\/dev.mercatfrutal.com\/ca\/wp-json\/wp\/v2\/product"}],"about":[{"href":"https:\/\/dev.mercatfrutal.com\/ca\/wp-json\/wp\/v2\/types\/product"}],"replies":[{"embeddable":true,"href":"https:\/\/dev.mercatfrutal.com\/ca\/wp-json\/wp\/v2\/comments?post=8949"}],"wp:featuredmedia":[{"embeddable":true,"href":"https:\/\/dev.mercatfrutal.com\/ca\/wp-json\/wp\/v2\/media\/8950"}],"wp:attachment":[{"href":"https:\/\/dev.mercatfrutal.com\/ca\/wp-json\/wp\/v2\/media?parent=8949"}],"wp:term":[{"taxonomy":"product_brand","embeddable":true,"href":"https:\/\/dev.mercatfrutal.com\/ca\/wp-json\/wp\/v2\/product_brand?post=8949"},{"taxonomy":"product_cat","embeddable":true,"href":"https:\/\/dev.mercatfrutal.com\/ca\/wp-json\/wp\/v2\/product_cat?post=8949"},{"taxonomy":"product_tag","embeddable":true,"href":"https:\/\/dev.mercatfrutal.com\/ca\/wp-json\/wp\/v2\/product_tag?post=8949"}],"curies":[{"name":"wp","href":"https:\/\/api.w.org\/{rel}","templated":true}]}}