{"id":1475,"date":"2024-03-08T13:16:43","date_gmt":"2024-03-08T13:16:43","guid":{"rendered":"https:\/\/dev.mercatfrutal.com\/?page_id=1475"},"modified":"2024-08-13T12:10:00","modified_gmt":"2024-08-13T10:10:00","slug":"iniciar-sesion","status":"publish","type":"page","link":"https:\/\/dev.mercatfrutal.com\/en\/iniciar-sesion\/","title":{"rendered":"Iniciar sesi\u00f3n"},"content":{"rendered":"<div data-elementor-type=\"wp-page\" data-elementor-id=\"1475\" class=\"elementor elementor-1475\" data-elementor-post-type=\"page\">\n\t\t\t\t<div class=\"elementor-element elementor-element-62b9a5e e-flex e-con-boxed e-con e-parent\" data-id=\"62b9a5e\" data-element_type=\"container\">\n\t\t\t\t\t<div class=\"e-con-inner\">\n\t\t<div class=\"elementor-element elementor-element-6ba6bc2 e-flex e-con-boxed e-con e-child\" data-id=\"6ba6bc2\" data-element_type=\"container\">\n\t\t\t\t\t<div class=\"e-con-inner\">\n\t\t\t\t<div class=\"elementor-element elementor-element-b4cdeee elementor-widget elementor-widget-heading\" data-id=\"b4cdeee\" data-element_type=\"widget\" data-widget_type=\"heading.default\">\n\t\t\t\t<div class=\"elementor-widget-container\">\n\t\t\t\t\t<h2 class=\"elementor-heading-title elementor-size-default\">LOG IN<\/h2>\t\t\t\t<\/div>\n\t\t\t\t<\/div>\n\t\t\t\t<div class=\"elementor-element elementor-element-53f334b elementor-widget elementor-widget-text-editor\" data-id=\"53f334b\" data-element_type=\"widget\" data-widget_type=\"text-editor.default\">\n\t\t\t\t<div class=\"elementor-widget-container\">\n\t\t\t\t\t\t\t\t\t<p>To log in, enter your email and a password to access your customer account space.<\/p>\t\t\t\t\t\t\t\t<\/div>\n\t\t\t\t<\/div>\n\t\t\t\t<div class=\"elementor-element elementor-element-8f69b5c elementor-widget elementor-widget-shortcode\" data-id=\"8f69b5c\" data-element_type=\"widget\" data-widget_type=\"shortcode.default\">\n\t\t\t\t<div class=\"elementor-widget-container\">\n\t\t\t\t\t\t\t<div class=\"elementor-shortcode\">\n<div class=\"um um-login um-1650\">\n\t<div class=\"um-form\">\n\t\t<form method=\"post\" action=\"\" autocomplete=\"off\" data-trp-original-action=\"\">\n\t\t\t<div class=\"um-row _um_row_1\" style=\"margin: 0 0 30px 0;\"><div class=\"um-col-1\"><div  id=\"um_field_1650_user_email\" class=\"um-field um-field-text  um-field-user_email um-field-text um-field-type_text\" data-key=\"user_email\"><div class=\"um-field-label\"><label for=\"user_email-1650\">Email<\/label><div class=\"um-clear\"><\/div><\/div><div class=\"um-field-area\"><input  autocomplete=\"off\" class=\"um-form-field valid not-required\" type=\"text\" name=\"user_email-1650\" id=\"user_email-1650\" value=\"\" placeholder=\"\" data-validate=\"\" data-key=\"user_email\"  aria-invalid=\"false\" \/>\n\n\t\t\t\t\t\t<\/div><\/div><div  id=\"um_field_1650_user_password\" class=\"um-field um-field-password  um-field-user_password um-field-password um-field-type_password\" data-key=\"user_password\"><div class=\"um-field-label\"><label for=\"user_password-1650\">Contrase\u00f1a<span class=\"um-req\" title=\"Required\">*<\/span><\/label><div class=\"um-clear\"><\/div><\/div><div class=\"um-field-area\"><div class=\"um-field-area-password\">\n\t\t\t\t\t\t\t\t\t<input class=\"um-form-field valid\" type=\"password\" name=\"user_password-1650\" id=\"user_password-1650\" value=\"\" placeholder=\"\" data-validate=\"\" data-key=\"user_password\"  aria-invalid=\"false\" \/>\n\t\t\t\t\t\t\t\t\t<span class=\"um-toggle-password\"><i class=\"um-icon-eye\"><\/i><\/span>\n\t\t\t\t\t\t\t\t<\/div>\n\t\t\t\t\t\t\t<\/div><\/div><\/div><\/div>\t<input type=\"hidden\" name=\"form_id\" id=\"form_id_1650\" value=\"1650\" \/>\n\t\t<p class=\"um_request_name\">\n\t\t<label for=\"um_request_1650\">Only fill in if you are not human<\/label>\n\t\t<input type=\"hidden\" name=\"um_request\" id=\"um_request_1650\" class=\"input\" value=\"\" size=\"25\" autocomplete=\"off\" \/>\n\t<\/p>\n\t<input type=\"hidden\" name=\"redirect_to\" id=\"redirect_to\" value=\"\/cuenta\" \/><input type=\"hidden\" id=\"_wpnonce\" name=\"_wpnonce\" value=\"49821e26f8\" \/><input type=\"hidden\" name=\"_wp_http_referer\" value=\"\/en\/wp-json\/wp\/v2\/pages\/1475\" \/>\n\t<div class=\"um-col-alt\">\n\n\t\t\n\n\t\t\t<div class=\"um-field um-field-c\">\n\t\t\t\t<div class=\"um-field-area\">\n\t\t\t\t\t<label class=\"um-field-checkbox\">\n\t\t\t\t\t\t<input type=\"checkbox\" name=\"rememberme\" value=\"1\"  \/>\n\t\t\t\t\t\t<span class=\"um-field-checkbox-state\"><i class=\"um-icon-android-checkbox-outline-blank\"><\/i><\/span>\n\t\t\t\t\t\t<span class=\"um-field-checkbox-option\"> Keep me signed in<\/span>\n\t\t\t\t\t<\/label>\n\t\t\t\t<\/div>\n\t\t\t<\/div>\n\n\t\t\t\t\t\t<div class=\"um-clear\"><\/div>\n\t\t\n\t\t\t<div class=\"um-left um-half\">\n\t\t\t\t<input type=\"submit\" value=\"Iniciar sesi\u00f3n\" class=\"um-button\" id=\"um-submit-btn\" \/>\n\t\t\t<\/div>\n\t\t\t<div class=\"um-right um-half\">\n\t\t\t\t<a href=\"\/en\/registrarse\/\" class=\"um-button um-alt\">\n\t\t\t\t\tRegistrarme\t\t\t\t<\/a>\n\t\t\t<\/div>\n\n\t\t\n\t\t<div class=\"um-clear\"><\/div>\n\n\t<\/div>\n\n\t\n\t<div class=\"um-col-alt-b\">\n\t\t<a href=\"https:\/\/dev.mercatfrutal.com\/en\/recuperar-contrasena\/\" class=\"um-link-alt\">\n\t\t\tForgot your password?\t\t<\/a>\n\t<\/div>\n\n\t\t\t<input type=\"hidden\" name=\"trp-form-language\" value=\"en\"\/><\/form>\n\t<\/div>\n<\/div>\n<style>\n\t\t\t.um-1650.um {\n\t\t\tmax-width: 450px;\n\t\t}\n\t\t<\/style>\n<\/div>\n\t\t\t\t\t\t<\/div>\n\t\t\t\t<\/div>\n\t\t\t\t\t<\/div>\n\t\t\t\t<\/div>\n\t\t<div class=\"elementor-element elementor-element-e4fc97f e-flex e-con-boxed e-con e-child\" data-id=\"e4fc97f\" data-element_type=\"container\">\n\t\t\t\t\t<div class=\"e-con-inner\">\n\t\t\t\t<div class=\"elementor-element elementor-element-451716c elementor-widget elementor-widget-image\" data-id=\"451716c\" data-element_type=\"widget\" data-widget_type=\"image.default\">\n\t\t\t\t<div class=\"elementor-widget-container\">\n\t\t\t\t\t\t\t\t\t\t\t\t\t\t\t\t<a href=\"\/en\/el-circuito\/\">\n\t\t\t\t\t\t\t<img fetchpriority=\"high\" decoding=\"async\" width=\"800\" height=\"600\" src=\"https:\/\/dev.mercatfrutal.com\/wp-content\/uploads\/2024\/07\/Mercat-Frutal-1024x768.jpeg\" class=\"attachment-large size-large wp-image-3744\" alt=\"iniciar sesi\u00f3n\" srcset=\"https:\/\/dev.mercatfrutal.com\/wp-content\/uploads\/2024\/07\/Mercat-Frutal-1024x768.jpeg 1024w, https:\/\/dev.mercatfrutal.com\/wp-content\/uploads\/2024\/07\/Mercat-Frutal-300x225.jpeg 300w, https:\/\/dev.mercatfrutal.com\/wp-content\/uploads\/2024\/07\/Mercat-Frutal-768x576.jpeg 768w, https:\/\/dev.mercatfrutal.com\/wp-content\/uploads\/2024\/07\/Mercat-Frutal-1536x1152.jpeg 1536w, https:\/\/dev.mercatfrutal.com\/wp-content\/uploads\/2024\/07\/Mercat-Frutal-16x12.jpeg 16w, https:\/\/dev.mercatfrutal.com\/wp-content\/uploads\/2024\/07\/Mercat-Frutal-600x450.jpeg 600w, https:\/\/dev.mercatfrutal.com\/wp-content\/uploads\/2024\/07\/Mercat-Frutal.jpeg 2040w\" sizes=\"(max-width: 800px) 100vw, 800px\" \/>\t\t\t\t\t\t\t\t<\/a>\n\t\t\t\t\t\t\t\t\t\t\t\t\t\t\t<\/div>\n\t\t\t\t<\/div>\n\t\t\t\t<div class=\"elementor-element elementor-element-78f2a07 elementor-widget elementor-widget-heading\" data-id=\"78f2a07\" data-element_type=\"widget\" data-widget_type=\"heading.default\">\n\t\t\t\t<div class=\"elementor-widget-container\">\n\t\t\t\t\t<h2 class=\"elementor-heading-title elementor-size-default\">WELCOME TO THE CIRCUIT<\/h2>\t\t\t\t<\/div>\n\t\t\t\t<\/div>\n\t\t\t\t<div class=\"elementor-element elementor-element-9177853 elementor-widget elementor-widget-text-editor\" data-id=\"9177853\" data-element_type=\"widget\" data-widget_type=\"text-editor.default\">\n\t\t\t\t<div class=\"elementor-widget-container\">\n\t\t\t\t\t\t\t\t\t<p>This is the opportunity to all come together and create something great. Thanks to our team we will offer you the best experience that is in our hands and with the best seasonal organic products.<\/p>\t\t\t\t\t\t\t\t<\/div>\n\t\t\t\t<\/div>\n\t\t\t\t\t<\/div>\n\t\t\t\t<\/div>\n\t\t\t\t\t<\/div>\n\t\t\t\t<\/div>\n\t\t\t\t<\/div>","protected":false},"excerpt":{"rendered":"<p>INICIAR SESI\u00d3N Para iniciar sesi\u00f3n ingresa tu correo y una contrase\u00f1a para acceder a tu espacio de cuenta cliente. BIENVENIDOS AL CIRCUITO Esta es la oportunidad de unirnos todos y crear algo grande. Gracias a nuestro equipo te ofreceremos la mejor experiencia que este en nuestras manos y con los mejores productos ecol\u00f3gicos de temporada.<\/p>","protected":false},"author":1,"featured_media":0,"parent":0,"menu_order":0,"comment_status":"closed","ping_status":"closed","template":"elementor_header_footer","meta":{"content-type":"","footnotes":""},"class_list":["post-1475","page","type-page","status-publish","hentry"],"yoast_head":"<!-- This site is optimized with the Yoast SEO plugin v26.9 - https:\/\/yoast.com\/product\/yoast-seo-wordpress\/ -->\n<title>Iniciar sesi\u00f3n - Mercat Frutal<\/title>\n<meta name=\"description\" content=\"\u00bfYa eres cliente? Introduce tu correo y contrase\u00f1a. En tu cuenta puedes ver todo el historial de pedidos que has realizado. Iniciar sesi\u00f3n...\" \/>\n<meta name=\"robots\" content=\"noindex, follow, max-snippet:-1, max-image-preview:large, max-video-preview:-1\" \/>\n<meta property=\"og:locale\" content=\"en_GB\" \/>\n<meta property=\"og:type\" content=\"article\" \/>\n<meta property=\"og:title\" content=\"Iniciar sesi\u00f3n - Mercat Frutal\" \/>\n<meta property=\"og:description\" content=\"\u00bfYa eres cliente? Introduce tu correo y contrase\u00f1a. En tu cuenta puedes ver todo el historial de pedidos que has realizado. Iniciar sesi\u00f3n...\" \/>\n<meta property=\"og:url\" content=\"https:\/\/dev.mercatfrutal.com\/en\/iniciar-sesion\/\" \/>\n<meta property=\"og:site_name\" content=\"Mercat Frutal\" \/>\n<meta property=\"article:modified_time\" content=\"2024-08-13T10:10:00+00:00\" \/>\n<meta property=\"og:image\" content=\"https:\/\/dev.mercatfrutal.com\/wp-content\/uploads\/2024\/07\/Mercat-Frutal-1024x768.jpeg\" \/>\n<meta name=\"twitter:card\" content=\"summary_large_image\" \/>\n<meta name=\"twitter:label1\" content=\"Estimated reading time\" \/>\n\t<meta name=\"twitter:data1\" content=\"1 minute\" \/>\n<script type=\"application\/ld+json\" class=\"yoast-schema-graph\">{\"@context\":\"https:\/\/schema.org\",\"@graph\":[{\"@type\":\"WebPage\",\"@id\":\"https:\/\/dev.mercatfrutal.com\/iniciar-sesion\/\",\"url\":\"https:\/\/dev.mercatfrutal.com\/iniciar-sesion\/\",\"name\":\"Iniciar sesi\u00f3n - Mercat Frutal\",\"isPartOf\":{\"@id\":\"https:\/\/dev.mercatfrutal.com\/#website\"},\"primaryImageOfPage\":{\"@id\":\"https:\/\/dev.mercatfrutal.com\/iniciar-sesion\/#primaryimage\"},\"image\":{\"@id\":\"https:\/\/dev.mercatfrutal.com\/iniciar-sesion\/#primaryimage\"},\"thumbnailUrl\":\"https:\/\/dev.mercatfrutal.com\/wp-content\/uploads\/2024\/07\/Mercat-Frutal-1024x768.jpeg\",\"datePublished\":\"2024-03-08T13:16:43+00:00\",\"dateModified\":\"2024-08-13T10:10:00+00:00\",\"description\":\"\u00bfYa eres cliente? Introduce tu correo y contrase\u00f1a. En tu cuenta puedes ver todo el historial de pedidos que has realizado. Iniciar sesi\u00f3n...\",\"breadcrumb\":{\"@id\":\"https:\/\/dev.mercatfrutal.com\/iniciar-sesion\/#breadcrumb\"},\"inLanguage\":\"en-GB\",\"potentialAction\":[{\"@type\":\"ReadAction\",\"target\":[\"https:\/\/dev.mercatfrutal.com\/iniciar-sesion\/\"]}]},{\"@type\":\"ImageObject\",\"inLanguage\":\"en-GB\",\"@id\":\"https:\/\/dev.mercatfrutal.com\/iniciar-sesion\/#primaryimage\",\"url\":\"https:\/\/dev.mercatfrutal.com\/wp-content\/uploads\/2024\/07\/Mercat-Frutal-1024x768.jpeg\",\"contentUrl\":\"https:\/\/dev.mercatfrutal.com\/wp-content\/uploads\/2024\/07\/Mercat-Frutal-1024x768.jpeg\"},{\"@type\":\"BreadcrumbList\",\"@id\":\"https:\/\/dev.mercatfrutal.com\/iniciar-sesion\/#breadcrumb\",\"itemListElement\":[{\"@type\":\"ListItem\",\"position\":1,\"name\":\"Portada\",\"item\":\"https:\/\/dev.mercatfrutal.com\/\"},{\"@type\":\"ListItem\",\"position\":2,\"name\":\"Iniciar sesi\u00f3n\"}]},{\"@type\":\"WebSite\",\"@id\":\"https:\/\/dev.mercatfrutal.com\/#website\",\"url\":\"https:\/\/dev.mercatfrutal.com\/\",\"name\":\"Mercat Frutal\",\"description\":\"\",\"publisher\":{\"@id\":\"https:\/\/dev.mercatfrutal.com\/#organization\"},\"alternateName\":\"Mercat Frutal\",\"potentialAction\":[{\"@type\":\"SearchAction\",\"target\":{\"@type\":\"EntryPoint\",\"urlTemplate\":\"https:\/\/dev.mercatfrutal.com\/?s={search_term_string}\"},\"query-input\":{\"@type\":\"PropertyValueSpecification\",\"valueRequired\":true,\"valueName\":\"search_term_string\"}}],\"inLanguage\":\"en-GB\"},{\"@type\":\"Organization\",\"@id\":\"https:\/\/dev.mercatfrutal.com\/#organization\",\"name\":\"Mercat Frutal\",\"url\":\"https:\/\/dev.mercatfrutal.com\/\",\"logo\":{\"@type\":\"ImageObject\",\"inLanguage\":\"en-GB\",\"@id\":\"https:\/\/dev.mercatfrutal.com\/#\/schema\/logo\/image\/\",\"url\":\"https:\/\/dev.mercatfrutal.com\/wp-content\/uploads\/2024\/01\/LOGO-FRUTAL3.png\",\"contentUrl\":\"https:\/\/dev.mercatfrutal.com\/wp-content\/uploads\/2024\/01\/LOGO-FRUTAL3.png\",\"width\":1024,\"height\":382,\"caption\":\"Mercat Frutal\"},\"image\":{\"@id\":\"https:\/\/dev.mercatfrutal.com\/#\/schema\/logo\/image\/\"}}]}<\/script>\n<!-- \/ Yoast SEO plugin. -->","yoast_head_json":{"title":"Iniciar sesi\u00f3n - Mercat Frutal","description":"\u00bfYa eres cliente? Introduce tu correo y contrase\u00f1a. En tu cuenta puedes ver todo el historial de pedidos que has realizado. Iniciar sesi\u00f3n...","robots":{"index":"noindex","follow":"follow","max-snippet":"max-snippet:-1","max-image-preview":"max-image-preview:large","max-video-preview":"max-video-preview:-1"},"og_locale":"en_GB","og_type":"article","og_title":"Iniciar sesi\u00f3n - Mercat Frutal","og_description":"\u00bfYa eres cliente? Introduce tu correo y contrase\u00f1a. En tu cuenta puedes ver todo el historial de pedidos que has realizado. Iniciar sesi\u00f3n...","og_url":"https:\/\/dev.mercatfrutal.com\/en\/iniciar-sesion\/","og_site_name":"Mercat Frutal","article_modified_time":"2024-08-13T10:10:00+00:00","og_image":[{"url":"https:\/\/dev.mercatfrutal.com\/wp-content\/uploads\/2024\/07\/Mercat-Frutal-1024x768.jpeg","type":"","width":"","height":""}],"twitter_card":"summary_large_image","twitter_misc":{"Estimated reading time":"1 minute"},"schema":{"@context":"https:\/\/schema.org","@graph":[{"@type":"WebPage","@id":"https:\/\/dev.mercatfrutal.com\/iniciar-sesion\/","url":"https:\/\/dev.mercatfrutal.com\/iniciar-sesion\/","name":"Iniciar sesi\u00f3n - Mercat Frutal","isPartOf":{"@id":"https:\/\/dev.mercatfrutal.com\/#website"},"primaryImageOfPage":{"@id":"https:\/\/dev.mercatfrutal.com\/iniciar-sesion\/#primaryimage"},"image":{"@id":"https:\/\/dev.mercatfrutal.com\/iniciar-sesion\/#primaryimage"},"thumbnailUrl":"https:\/\/dev.mercatfrutal.com\/wp-content\/uploads\/2024\/07\/Mercat-Frutal-1024x768.jpeg","datePublished":"2024-03-08T13:16:43+00:00","dateModified":"2024-08-13T10:10:00+00:00","description":"\u00bfYa eres cliente? Introduce tu correo y contrase\u00f1a. En tu cuenta puedes ver todo el historial de pedidos que has realizado. Iniciar sesi\u00f3n...","breadcrumb":{"@id":"https:\/\/dev.mercatfrutal.com\/iniciar-sesion\/#breadcrumb"},"inLanguage":"en-GB","potentialAction":[{"@type":"ReadAction","target":["https:\/\/dev.mercatfrutal.com\/iniciar-sesion\/"]}]},{"@type":"ImageObject","inLanguage":"en-GB","@id":"https:\/\/dev.mercatfrutal.com\/iniciar-sesion\/#primaryimage","url":"https:\/\/dev.mercatfrutal.com\/wp-content\/uploads\/2024\/07\/Mercat-Frutal-1024x768.jpeg","contentUrl":"https:\/\/dev.mercatfrutal.com\/wp-content\/uploads\/2024\/07\/Mercat-Frutal-1024x768.jpeg"},{"@type":"BreadcrumbList","@id":"https:\/\/dev.mercatfrutal.com\/iniciar-sesion\/#breadcrumb","itemListElement":[{"@type":"ListItem","position":1,"name":"Portada","item":"https:\/\/dev.mercatfrutal.com\/"},{"@type":"ListItem","position":2,"name":"Iniciar sesi\u00f3n"}]},{"@type":"WebSite","@id":"https:\/\/dev.mercatfrutal.com\/#website","url":"https:\/\/dev.mercatfrutal.com\/","name":"Mercat Frutal","description":"","publisher":{"@id":"https:\/\/dev.mercatfrutal.com\/#organization"},"alternateName":"Mercat Frutal","potentialAction":[{"@type":"SearchAction","target":{"@type":"EntryPoint","urlTemplate":"https:\/\/dev.mercatfrutal.com\/?s={search_term_string}"},"query-input":{"@type":"PropertyValueSpecification","valueRequired":true,"valueName":"search_term_string"}}],"inLanguage":"en-GB"},{"@type":"Organization","@id":"https:\/\/dev.mercatfrutal.com\/#organization","name":"Mercat Frutal","url":"https:\/\/dev.mercatfrutal.com\/","logo":{"@type":"ImageObject","inLanguage":"en-GB","@id":"https:\/\/dev.mercatfrutal.com\/#\/schema\/logo\/image\/","url":"https:\/\/dev.mercatfrutal.com\/wp-content\/uploads\/2024\/01\/LOGO-FRUTAL3.png","contentUrl":"https:\/\/dev.mercatfrutal.com\/wp-content\/uploads\/2024\/01\/LOGO-FRUTAL3.png","width":1024,"height":382,"caption":"Mercat Frutal"},"image":{"@id":"https:\/\/dev.mercatfrutal.com\/#\/schema\/logo\/image\/"}}]}},"jetpack_sharing_enabled":true,"_links":{"self":[{"href":"https:\/\/dev.mercatfrutal.com\/en\/wp-json\/wp\/v2\/pages\/1475","targetHints":{"allow":["GET"]}}],"collection":[{"href":"https:\/\/dev.mercatfrutal.com\/en\/wp-json\/wp\/v2\/pages"}],"about":[{"href":"https:\/\/dev.mercatfrutal.com\/en\/wp-json\/wp\/v2\/types\/page"}],"author":[{"embeddable":true,"href":"https:\/\/dev.mercatfrutal.com\/en\/wp-json\/wp\/v2\/users\/1"}],"replies":[{"embeddable":true,"href":"https:\/\/dev.mercatfrutal.com\/en\/wp-json\/wp\/v2\/comments?post=1475"}],"version-history":[{"count":100,"href":"https:\/\/dev.mercatfrutal.com\/en\/wp-json\/wp\/v2\/pages\/1475\/revisions"}],"predecessor-version":[{"id":4803,"href":"https:\/\/dev.mercatfrutal.com\/en\/wp-json\/wp\/v2\/pages\/1475\/revisions\/4803"}],"wp:attachment":[{"href":"https:\/\/dev.mercatfrutal.com\/en\/wp-json\/wp\/v2\/media?parent=1475"}],"curies":[{"name":"wp","href":"https:\/\/api.w.org\/{rel}","templated":true}]}}