{"id":1012,"date":"2024-02-19T14:37:21","date_gmt":"2024-02-19T12:37:21","guid":{"rendered":"https:\/\/dev.mercatfrutal.com\/producto\/mantequilla-pasteurizada-170g-bio\/"},"modified":"2025-05-26T16:06:01","modified_gmt":"2025-05-26T14:06:01","slug":"mantequilla-pasteurizada-170g-bio","status":"publish","type":"product","link":"https:\/\/dev.mercatfrutal.com\/en\/product\/mantequilla-pasteurizada-170g-bio\/","title":{"rendered":"Organic Pasteurized Butter 170g"},"content":{"rendered":"","protected":false},"excerpt":{"rendered":"<p data-start=\"1349\" data-end=\"1543\">La mantequilla pasteurizada ecol\u00f3gica est\u00e1 elaborada con nata de vacas criadas en pastos naturales. Su textura cremosa y sabor puro la hacen un imprescindible.<\/p>\n<h2 data-start=\"1545\" data-end=\"1811\"><strong data-start=\"1545\" data-end=\"1608\">Propiedades y beneficios de la Mantequilla Pasteurizada ECO<\/strong><\/h2>\n<p data-start=\"1545\" data-end=\"1811\">Fuente natural de vitamina A, D y K2, y grasas esenciales. Aporta energ\u00eda, mejora la absorci\u00f3n de nutrientes liposolubles y ofrece un perfil lip\u00eddico m\u00e1s saludable si proviene de animales en pastoreo.<\/p>\n<h2 data-start=\"1813\" data-end=\"1968\"><strong data-start=\"1813\" data-end=\"1856\">Usos de la Mantequilla Pasteurizada ECO<\/strong><\/h2>\n<p data-start=\"1813\" data-end=\"1968\">Ideal para untar, hornear, saltear o enriquecer salsas y pur\u00e9s. Su sabor delicado combina con dulce y salado.<\/p>","protected":false},"featured_media":1365,"comment_status":"open","ping_status":"closed","template":"","meta":{"content-type":""},"product_brand":[],"product_cat":[316],"product_tag":[],"class_list":{"0":"post-1012","1":"product","2":"type-product","3":"status-publish","4":"has-post-thumbnail","6":"product_cat-mantequillas","8":"first","9":"instock","10":"taxable","11":"shipping-taxable","12":"purchasable","13":"product-type-simple"},"bundled_by":[],"bundle_stock_status":"instock","bundle_stock_quantity":null,"bundle_virtual":false,"bundle_layout":"","bundle_add_to_cart_form_location":"","bundle_editable_in_cart":false,"bundle_sold_individually_context":"","bundle_item_grouping":"","bundle_min_size":"","bundle_max_size":"","bundle_price":[],"bundled_items":[],"bundle_sell_ids":[],"yoast_head":"<!-- This site is optimized with the Yoast SEO plugin v26.9 - https:\/\/yoast.com\/product\/yoast-seo-wordpress\/ -->\n<title>Mantequilla Pasteurizada 170g BIO - Mercat Frutal<\/title>\n<meta name=\"robots\" content=\"noindex, follow, max-snippet:-1, max-image-preview:large, max-video-preview:-1\" \/>\n<meta property=\"og:locale\" content=\"en_GB\" \/>\n<meta property=\"og:type\" content=\"article\" \/>\n<meta property=\"og:title\" content=\"Mantequilla Pasteurizada 170g BIO - Mercat Frutal\" \/>\n<meta property=\"og:description\" content=\"La mantequilla pasteurizada ecol\u00f3gica est\u00e1 elaborada con nata de vacas criadas en pastos naturales. Su textura cremosa y sabor puro la hacen un imprescindible.  Propiedades y beneficios de la Mantequilla Pasteurizada ECO Fuente natural de vitamina A, D y K2, y grasas esenciales. Aporta energ\u00eda, mejora la absorci\u00f3n de nutrientes liposolubles y ofrece un perfil lip\u00eddico m\u00e1s saludable si proviene de animales en pastoreo.  Usos de la Mantequilla Pasteurizada ECO Ideal para untar, hornear, saltear o enriquecer salsas y pur\u00e9s. Su sabor delicado combina con dulce y salado.\" \/>\n<meta property=\"og:url\" content=\"https:\/\/dev.mercatfrutal.com\/en\/product\/mantequilla-pasteurizada-170g-bio\/\" \/>\n<meta property=\"og:site_name\" content=\"Mercat Frutal\" \/>\n<meta property=\"article:modified_time\" content=\"2025-05-26T14:06:01+00:00\" \/>\n<meta property=\"og:image\" content=\"https:\/\/dev.mercatfrutal.com\/wp-content\/uploads\/2024\/02\/Mantequilla-Pasteurizada-170g-BIO.jpg\" \/>\n\t<meta property=\"og:image:width\" content=\"1000\" \/>\n\t<meta property=\"og:image:height\" content=\"1000\" \/>\n\t<meta property=\"og:image:type\" content=\"image\/jpeg\" \/>\n<meta name=\"twitter:card\" content=\"summary_large_image\" \/>\n<meta name=\"twitter:label1\" content=\"Estimated reading time\" \/>\n\t<meta name=\"twitter:data1\" content=\"1 minute\" \/>\n<script type=\"application\/ld+json\" class=\"yoast-schema-graph\">{\"@context\":\"https:\/\/schema.org\",\"@graph\":[{\"@type\":\"WebPage\",\"@id\":\"https:\/\/dev.mercatfrutal.com\/producto\/mantequilla-pasteurizada-170g-bio\/\",\"url\":\"https:\/\/dev.mercatfrutal.com\/producto\/mantequilla-pasteurizada-170g-bio\/\",\"name\":\"Mantequilla Pasteurizada 170g BIO - Mercat Frutal\",\"isPartOf\":{\"@id\":\"https:\/\/dev.mercatfrutal.com\/#website\"},\"primaryImageOfPage\":{\"@id\":\"https:\/\/dev.mercatfrutal.com\/producto\/mantequilla-pasteurizada-170g-bio\/#primaryimage\"},\"image\":{\"@id\":\"https:\/\/dev.mercatfrutal.com\/producto\/mantequilla-pasteurizada-170g-bio\/#primaryimage\"},\"thumbnailUrl\":\"https:\/\/dev.mercatfrutal.com\/wp-content\/uploads\/2024\/02\/Mantequilla-Pasteurizada-170g-BIO.jpg\",\"datePublished\":\"2024-02-19T12:37:21+00:00\",\"dateModified\":\"2025-05-26T14:06:01+00:00\",\"breadcrumb\":{\"@id\":\"https:\/\/dev.mercatfrutal.com\/producto\/mantequilla-pasteurizada-170g-bio\/#breadcrumb\"},\"inLanguage\":\"en-GB\",\"potentialAction\":[{\"@type\":\"ReadAction\",\"target\":[\"https:\/\/dev.mercatfrutal.com\/producto\/mantequilla-pasteurizada-170g-bio\/\"]}]},{\"@type\":\"ImageObject\",\"inLanguage\":\"en-GB\",\"@id\":\"https:\/\/dev.mercatfrutal.com\/producto\/mantequilla-pasteurizada-170g-bio\/#primaryimage\",\"url\":\"https:\/\/dev.mercatfrutal.com\/wp-content\/uploads\/2024\/02\/Mantequilla-Pasteurizada-170g-BIO.jpg\",\"contentUrl\":\"https:\/\/dev.mercatfrutal.com\/wp-content\/uploads\/2024\/02\/Mantequilla-Pasteurizada-170g-BIO.jpg\",\"width\":1000,\"height\":1000,\"caption\":\"Mantequilla Pasteurizada 170g\"},{\"@type\":\"BreadcrumbList\",\"@id\":\"https:\/\/dev.mercatfrutal.com\/producto\/mantequilla-pasteurizada-170g-bio\/#breadcrumb\",\"itemListElement\":[{\"@type\":\"ListItem\",\"position\":1,\"name\":\"Portada\",\"item\":\"https:\/\/dev.mercatfrutal.com\/\"},{\"@type\":\"ListItem\",\"position\":2,\"name\":\"Tienda\",\"item\":\"https:\/\/dev.mercatfrutal.com\/tienda\/\"},{\"@type\":\"ListItem\",\"position\":3,\"name\":\"Mantequilla Pasteurizada 170g BIO\"}]},{\"@type\":\"WebSite\",\"@id\":\"https:\/\/dev.mercatfrutal.com\/#website\",\"url\":\"https:\/\/dev.mercatfrutal.com\/\",\"name\":\"Mercat Frutal\",\"description\":\"\",\"publisher\":{\"@id\":\"https:\/\/dev.mercatfrutal.com\/#organization\"},\"alternateName\":\"Mercat Frutal\",\"potentialAction\":[{\"@type\":\"SearchAction\",\"target\":{\"@type\":\"EntryPoint\",\"urlTemplate\":\"https:\/\/dev.mercatfrutal.com\/?s={search_term_string}\"},\"query-input\":{\"@type\":\"PropertyValueSpecification\",\"valueRequired\":true,\"valueName\":\"search_term_string\"}}],\"inLanguage\":\"en-GB\"},{\"@type\":\"Organization\",\"@id\":\"https:\/\/dev.mercatfrutal.com\/#organization\",\"name\":\"Mercat Frutal\",\"url\":\"https:\/\/dev.mercatfrutal.com\/\",\"logo\":{\"@type\":\"ImageObject\",\"inLanguage\":\"en-GB\",\"@id\":\"https:\/\/dev.mercatfrutal.com\/#\/schema\/logo\/image\/\",\"url\":\"https:\/\/dev.mercatfrutal.com\/wp-content\/uploads\/2024\/01\/LOGO-FRUTAL3.png\",\"contentUrl\":\"https:\/\/dev.mercatfrutal.com\/wp-content\/uploads\/2024\/01\/LOGO-FRUTAL3.png\",\"width\":1024,\"height\":382,\"caption\":\"Mercat Frutal\"},\"image\":{\"@id\":\"https:\/\/dev.mercatfrutal.com\/#\/schema\/logo\/image\/\"}}]}<\/script>\n<!-- \/ Yoast SEO plugin. -->","yoast_head_json":{"title":"Mantequilla Pasteurizada 170g BIO - Mercat Frutal","robots":{"index":"noindex","follow":"follow","max-snippet":"max-snippet:-1","max-image-preview":"max-image-preview:large","max-video-preview":"max-video-preview:-1"},"og_locale":"en_GB","og_type":"article","og_title":"Mantequilla Pasteurizada 170g BIO - Mercat Frutal","og_description":"La mantequilla pasteurizada ecol\u00f3gica est\u00e1 elaborada con nata de vacas criadas en pastos naturales. Su textura cremosa y sabor puro la hacen un imprescindible.  Propiedades y beneficios de la Mantequilla Pasteurizada ECO Fuente natural de vitamina A, D y K2, y grasas esenciales. Aporta energ\u00eda, mejora la absorci\u00f3n de nutrientes liposolubles y ofrece un perfil lip\u00eddico m\u00e1s saludable si proviene de animales en pastoreo.  Usos de la Mantequilla Pasteurizada ECO Ideal para untar, hornear, saltear o enriquecer salsas y pur\u00e9s. Su sabor delicado combina con dulce y salado.","og_url":"https:\/\/dev.mercatfrutal.com\/en\/product\/mantequilla-pasteurizada-170g-bio\/","og_site_name":"Mercat Frutal","article_modified_time":"2025-05-26T14:06:01+00:00","og_image":[{"width":1000,"height":1000,"url":"https:\/\/dev.mercatfrutal.com\/wp-content\/uploads\/2024\/02\/Mantequilla-Pasteurizada-170g-BIO.jpg","type":"image\/jpeg"}],"twitter_card":"summary_large_image","twitter_misc":{"Estimated reading time":"1 minute"},"schema":{"@context":"https:\/\/schema.org","@graph":[{"@type":"WebPage","@id":"https:\/\/dev.mercatfrutal.com\/producto\/mantequilla-pasteurizada-170g-bio\/","url":"https:\/\/dev.mercatfrutal.com\/producto\/mantequilla-pasteurizada-170g-bio\/","name":"Mantequilla Pasteurizada 170g BIO - Mercat Frutal","isPartOf":{"@id":"https:\/\/dev.mercatfrutal.com\/#website"},"primaryImageOfPage":{"@id":"https:\/\/dev.mercatfrutal.com\/producto\/mantequilla-pasteurizada-170g-bio\/#primaryimage"},"image":{"@id":"https:\/\/dev.mercatfrutal.com\/producto\/mantequilla-pasteurizada-170g-bio\/#primaryimage"},"thumbnailUrl":"https:\/\/dev.mercatfrutal.com\/wp-content\/uploads\/2024\/02\/Mantequilla-Pasteurizada-170g-BIO.jpg","datePublished":"2024-02-19T12:37:21+00:00","dateModified":"2025-05-26T14:06:01+00:00","breadcrumb":{"@id":"https:\/\/dev.mercatfrutal.com\/producto\/mantequilla-pasteurizada-170g-bio\/#breadcrumb"},"inLanguage":"en-GB","potentialAction":[{"@type":"ReadAction","target":["https:\/\/dev.mercatfrutal.com\/producto\/mantequilla-pasteurizada-170g-bio\/"]}]},{"@type":"ImageObject","inLanguage":"en-GB","@id":"https:\/\/dev.mercatfrutal.com\/producto\/mantequilla-pasteurizada-170g-bio\/#primaryimage","url":"https:\/\/dev.mercatfrutal.com\/wp-content\/uploads\/2024\/02\/Mantequilla-Pasteurizada-170g-BIO.jpg","contentUrl":"https:\/\/dev.mercatfrutal.com\/wp-content\/uploads\/2024\/02\/Mantequilla-Pasteurizada-170g-BIO.jpg","width":1000,"height":1000,"caption":"Mantequilla Pasteurizada 170g"},{"@type":"BreadcrumbList","@id":"https:\/\/dev.mercatfrutal.com\/producto\/mantequilla-pasteurizada-170g-bio\/#breadcrumb","itemListElement":[{"@type":"ListItem","position":1,"name":"Portada","item":"https:\/\/dev.mercatfrutal.com\/"},{"@type":"ListItem","position":2,"name":"Tienda","item":"https:\/\/dev.mercatfrutal.com\/tienda\/"},{"@type":"ListItem","position":3,"name":"Mantequilla Pasteurizada 170g BIO"}]},{"@type":"WebSite","@id":"https:\/\/dev.mercatfrutal.com\/#website","url":"https:\/\/dev.mercatfrutal.com\/","name":"Mercat Frutal","description":"","publisher":{"@id":"https:\/\/dev.mercatfrutal.com\/#organization"},"alternateName":"Mercat Frutal","potentialAction":[{"@type":"SearchAction","target":{"@type":"EntryPoint","urlTemplate":"https:\/\/dev.mercatfrutal.com\/?s={search_term_string}"},"query-input":{"@type":"PropertyValueSpecification","valueRequired":true,"valueName":"search_term_string"}}],"inLanguage":"en-GB"},{"@type":"Organization","@id":"https:\/\/dev.mercatfrutal.com\/#organization","name":"Mercat Frutal","url":"https:\/\/dev.mercatfrutal.com\/","logo":{"@type":"ImageObject","inLanguage":"en-GB","@id":"https:\/\/dev.mercatfrutal.com\/#\/schema\/logo\/image\/","url":"https:\/\/dev.mercatfrutal.com\/wp-content\/uploads\/2024\/01\/LOGO-FRUTAL3.png","contentUrl":"https:\/\/dev.mercatfrutal.com\/wp-content\/uploads\/2024\/01\/LOGO-FRUTAL3.png","width":1024,"height":382,"caption":"Mercat Frutal"},"image":{"@id":"https:\/\/dev.mercatfrutal.com\/#\/schema\/logo\/image\/"}}]}},"jetpack_sharing_enabled":true,"_links":{"self":[{"href":"https:\/\/dev.mercatfrutal.com\/en\/wp-json\/wp\/v2\/product\/1012","targetHints":{"allow":["GET"]}}],"collection":[{"href":"https:\/\/dev.mercatfrutal.com\/en\/wp-json\/wp\/v2\/product"}],"about":[{"href":"https:\/\/dev.mercatfrutal.com\/en\/wp-json\/wp\/v2\/types\/product"}],"replies":[{"embeddable":true,"href":"https:\/\/dev.mercatfrutal.com\/en\/wp-json\/wp\/v2\/comments?post=1012"}],"wp:featuredmedia":[{"embeddable":true,"href":"https:\/\/dev.mercatfrutal.com\/en\/wp-json\/wp\/v2\/media\/1365"}],"wp:attachment":[{"href":"https:\/\/dev.mercatfrutal.com\/en\/wp-json\/wp\/v2\/media?parent=1012"}],"wp:term":[{"taxonomy":"product_brand","embeddable":true,"href":"https:\/\/dev.mercatfrutal.com\/en\/wp-json\/wp\/v2\/product_brand?post=1012"},{"taxonomy":"product_cat","embeddable":true,"href":"https:\/\/dev.mercatfrutal.com\/en\/wp-json\/wp\/v2\/product_cat?post=1012"},{"taxonomy":"product_tag","embeddable":true,"href":"https:\/\/dev.mercatfrutal.com\/en\/wp-json\/wp\/v2\/product_tag?post=1012"}],"curies":[{"name":"wp","href":"https:\/\/api.w.org\/{rel}","templated":true}]}}