{"id":486,"date":"2024-02-06T13:58:35","date_gmt":"2024-02-06T11:58:35","guid":{"rendered":"https:\/\/dev.mercatfrutal.com\/producto\/ajo-200g-eco\/"},"modified":"2025-05-27T15:31:12","modified_gmt":"2025-05-27T13:31:12","slug":"ajo-200g-eco","status":"publish","type":"product","link":"https:\/\/dev.mercatfrutal.com\/en\/product\/ajo-200g-eco\/","title":{"rendered":"Organic Dried White Garlic 200g"},"content":{"rendered":"","protected":false},"excerpt":{"rendered":"<p>Organic dried white garlic is an essential ingredient in the kitchen, with an intense and aromatic flavor. Its firm, fleshy texture makes it an excellent seasoning for enhancing the flavor of stews, sauces, and roasts.<\/p>\n<h2><strong>Properties and benefits of Organic Dried White Garlic<\/strong><\/h2>\n<p>It is rich in sulfur compounds, such as allicin, which contribute to the proper functioning of the immune system. It also provides vitamins B6 and C, essential for energy metabolism and skin health. Regular consumption promotes blood circulation and has natural antibacterial properties.<\/p>\n<h2><strong>Uses of Organic Dried White Garlic<\/strong><\/h2>\n<p>Ideal for stir-fries, dressings, sauces, and roasts, it adds a distinctive touch to many Mediterranean recipes. It can also be used raw in salads and toast.<\/p>","protected":false},"featured_media":537,"comment_status":"open","ping_status":"closed","template":"","meta":{"content-type":""},"product_brand":[],"product_cat":[60],"product_tag":[],"class_list":{"0":"post-486","1":"product","2":"type-product","3":"status-publish","4":"has-post-thumbnail","6":"product_cat-verduras","8":"first","9":"instock","10":"taxable","11":"shipping-taxable","12":"purchasable","13":"product-type-simple"},"bundled_by":["7987","8645"],"bundle_stock_status":"instock","bundle_stock_quantity":null,"bundle_virtual":false,"bundle_layout":"","bundle_add_to_cart_form_location":"","bundle_editable_in_cart":false,"bundle_sold_individually_context":"","bundle_item_grouping":"","bundle_min_size":"","bundle_max_size":"","bundle_price":[],"bundled_items":[],"bundle_sell_ids":[],"yoast_head":"<!-- This site is optimized with the Yoast SEO plugin v26.9 - https:\/\/yoast.com\/product\/yoast-seo-wordpress\/ -->\n<title>Ajo 200g ECO - Mercat Frutal<\/title>\n<meta name=\"robots\" content=\"noindex, follow, max-snippet:-1, max-image-preview:large, max-video-preview:-1\" \/>\n<meta property=\"og:locale\" content=\"en_GB\" \/>\n<meta property=\"og:type\" content=\"article\" \/>\n<meta property=\"og:title\" content=\"Ajo 200g ECO - Mercat Frutal\" \/>\n<meta property=\"og:description\" content=\"El ajo blanco seco ecologico es un ingrediente esencial en la cocina, con un sabor intenso y arom\u00e1tico. Su textura firme y carnosa lo convierte en un excelente condimento para realzar el sabor de guisos, salsas y asados. Propiedades y beneficios del Ajo Blanco Seco ECO Es rico en compuestos azufrados, como la alicina, que contribuyen al buen funcionamiento del sistema inmunol\u00f3gico. Tambi\u00e9n aporta vitaminas B6 y C, esenciales para el metabolismo energ\u00e9tico y la salud de la piel. Su consumo regular favorece la circulaci\u00f3n sangu\u00ednea y tiene propiedades antibacterianas naturales. Usos del Ajo Blanco Seco ECO Ideal para sofritos, ali\u00f1os, salsas y asados, aportando un toque caracter\u00edstico a m\u00faltiples recetas de la cocina mediterr\u00e1nea. Tambi\u00e9n puede utilizarse crudo en ensaladas y tostadas.\" \/>\n<meta property=\"og:url\" content=\"https:\/\/dev.mercatfrutal.com\/en\/product\/ajo-200g-eco\/\" \/>\n<meta property=\"og:site_name\" content=\"Mercat Frutal\" \/>\n<meta property=\"article:modified_time\" content=\"2025-05-27T13:31:12+00:00\" \/>\n<meta property=\"og:image\" content=\"https:\/\/dev.mercatfrutal.com\/wp-content\/uploads\/2024\/02\/ALL.jpg\" \/>\n\t<meta property=\"og:image:width\" content=\"1000\" \/>\n\t<meta property=\"og:image:height\" content=\"1000\" \/>\n\t<meta property=\"og:image:type\" content=\"image\/jpeg\" \/>\n<meta name=\"twitter:card\" content=\"summary_large_image\" \/>\n<meta name=\"twitter:label1\" content=\"Estimated reading time\" \/>\n\t<meta name=\"twitter:data1\" content=\"1 minute\" \/>\n<script type=\"application\/ld+json\" class=\"yoast-schema-graph\">{\"@context\":\"https:\/\/schema.org\",\"@graph\":[{\"@type\":\"WebPage\",\"@id\":\"https:\/\/dev.mercatfrutal.com\/producto\/ajo-200g-eco\/\",\"url\":\"https:\/\/dev.mercatfrutal.com\/producto\/ajo-200g-eco\/\",\"name\":\"Ajo 200g ECO - Mercat Frutal\",\"isPartOf\":{\"@id\":\"https:\/\/dev.mercatfrutal.com\/#website\"},\"primaryImageOfPage\":{\"@id\":\"https:\/\/dev.mercatfrutal.com\/producto\/ajo-200g-eco\/#primaryimage\"},\"image\":{\"@id\":\"https:\/\/dev.mercatfrutal.com\/producto\/ajo-200g-eco\/#primaryimage\"},\"thumbnailUrl\":\"https:\/\/dev.mercatfrutal.com\/wp-content\/uploads\/2024\/02\/ALL.jpg\",\"datePublished\":\"2024-02-06T11:58:35+00:00\",\"dateModified\":\"2025-05-27T13:31:12+00:00\",\"breadcrumb\":{\"@id\":\"https:\/\/dev.mercatfrutal.com\/producto\/ajo-200g-eco\/#breadcrumb\"},\"inLanguage\":\"en-GB\",\"potentialAction\":[{\"@type\":\"ReadAction\",\"target\":[\"https:\/\/dev.mercatfrutal.com\/producto\/ajo-200g-eco\/\"]}]},{\"@type\":\"ImageObject\",\"inLanguage\":\"en-GB\",\"@id\":\"https:\/\/dev.mercatfrutal.com\/producto\/ajo-200g-eco\/#primaryimage\",\"url\":\"https:\/\/dev.mercatfrutal.com\/wp-content\/uploads\/2024\/02\/ALL.jpg\",\"contentUrl\":\"https:\/\/dev.mercatfrutal.com\/wp-content\/uploads\/2024\/02\/ALL.jpg\",\"width\":1000,\"height\":1000},{\"@type\":\"BreadcrumbList\",\"@id\":\"https:\/\/dev.mercatfrutal.com\/producto\/ajo-200g-eco\/#breadcrumb\",\"itemListElement\":[{\"@type\":\"ListItem\",\"position\":1,\"name\":\"Portada\",\"item\":\"https:\/\/dev.mercatfrutal.com\/\"},{\"@type\":\"ListItem\",\"position\":2,\"name\":\"Tienda\",\"item\":\"https:\/\/dev.mercatfrutal.com\/tienda\/\"},{\"@type\":\"ListItem\",\"position\":3,\"name\":\"Ajo 200g ECO\"}]},{\"@type\":\"WebSite\",\"@id\":\"https:\/\/dev.mercatfrutal.com\/#website\",\"url\":\"https:\/\/dev.mercatfrutal.com\/\",\"name\":\"Mercat Frutal\",\"description\":\"\",\"publisher\":{\"@id\":\"https:\/\/dev.mercatfrutal.com\/#organization\"},\"alternateName\":\"Mercat Frutal\",\"potentialAction\":[{\"@type\":\"SearchAction\",\"target\":{\"@type\":\"EntryPoint\",\"urlTemplate\":\"https:\/\/dev.mercatfrutal.com\/?s={search_term_string}\"},\"query-input\":{\"@type\":\"PropertyValueSpecification\",\"valueRequired\":true,\"valueName\":\"search_term_string\"}}],\"inLanguage\":\"en-GB\"},{\"@type\":\"Organization\",\"@id\":\"https:\/\/dev.mercatfrutal.com\/#organization\",\"name\":\"Mercat Frutal\",\"url\":\"https:\/\/dev.mercatfrutal.com\/\",\"logo\":{\"@type\":\"ImageObject\",\"inLanguage\":\"en-GB\",\"@id\":\"https:\/\/dev.mercatfrutal.com\/#\/schema\/logo\/image\/\",\"url\":\"https:\/\/dev.mercatfrutal.com\/wp-content\/uploads\/2024\/01\/LOGO-FRUTAL3.png\",\"contentUrl\":\"https:\/\/dev.mercatfrutal.com\/wp-content\/uploads\/2024\/01\/LOGO-FRUTAL3.png\",\"width\":1024,\"height\":382,\"caption\":\"Mercat Frutal\"},\"image\":{\"@id\":\"https:\/\/dev.mercatfrutal.com\/#\/schema\/logo\/image\/\"}}]}<\/script>\n<!-- \/ Yoast SEO plugin. -->","yoast_head_json":{"title":"Ajo 200g ECO - Mercat Frutal","robots":{"index":"noindex","follow":"follow","max-snippet":"max-snippet:-1","max-image-preview":"max-image-preview:large","max-video-preview":"max-video-preview:-1"},"og_locale":"en_GB","og_type":"article","og_title":"Ajo 200g ECO - Mercat Frutal","og_description":"El ajo blanco seco ecologico es un ingrediente esencial en la cocina, con un sabor intenso y arom\u00e1tico. Su textura firme y carnosa lo convierte en un excelente condimento para realzar el sabor de guisos, salsas y asados. Propiedades y beneficios del Ajo Blanco Seco ECO Es rico en compuestos azufrados, como la alicina, que contribuyen al buen funcionamiento del sistema inmunol\u00f3gico. Tambi\u00e9n aporta vitaminas B6 y C, esenciales para el metabolismo energ\u00e9tico y la salud de la piel. Su consumo regular favorece la circulaci\u00f3n sangu\u00ednea y tiene propiedades antibacterianas naturales. Usos del Ajo Blanco Seco ECO Ideal para sofritos, ali\u00f1os, salsas y asados, aportando un toque caracter\u00edstico a m\u00faltiples recetas de la cocina mediterr\u00e1nea. Tambi\u00e9n puede utilizarse crudo en ensaladas y tostadas.","og_url":"https:\/\/dev.mercatfrutal.com\/en\/product\/ajo-200g-eco\/","og_site_name":"Mercat Frutal","article_modified_time":"2025-05-27T13:31:12+00:00","og_image":[{"width":1000,"height":1000,"url":"https:\/\/dev.mercatfrutal.com\/wp-content\/uploads\/2024\/02\/ALL.jpg","type":"image\/jpeg"}],"twitter_card":"summary_large_image","twitter_misc":{"Estimated reading time":"1 minute"},"schema":{"@context":"https:\/\/schema.org","@graph":[{"@type":"WebPage","@id":"https:\/\/dev.mercatfrutal.com\/producto\/ajo-200g-eco\/","url":"https:\/\/dev.mercatfrutal.com\/producto\/ajo-200g-eco\/","name":"Ajo 200g ECO - Mercat Frutal","isPartOf":{"@id":"https:\/\/dev.mercatfrutal.com\/#website"},"primaryImageOfPage":{"@id":"https:\/\/dev.mercatfrutal.com\/producto\/ajo-200g-eco\/#primaryimage"},"image":{"@id":"https:\/\/dev.mercatfrutal.com\/producto\/ajo-200g-eco\/#primaryimage"},"thumbnailUrl":"https:\/\/dev.mercatfrutal.com\/wp-content\/uploads\/2024\/02\/ALL.jpg","datePublished":"2024-02-06T11:58:35+00:00","dateModified":"2025-05-27T13:31:12+00:00","breadcrumb":{"@id":"https:\/\/dev.mercatfrutal.com\/producto\/ajo-200g-eco\/#breadcrumb"},"inLanguage":"en-GB","potentialAction":[{"@type":"ReadAction","target":["https:\/\/dev.mercatfrutal.com\/producto\/ajo-200g-eco\/"]}]},{"@type":"ImageObject","inLanguage":"en-GB","@id":"https:\/\/dev.mercatfrutal.com\/producto\/ajo-200g-eco\/#primaryimage","url":"https:\/\/dev.mercatfrutal.com\/wp-content\/uploads\/2024\/02\/ALL.jpg","contentUrl":"https:\/\/dev.mercatfrutal.com\/wp-content\/uploads\/2024\/02\/ALL.jpg","width":1000,"height":1000},{"@type":"BreadcrumbList","@id":"https:\/\/dev.mercatfrutal.com\/producto\/ajo-200g-eco\/#breadcrumb","itemListElement":[{"@type":"ListItem","position":1,"name":"Portada","item":"https:\/\/dev.mercatfrutal.com\/"},{"@type":"ListItem","position":2,"name":"Tienda","item":"https:\/\/dev.mercatfrutal.com\/tienda\/"},{"@type":"ListItem","position":3,"name":"Ajo 200g ECO"}]},{"@type":"WebSite","@id":"https:\/\/dev.mercatfrutal.com\/#website","url":"https:\/\/dev.mercatfrutal.com\/","name":"Mercat Frutal","description":"","publisher":{"@id":"https:\/\/dev.mercatfrutal.com\/#organization"},"alternateName":"Mercat Frutal","potentialAction":[{"@type":"SearchAction","target":{"@type":"EntryPoint","urlTemplate":"https:\/\/dev.mercatfrutal.com\/?s={search_term_string}"},"query-input":{"@type":"PropertyValueSpecification","valueRequired":true,"valueName":"search_term_string"}}],"inLanguage":"en-GB"},{"@type":"Organization","@id":"https:\/\/dev.mercatfrutal.com\/#organization","name":"Mercat Frutal","url":"https:\/\/dev.mercatfrutal.com\/","logo":{"@type":"ImageObject","inLanguage":"en-GB","@id":"https:\/\/dev.mercatfrutal.com\/#\/schema\/logo\/image\/","url":"https:\/\/dev.mercatfrutal.com\/wp-content\/uploads\/2024\/01\/LOGO-FRUTAL3.png","contentUrl":"https:\/\/dev.mercatfrutal.com\/wp-content\/uploads\/2024\/01\/LOGO-FRUTAL3.png","width":1024,"height":382,"caption":"Mercat Frutal"},"image":{"@id":"https:\/\/dev.mercatfrutal.com\/#\/schema\/logo\/image\/"}}]}},"jetpack_sharing_enabled":true,"_links":{"self":[{"href":"https:\/\/dev.mercatfrutal.com\/en\/wp-json\/wp\/v2\/product\/486","targetHints":{"allow":["GET"]}}],"collection":[{"href":"https:\/\/dev.mercatfrutal.com\/en\/wp-json\/wp\/v2\/product"}],"about":[{"href":"https:\/\/dev.mercatfrutal.com\/en\/wp-json\/wp\/v2\/types\/product"}],"replies":[{"embeddable":true,"href":"https:\/\/dev.mercatfrutal.com\/en\/wp-json\/wp\/v2\/comments?post=486"}],"wp:featuredmedia":[{"embeddable":true,"href":"https:\/\/dev.mercatfrutal.com\/en\/wp-json\/wp\/v2\/media\/537"}],"wp:attachment":[{"href":"https:\/\/dev.mercatfrutal.com\/en\/wp-json\/wp\/v2\/media?parent=486"}],"wp:term":[{"taxonomy":"product_brand","embeddable":true,"href":"https:\/\/dev.mercatfrutal.com\/en\/wp-json\/wp\/v2\/product_brand?post=486"},{"taxonomy":"product_cat","embeddable":true,"href":"https:\/\/dev.mercatfrutal.com\/en\/wp-json\/wp\/v2\/product_cat?post=486"},{"taxonomy":"product_tag","embeddable":true,"href":"https:\/\/dev.mercatfrutal.com\/en\/wp-json\/wp\/v2\/product_tag?post=486"}],"curies":[{"name":"wp","href":"https:\/\/api.w.org\/{rel}","templated":true}]}}