{"id":5751,"date":"2024-09-09T15:48:31","date_gmt":"2024-09-09T13:48:31","guid":{"rendered":"https:\/\/dev.mercatfrutal.com\/?post_type=product&#038;p=5751"},"modified":"2025-05-27T12:12:07","modified_gmt":"2025-05-27T10:12:07","slug":"manzana-story-500g-eco","status":"publish","type":"product","link":"https:\/\/dev.mercatfrutal.com\/en\/product\/manzana-story-500g-eco\/","title":{"rendered":"Organic Story Apple 500g"},"content":{"rendered":"","protected":false},"excerpt":{"rendered":"<p>The Organic Story Apple is distinguished by its deep, bright red color, firm, crisp flesh and sweet flavor with an exotic touch. It is a modern variety that combines juiciness with a consistent texture.<\/p>\n<h2><strong>Properties and benefits of the Organic Story Apple<\/strong><\/h2>\n<p>Contains a high level of antioxidants and vitamin C, helping to strengthen the immune system. Its fiber content promotes digestion and contributes to satiety. It is also rich in polyphenols, beneficial for cardiovascular health.<\/p>\n<h2><strong>Uses of Organic Story Apple<\/strong><\/h2>\n<p>Gracias a su textura crujiente y su sabor dulce, es ideal para consumir fresca, en batidos, ensaladas o postres. Tambi\u00e9n es perfecta para snacks saludables y platos gourmet.<\/p>","protected":false},"featured_media":457,"comment_status":"open","ping_status":"closed","template":"","meta":{"content-type":""},"product_brand":[],"product_cat":[26],"product_tag":[],"class_list":{"0":"post-5751","1":"product","2":"type-product","3":"status-publish","4":"has-post-thumbnail","6":"product_cat-frutas","8":"first","9":"instock","10":"taxable","11":"shipping-taxable","12":"purchasable","13":"product-type-simple"},"bundled_by":["8645"],"bundle_stock_status":"instock","bundle_stock_quantity":null,"bundle_virtual":false,"bundle_layout":"","bundle_add_to_cart_form_location":"","bundle_editable_in_cart":false,"bundle_sold_individually_context":"","bundle_item_grouping":"","bundle_min_size":"","bundle_max_size":"","bundle_price":[],"bundled_items":[],"bundle_sell_ids":[],"yoast_head":"<!-- This site is optimized with the Yoast SEO plugin v26.9 - https:\/\/yoast.com\/product\/yoast-seo-wordpress\/ -->\n<title>Manzana Story 500g ECO - Mercat Frutal<\/title>\n<meta name=\"robots\" content=\"noindex, follow, max-snippet:-1, max-image-preview:large, max-video-preview:-1\" \/>\n<meta property=\"og:locale\" content=\"en_GB\" \/>\n<meta property=\"og:type\" content=\"article\" \/>\n<meta property=\"og:title\" content=\"Manzana Story 500g ECO - Mercat Frutal\" \/>\n<meta property=\"og:description\" content=\"La manzana Story ecol\u00f3gica se distingue por su color rojo intenso y brillante, su pulpa firme y crujiente, y su sabor dulce con un toque ex\u00f3tico. Es una variedad moderna que combina jugosidad con una textura consistente. Propiedades y beneficios de la Manzana Story ECO Contiene un alto nivel de antioxidantes y vitamina C, ayudando a reforzar el sistema inmunol\u00f3gico. Su contenido en fibra favorece la digesti\u00f3n y contribuye a la saciedad. Adem\u00e1s, es rica en polifenoles, beneficiosos para la salud cardiovascular. Usos de la Manzana Story ECO Gracias a su textura crujiente y su sabor dulce, es ideal para consumir fresca, en batidos, ensaladas o postres. Tambi\u00e9n es perfecta para snacks saludables y platos gourmet.\" \/>\n<meta property=\"og:url\" content=\"https:\/\/dev.mercatfrutal.com\/en\/product\/manzana-story-500g-eco\/\" \/>\n<meta property=\"og:site_name\" content=\"Mercat Frutal\" \/>\n<meta property=\"article:modified_time\" content=\"2025-05-27T10:12:07+00:00\" \/>\n<meta property=\"og:image\" content=\"https:\/\/dev.mercatfrutal.com\/wp-content\/uploads\/2024\/02\/MANZANA-STORY.jpg\" \/>\n\t<meta property=\"og:image:width\" content=\"1000\" \/>\n\t<meta property=\"og:image:height\" content=\"1000\" \/>\n\t<meta property=\"og:image:type\" content=\"image\/jpeg\" \/>\n<meta name=\"twitter:card\" content=\"summary_large_image\" \/>\n<meta name=\"twitter:label1\" content=\"Estimated reading time\" \/>\n\t<meta name=\"twitter:data1\" content=\"1 minute\" \/>\n<script type=\"application\/ld+json\" class=\"yoast-schema-graph\">{\"@context\":\"https:\/\/schema.org\",\"@graph\":[{\"@type\":\"WebPage\",\"@id\":\"https:\/\/dev.mercatfrutal.com\/producto\/manzana-story-500g-eco\/\",\"url\":\"https:\/\/dev.mercatfrutal.com\/producto\/manzana-story-500g-eco\/\",\"name\":\"Manzana Story 500g ECO - Mercat Frutal\",\"isPartOf\":{\"@id\":\"https:\/\/dev.mercatfrutal.com\/#website\"},\"primaryImageOfPage\":{\"@id\":\"https:\/\/dev.mercatfrutal.com\/producto\/manzana-story-500g-eco\/#primaryimage\"},\"image\":{\"@id\":\"https:\/\/dev.mercatfrutal.com\/producto\/manzana-story-500g-eco\/#primaryimage\"},\"thumbnailUrl\":\"https:\/\/dev.mercatfrutal.com\/wp-content\/uploads\/2024\/02\/MANZANA-STORY.jpg\",\"datePublished\":\"2024-09-09T13:48:31+00:00\",\"dateModified\":\"2025-05-27T10:12:07+00:00\",\"breadcrumb\":{\"@id\":\"https:\/\/dev.mercatfrutal.com\/producto\/manzana-story-500g-eco\/#breadcrumb\"},\"inLanguage\":\"en-GB\",\"potentialAction\":[{\"@type\":\"ReadAction\",\"target\":[\"https:\/\/dev.mercatfrutal.com\/producto\/manzana-story-500g-eco\/\"]}]},{\"@type\":\"ImageObject\",\"inLanguage\":\"en-GB\",\"@id\":\"https:\/\/dev.mercatfrutal.com\/producto\/manzana-story-500g-eco\/#primaryimage\",\"url\":\"https:\/\/dev.mercatfrutal.com\/wp-content\/uploads\/2024\/02\/MANZANA-STORY.jpg\",\"contentUrl\":\"https:\/\/dev.mercatfrutal.com\/wp-content\/uploads\/2024\/02\/MANZANA-STORY.jpg\",\"width\":1000,\"height\":1000,\"caption\":\"Manzana story\"},{\"@type\":\"BreadcrumbList\",\"@id\":\"https:\/\/dev.mercatfrutal.com\/producto\/manzana-story-500g-eco\/#breadcrumb\",\"itemListElement\":[{\"@type\":\"ListItem\",\"position\":1,\"name\":\"Portada\",\"item\":\"https:\/\/dev.mercatfrutal.com\/\"},{\"@type\":\"ListItem\",\"position\":2,\"name\":\"Tienda\",\"item\":\"https:\/\/dev.mercatfrutal.com\/tienda\/\"},{\"@type\":\"ListItem\",\"position\":3,\"name\":\"Manzana Story 500g ECO\"}]},{\"@type\":\"WebSite\",\"@id\":\"https:\/\/dev.mercatfrutal.com\/#website\",\"url\":\"https:\/\/dev.mercatfrutal.com\/\",\"name\":\"Mercat Frutal\",\"description\":\"\",\"publisher\":{\"@id\":\"https:\/\/dev.mercatfrutal.com\/#organization\"},\"alternateName\":\"Mercat Frutal\",\"potentialAction\":[{\"@type\":\"SearchAction\",\"target\":{\"@type\":\"EntryPoint\",\"urlTemplate\":\"https:\/\/dev.mercatfrutal.com\/?s={search_term_string}\"},\"query-input\":{\"@type\":\"PropertyValueSpecification\",\"valueRequired\":true,\"valueName\":\"search_term_string\"}}],\"inLanguage\":\"en-GB\"},{\"@type\":\"Organization\",\"@id\":\"https:\/\/dev.mercatfrutal.com\/#organization\",\"name\":\"Mercat Frutal\",\"url\":\"https:\/\/dev.mercatfrutal.com\/\",\"logo\":{\"@type\":\"ImageObject\",\"inLanguage\":\"en-GB\",\"@id\":\"https:\/\/dev.mercatfrutal.com\/#\/schema\/logo\/image\/\",\"url\":\"https:\/\/dev.mercatfrutal.com\/wp-content\/uploads\/2024\/01\/LOGO-FRUTAL3.png\",\"contentUrl\":\"https:\/\/dev.mercatfrutal.com\/wp-content\/uploads\/2024\/01\/LOGO-FRUTAL3.png\",\"width\":1024,\"height\":382,\"caption\":\"Mercat Frutal\"},\"image\":{\"@id\":\"https:\/\/dev.mercatfrutal.com\/#\/schema\/logo\/image\/\"}}]}<\/script>\n<!-- \/ Yoast SEO plugin. -->","yoast_head_json":{"title":"Manzana Story 500g ECO - Mercat Frutal","robots":{"index":"noindex","follow":"follow","max-snippet":"max-snippet:-1","max-image-preview":"max-image-preview:large","max-video-preview":"max-video-preview:-1"},"og_locale":"en_GB","og_type":"article","og_title":"Manzana Story 500g ECO - Mercat Frutal","og_description":"La manzana Story ecol\u00f3gica se distingue por su color rojo intenso y brillante, su pulpa firme y crujiente, y su sabor dulce con un toque ex\u00f3tico. Es una variedad moderna que combina jugosidad con una textura consistente. Propiedades y beneficios de la Manzana Story ECO Contiene un alto nivel de antioxidantes y vitamina C, ayudando a reforzar el sistema inmunol\u00f3gico. Su contenido en fibra favorece la digesti\u00f3n y contribuye a la saciedad. Adem\u00e1s, es rica en polifenoles, beneficiosos para la salud cardiovascular. Usos de la Manzana Story ECO Gracias a su textura crujiente y su sabor dulce, es ideal para consumir fresca, en batidos, ensaladas o postres. Tambi\u00e9n es perfecta para snacks saludables y platos gourmet.","og_url":"https:\/\/dev.mercatfrutal.com\/en\/product\/manzana-story-500g-eco\/","og_site_name":"Mercat Frutal","article_modified_time":"2025-05-27T10:12:07+00:00","og_image":[{"width":1000,"height":1000,"url":"https:\/\/dev.mercatfrutal.com\/wp-content\/uploads\/2024\/02\/MANZANA-STORY.jpg","type":"image\/jpeg"}],"twitter_card":"summary_large_image","twitter_misc":{"Estimated reading time":"1 minute"},"schema":{"@context":"https:\/\/schema.org","@graph":[{"@type":"WebPage","@id":"https:\/\/dev.mercatfrutal.com\/producto\/manzana-story-500g-eco\/","url":"https:\/\/dev.mercatfrutal.com\/producto\/manzana-story-500g-eco\/","name":"Manzana Story 500g ECO - Mercat Frutal","isPartOf":{"@id":"https:\/\/dev.mercatfrutal.com\/#website"},"primaryImageOfPage":{"@id":"https:\/\/dev.mercatfrutal.com\/producto\/manzana-story-500g-eco\/#primaryimage"},"image":{"@id":"https:\/\/dev.mercatfrutal.com\/producto\/manzana-story-500g-eco\/#primaryimage"},"thumbnailUrl":"https:\/\/dev.mercatfrutal.com\/wp-content\/uploads\/2024\/02\/MANZANA-STORY.jpg","datePublished":"2024-09-09T13:48:31+00:00","dateModified":"2025-05-27T10:12:07+00:00","breadcrumb":{"@id":"https:\/\/dev.mercatfrutal.com\/producto\/manzana-story-500g-eco\/#breadcrumb"},"inLanguage":"en-GB","potentialAction":[{"@type":"ReadAction","target":["https:\/\/dev.mercatfrutal.com\/producto\/manzana-story-500g-eco\/"]}]},{"@type":"ImageObject","inLanguage":"en-GB","@id":"https:\/\/dev.mercatfrutal.com\/producto\/manzana-story-500g-eco\/#primaryimage","url":"https:\/\/dev.mercatfrutal.com\/wp-content\/uploads\/2024\/02\/MANZANA-STORY.jpg","contentUrl":"https:\/\/dev.mercatfrutal.com\/wp-content\/uploads\/2024\/02\/MANZANA-STORY.jpg","width":1000,"height":1000,"caption":"Manzana story"},{"@type":"BreadcrumbList","@id":"https:\/\/dev.mercatfrutal.com\/producto\/manzana-story-500g-eco\/#breadcrumb","itemListElement":[{"@type":"ListItem","position":1,"name":"Portada","item":"https:\/\/dev.mercatfrutal.com\/"},{"@type":"ListItem","position":2,"name":"Tienda","item":"https:\/\/dev.mercatfrutal.com\/tienda\/"},{"@type":"ListItem","position":3,"name":"Manzana Story 500g ECO"}]},{"@type":"WebSite","@id":"https:\/\/dev.mercatfrutal.com\/#website","url":"https:\/\/dev.mercatfrutal.com\/","name":"Mercat Frutal","description":"","publisher":{"@id":"https:\/\/dev.mercatfrutal.com\/#organization"},"alternateName":"Mercat Frutal","potentialAction":[{"@type":"SearchAction","target":{"@type":"EntryPoint","urlTemplate":"https:\/\/dev.mercatfrutal.com\/?s={search_term_string}"},"query-input":{"@type":"PropertyValueSpecification","valueRequired":true,"valueName":"search_term_string"}}],"inLanguage":"en-GB"},{"@type":"Organization","@id":"https:\/\/dev.mercatfrutal.com\/#organization","name":"Mercat Frutal","url":"https:\/\/dev.mercatfrutal.com\/","logo":{"@type":"ImageObject","inLanguage":"en-GB","@id":"https:\/\/dev.mercatfrutal.com\/#\/schema\/logo\/image\/","url":"https:\/\/dev.mercatfrutal.com\/wp-content\/uploads\/2024\/01\/LOGO-FRUTAL3.png","contentUrl":"https:\/\/dev.mercatfrutal.com\/wp-content\/uploads\/2024\/01\/LOGO-FRUTAL3.png","width":1024,"height":382,"caption":"Mercat Frutal"},"image":{"@id":"https:\/\/dev.mercatfrutal.com\/#\/schema\/logo\/image\/"}}]}},"jetpack_sharing_enabled":true,"_links":{"self":[{"href":"https:\/\/dev.mercatfrutal.com\/en\/wp-json\/wp\/v2\/product\/5751","targetHints":{"allow":["GET"]}}],"collection":[{"href":"https:\/\/dev.mercatfrutal.com\/en\/wp-json\/wp\/v2\/product"}],"about":[{"href":"https:\/\/dev.mercatfrutal.com\/en\/wp-json\/wp\/v2\/types\/product"}],"replies":[{"embeddable":true,"href":"https:\/\/dev.mercatfrutal.com\/en\/wp-json\/wp\/v2\/comments?post=5751"}],"wp:featuredmedia":[{"embeddable":true,"href":"https:\/\/dev.mercatfrutal.com\/en\/wp-json\/wp\/v2\/media\/457"}],"wp:attachment":[{"href":"https:\/\/dev.mercatfrutal.com\/en\/wp-json\/wp\/v2\/media?parent=5751"}],"wp:term":[{"taxonomy":"product_brand","embeddable":true,"href":"https:\/\/dev.mercatfrutal.com\/en\/wp-json\/wp\/v2\/product_brand?post=5751"},{"taxonomy":"product_cat","embeddable":true,"href":"https:\/\/dev.mercatfrutal.com\/en\/wp-json\/wp\/v2\/product_cat?post=5751"},{"taxonomy":"product_tag","embeddable":true,"href":"https:\/\/dev.mercatfrutal.com\/en\/wp-json\/wp\/v2\/product_tag?post=5751"}],"curies":[{"name":"wp","href":"https:\/\/api.w.org\/{rel}","templated":true}]}}