{"id":5965,"date":"2024-09-17T16:41:32","date_gmt":"2024-09-17T15:41:32","guid":{"rendered":"https:\/\/dev.mercatfrutal.com\/?post_type=product&#038;p=5965"},"modified":"2025-12-16T17:37:56","modified_gmt":"2025-12-16T16:37:56","slug":"aguacate-fuerte-unidad-eco","status":"publish","type":"product","link":"https:\/\/dev.mercatfrutal.com\/en\/product\/aguacate-fuerte-unidad-eco\/","title":{"rendered":"Aguacate Fuerte Unidad ECO"},"content":{"rendered":"","protected":false},"excerpt":{"rendered":"<p>The Organic Reed Avocado is distinguished by its larger size, smooth and thick skin, and even creamier texture than the Hass avocado. Its flavor has a slight nutty note, making it ideal to enjoy at its optimal point of ripeness.<\/p>\n<h2><strong>Properties and benefits of Organic Reed Avocado<\/strong><\/h2>\n<p>Reed avocado is an excellent source of healthy fats, essential for cardiovascular health. Rich in vitamin E, potassium and antioxidants, it helps protect cells from aging and maintains hydrated skin. Its high fiber content promotes digestion and provides a long-lasting feeling of satiety.<\/p>\n<h2><strong>Uses of Organic Reed Avocado<\/strong><\/h2>\n<p>Thanks to its ultra-creamy texture and reduced oxidation once cut, it is perfect for salads, toast, guacamole, sushi or to eat directly with a spoon.<\/p>","protected":false},"featured_media":446,"comment_status":"open","ping_status":"closed","template":"","meta":{"content-type":""},"product_brand":[],"product_cat":[26],"product_tag":[],"class_list":{"0":"post-5965","1":"product","2":"type-product","3":"status-publish","4":"has-post-thumbnail","6":"product_cat-frutas","8":"first","9":"instock","10":"taxable","11":"shipping-taxable","12":"purchasable","13":"product-type-simple"},"bundled_by":["8645"],"bundle_stock_status":"instock","bundle_stock_quantity":null,"bundle_virtual":false,"bundle_layout":"","bundle_add_to_cart_form_location":"","bundle_editable_in_cart":false,"bundle_sold_individually_context":"","bundle_item_grouping":"","bundle_min_size":"","bundle_max_size":"","bundle_price":[],"bundled_items":[],"bundle_sell_ids":[],"yoast_head":"<!-- This site is optimized with the Yoast SEO plugin v26.9 - https:\/\/yoast.com\/product\/yoast-seo-wordpress\/ -->\n<title>Aguacate Fuerte Unidad ECO - Mercat Frutal<\/title>\n<meta name=\"robots\" content=\"noindex, follow, max-snippet:-1, max-image-preview:large, max-video-preview:-1\" \/>\n<meta property=\"og:locale\" content=\"en_GB\" \/>\n<meta property=\"og:type\" content=\"article\" \/>\n<meta property=\"og:title\" content=\"Aguacate Fuerte Unidad ECO - Mercat Frutal\" \/>\n<meta property=\"og:description\" content=\"El aguacate Reed ecol\u00f3gico se distingue por su tama\u00f1o m\u00e1s grande, su piel lisa y gruesa, y su textura a\u00fan m\u00e1s cremosa que el aguacate Hass. Su sabor tiene un ligero toque a nuez, lo que lo hace ideal para disfrutar en su punto \u00f3ptimo de maduraci\u00f3n. Propiedades y beneficios del Aguacate Reed ECO El aguacate Reed es una excelente fuente de grasas saludables, esenciales para la salud cardiovascular. Rico en vitamina E, potasio y antioxidantes, ayuda a proteger las c\u00e9lulas del envejecimiento y a mantener una piel hidratada. Su alto contenido en fibra favorece la digesti\u00f3n y aporta una sensaci\u00f3n de saciedad duradera. Usos del Aguacate Reed ECO Gracias a su textura ultra cremosa y su menor oxidaci\u00f3n una vez cortado, es perfecto para ensaladas, tostadas, guacamole, sushi o para comerlo directamente con cuchara.\" \/>\n<meta property=\"og:url\" content=\"https:\/\/dev.mercatfrutal.com\/en\/?post_type=product&amp;p=5965\" \/>\n<meta property=\"og:site_name\" content=\"Mercat Frutal\" \/>\n<meta property=\"article:modified_time\" content=\"2025-12-16T16:37:56+00:00\" \/>\n<meta property=\"og:image\" content=\"https:\/\/dev.mercatfrutal.com\/wp-content\/uploads\/2024\/02\/AGUACATE-BACON.jpg\" \/>\n\t<meta property=\"og:image:width\" content=\"1000\" \/>\n\t<meta property=\"og:image:height\" content=\"1000\" \/>\n\t<meta property=\"og:image:type\" content=\"image\/jpeg\" \/>\n<meta name=\"twitter:card\" content=\"summary_large_image\" \/>\n<meta name=\"twitter:label1\" content=\"Estimated reading time\" \/>\n\t<meta name=\"twitter:data1\" content=\"1 minute\" \/>\n<script type=\"application\/ld+json\" class=\"yoast-schema-graph\">{\"@context\":\"https:\/\/schema.org\",\"@graph\":[{\"@type\":\"WebPage\",\"@id\":\"https:\/\/dev.mercatfrutal.com\/?post_type=product&p=5965\",\"url\":\"https:\/\/dev.mercatfrutal.com\/?post_type=product&p=5965\",\"name\":\"Aguacate Fuerte Unidad ECO - Mercat Frutal\",\"isPartOf\":{\"@id\":\"https:\/\/dev.mercatfrutal.com\/#website\"},\"primaryImageOfPage\":{\"@id\":\"https:\/\/dev.mercatfrutal.com\/?post_type=product&p=5965#primaryimage\"},\"image\":{\"@id\":\"https:\/\/dev.mercatfrutal.com\/?post_type=product&p=5965#primaryimage\"},\"thumbnailUrl\":\"https:\/\/dev.mercatfrutal.com\/wp-content\/uploads\/2024\/02\/AGUACATE-BACON.jpg\",\"datePublished\":\"2024-09-17T15:41:32+00:00\",\"dateModified\":\"2025-12-16T16:37:56+00:00\",\"breadcrumb\":{\"@id\":\"https:\/\/dev.mercatfrutal.com\/?post_type=product&p=5965#breadcrumb\"},\"inLanguage\":\"en-GB\",\"potentialAction\":[{\"@type\":\"ReadAction\",\"target\":[\"https:\/\/dev.mercatfrutal.com\/?post_type=product&p=5965\"]}]},{\"@type\":\"ImageObject\",\"inLanguage\":\"en-GB\",\"@id\":\"https:\/\/dev.mercatfrutal.com\/?post_type=product&p=5965#primaryimage\",\"url\":\"https:\/\/dev.mercatfrutal.com\/wp-content\/uploads\/2024\/02\/AGUACATE-BACON.jpg\",\"contentUrl\":\"https:\/\/dev.mercatfrutal.com\/wp-content\/uploads\/2024\/02\/AGUACATE-BACON.jpg\",\"width\":1000,\"height\":1000,\"caption\":\"Aguacate Bacon\"},{\"@type\":\"BreadcrumbList\",\"@id\":\"https:\/\/dev.mercatfrutal.com\/?post_type=product&p=5965#breadcrumb\",\"itemListElement\":[{\"@type\":\"ListItem\",\"position\":1,\"name\":\"Portada\",\"item\":\"https:\/\/dev.mercatfrutal.com\/\"},{\"@type\":\"ListItem\",\"position\":2,\"name\":\"Tienda\",\"item\":\"https:\/\/dev.mercatfrutal.com\/tienda\/\"},{\"@type\":\"ListItem\",\"position\":3,\"name\":\"Aguacate Reed Unidad ECO\"}]},{\"@type\":\"WebSite\",\"@id\":\"https:\/\/dev.mercatfrutal.com\/#website\",\"url\":\"https:\/\/dev.mercatfrutal.com\/\",\"name\":\"Mercat Frutal\",\"description\":\"\",\"publisher\":{\"@id\":\"https:\/\/dev.mercatfrutal.com\/#organization\"},\"alternateName\":\"Mercat Frutal\",\"potentialAction\":[{\"@type\":\"SearchAction\",\"target\":{\"@type\":\"EntryPoint\",\"urlTemplate\":\"https:\/\/dev.mercatfrutal.com\/?s={search_term_string}\"},\"query-input\":{\"@type\":\"PropertyValueSpecification\",\"valueRequired\":true,\"valueName\":\"search_term_string\"}}],\"inLanguage\":\"en-GB\"},{\"@type\":\"Organization\",\"@id\":\"https:\/\/dev.mercatfrutal.com\/#organization\",\"name\":\"Mercat Frutal\",\"url\":\"https:\/\/dev.mercatfrutal.com\/\",\"logo\":{\"@type\":\"ImageObject\",\"inLanguage\":\"en-GB\",\"@id\":\"https:\/\/dev.mercatfrutal.com\/#\/schema\/logo\/image\/\",\"url\":\"https:\/\/dev.mercatfrutal.com\/wp-content\/uploads\/2024\/01\/LOGO-FRUTAL3.png\",\"contentUrl\":\"https:\/\/dev.mercatfrutal.com\/wp-content\/uploads\/2024\/01\/LOGO-FRUTAL3.png\",\"width\":1024,\"height\":382,\"caption\":\"Mercat Frutal\"},\"image\":{\"@id\":\"https:\/\/dev.mercatfrutal.com\/#\/schema\/logo\/image\/\"}}]}<\/script>\n<!-- \/ Yoast SEO plugin. -->","yoast_head_json":{"title":"Aguacate Fuerte Unidad ECO - Mercat Frutal","robots":{"index":"noindex","follow":"follow","max-snippet":"max-snippet:-1","max-image-preview":"max-image-preview:large","max-video-preview":"max-video-preview:-1"},"og_locale":"en_GB","og_type":"article","og_title":"Aguacate Fuerte Unidad ECO - Mercat Frutal","og_description":"El aguacate Reed ecol\u00f3gico se distingue por su tama\u00f1o m\u00e1s grande, su piel lisa y gruesa, y su textura a\u00fan m\u00e1s cremosa que el aguacate Hass. Su sabor tiene un ligero toque a nuez, lo que lo hace ideal para disfrutar en su punto \u00f3ptimo de maduraci\u00f3n. Propiedades y beneficios del Aguacate Reed ECO El aguacate Reed es una excelente fuente de grasas saludables, esenciales para la salud cardiovascular. Rico en vitamina E, potasio y antioxidantes, ayuda a proteger las c\u00e9lulas del envejecimiento y a mantener una piel hidratada. Su alto contenido en fibra favorece la digesti\u00f3n y aporta una sensaci\u00f3n de saciedad duradera. Usos del Aguacate Reed ECO Gracias a su textura ultra cremosa y su menor oxidaci\u00f3n una vez cortado, es perfecto para ensaladas, tostadas, guacamole, sushi o para comerlo directamente con cuchara.","og_url":"https:\/\/dev.mercatfrutal.com\/en\/?post_type=product&p=5965","og_site_name":"Mercat Frutal","article_modified_time":"2025-12-16T16:37:56+00:00","og_image":[{"width":1000,"height":1000,"url":"https:\/\/dev.mercatfrutal.com\/wp-content\/uploads\/2024\/02\/AGUACATE-BACON.jpg","type":"image\/jpeg"}],"twitter_card":"summary_large_image","twitter_misc":{"Estimated reading time":"1 minute"},"schema":{"@context":"https:\/\/schema.org","@graph":[{"@type":"WebPage","@id":"https:\/\/dev.mercatfrutal.com\/?post_type=product&p=5965","url":"https:\/\/dev.mercatfrutal.com\/?post_type=product&p=5965","name":"Aguacate Fuerte Unidad ECO - Mercat Frutal","isPartOf":{"@id":"https:\/\/dev.mercatfrutal.com\/#website"},"primaryImageOfPage":{"@id":"https:\/\/dev.mercatfrutal.com\/?post_type=product&p=5965#primaryimage"},"image":{"@id":"https:\/\/dev.mercatfrutal.com\/?post_type=product&p=5965#primaryimage"},"thumbnailUrl":"https:\/\/dev.mercatfrutal.com\/wp-content\/uploads\/2024\/02\/AGUACATE-BACON.jpg","datePublished":"2024-09-17T15:41:32+00:00","dateModified":"2025-12-16T16:37:56+00:00","breadcrumb":{"@id":"https:\/\/dev.mercatfrutal.com\/?post_type=product&p=5965#breadcrumb"},"inLanguage":"en-GB","potentialAction":[{"@type":"ReadAction","target":["https:\/\/dev.mercatfrutal.com\/?post_type=product&p=5965"]}]},{"@type":"ImageObject","inLanguage":"en-GB","@id":"https:\/\/dev.mercatfrutal.com\/?post_type=product&p=5965#primaryimage","url":"https:\/\/dev.mercatfrutal.com\/wp-content\/uploads\/2024\/02\/AGUACATE-BACON.jpg","contentUrl":"https:\/\/dev.mercatfrutal.com\/wp-content\/uploads\/2024\/02\/AGUACATE-BACON.jpg","width":1000,"height":1000,"caption":"Aguacate Bacon"},{"@type":"BreadcrumbList","@id":"https:\/\/dev.mercatfrutal.com\/?post_type=product&p=5965#breadcrumb","itemListElement":[{"@type":"ListItem","position":1,"name":"Portada","item":"https:\/\/dev.mercatfrutal.com\/"},{"@type":"ListItem","position":2,"name":"Tienda","item":"https:\/\/dev.mercatfrutal.com\/tienda\/"},{"@type":"ListItem","position":3,"name":"Aguacate Reed Unidad ECO"}]},{"@type":"WebSite","@id":"https:\/\/dev.mercatfrutal.com\/#website","url":"https:\/\/dev.mercatfrutal.com\/","name":"Mercat Frutal","description":"","publisher":{"@id":"https:\/\/dev.mercatfrutal.com\/#organization"},"alternateName":"Mercat Frutal","potentialAction":[{"@type":"SearchAction","target":{"@type":"EntryPoint","urlTemplate":"https:\/\/dev.mercatfrutal.com\/?s={search_term_string}"},"query-input":{"@type":"PropertyValueSpecification","valueRequired":true,"valueName":"search_term_string"}}],"inLanguage":"en-GB"},{"@type":"Organization","@id":"https:\/\/dev.mercatfrutal.com\/#organization","name":"Mercat Frutal","url":"https:\/\/dev.mercatfrutal.com\/","logo":{"@type":"ImageObject","inLanguage":"en-GB","@id":"https:\/\/dev.mercatfrutal.com\/#\/schema\/logo\/image\/","url":"https:\/\/dev.mercatfrutal.com\/wp-content\/uploads\/2024\/01\/LOGO-FRUTAL3.png","contentUrl":"https:\/\/dev.mercatfrutal.com\/wp-content\/uploads\/2024\/01\/LOGO-FRUTAL3.png","width":1024,"height":382,"caption":"Mercat Frutal"},"image":{"@id":"https:\/\/dev.mercatfrutal.com\/#\/schema\/logo\/image\/"}}]}},"jetpack_sharing_enabled":true,"_links":{"self":[{"href":"https:\/\/dev.mercatfrutal.com\/en\/wp-json\/wp\/v2\/product\/5965","targetHints":{"allow":["GET"]}}],"collection":[{"href":"https:\/\/dev.mercatfrutal.com\/en\/wp-json\/wp\/v2\/product"}],"about":[{"href":"https:\/\/dev.mercatfrutal.com\/en\/wp-json\/wp\/v2\/types\/product"}],"replies":[{"embeddable":true,"href":"https:\/\/dev.mercatfrutal.com\/en\/wp-json\/wp\/v2\/comments?post=5965"}],"wp:featuredmedia":[{"embeddable":true,"href":"https:\/\/dev.mercatfrutal.com\/en\/wp-json\/wp\/v2\/media\/446"}],"wp:attachment":[{"href":"https:\/\/dev.mercatfrutal.com\/en\/wp-json\/wp\/v2\/media?parent=5965"}],"wp:term":[{"taxonomy":"product_brand","embeddable":true,"href":"https:\/\/dev.mercatfrutal.com\/en\/wp-json\/wp\/v2\/product_brand?post=5965"},{"taxonomy":"product_cat","embeddable":true,"href":"https:\/\/dev.mercatfrutal.com\/en\/wp-json\/wp\/v2\/product_cat?post=5965"},{"taxonomy":"product_tag","embeddable":true,"href":"https:\/\/dev.mercatfrutal.com\/en\/wp-json\/wp\/v2\/product_tag?post=5965"}],"curies":[{"name":"wp","href":"https:\/\/api.w.org\/{rel}","templated":true}]}}