{"id":6056,"date":"2024-09-30T16:53:53","date_gmt":"2024-09-30T14:53:53","guid":{"rendered":"https:\/\/dev.mercatfrutal.com\/producto\/frambuesa-125g-eco\/"},"modified":"2025-05-27T12:05:09","modified_gmt":"2025-05-27T10:05:09","slug":"frambuesa-125g-eco","status":"publish","type":"product","link":"https:\/\/dev.mercatfrutal.com\/en\/product\/frambuesa-125g-eco\/","title":{"rendered":"Organic Raspberries 125g"},"content":{"rendered":"","protected":false},"excerpt":{"rendered":"<p>Organic Raspberries stand out for its sweet flavor with a slightly acidic touch and its tender and juicy texture. It is a delicious and versatile fruit, sustainably cultivated to guarantee its quality and freshness.<\/p>\n<h2><strong>Properties and Benefits of Organic Raspberries<\/strong><\/h2>\n<p>Raspberries are an exceptional source of antioxidants, such as polyphenols and flavonoids, which help fight cellular aging. They are rich in vitamin C, strengthening the immune system, and fiber, promoting digestion and intestinal health.<\/p>\n<h2><strong>Uses of Organic Raspberries<\/strong><\/h2>\n<p>Thanks to their unique and refreshing flavor, raspberries are ideal to consume fresh, in smoothies, yogurts, salads or desserts. They can also be used to prepare jams, sauces or infusions, bringing a natural and nutritious touch to any recipe.<\/p>","protected":false},"featured_media":449,"comment_status":"open","ping_status":"closed","template":"","meta":{"content-type":""},"product_brand":[],"product_cat":[26],"product_tag":[],"class_list":{"0":"post-6056","1":"product","2":"type-product","3":"status-publish","4":"has-post-thumbnail","6":"product_cat-frutas","8":"first","9":"instock","10":"taxable","11":"shipping-taxable","12":"purchasable","13":"product-type-simple"},"bundled_by":["8597"],"bundle_stock_status":"instock","bundle_stock_quantity":null,"bundle_virtual":false,"bundle_layout":"","bundle_add_to_cart_form_location":"","bundle_editable_in_cart":false,"bundle_sold_individually_context":"","bundle_item_grouping":"","bundle_min_size":"","bundle_max_size":"","bundle_price":[],"bundled_items":[],"bundle_sell_ids":[],"yoast_head":"<!-- This site is optimized with the Yoast SEO plugin v26.9 - https:\/\/yoast.com\/product\/yoast-seo-wordpress\/ -->\n<title>Frambuesa 125g ECO - Mercat Frutal<\/title>\n<meta name=\"robots\" content=\"noindex, follow, max-snippet:-1, max-image-preview:large, max-video-preview:-1\" \/>\n<meta property=\"og:locale\" content=\"en_GB\" \/>\n<meta property=\"og:type\" content=\"article\" \/>\n<meta property=\"og:title\" content=\"Frambuesa 125g ECO - Mercat Frutal\" \/>\n<meta property=\"og:description\" content=\"La frambuesa ecol\u00f3gica destaca por su sabor dulce con un ligero toque \u00e1cido y su textura tierna y jugosa. Es una fruta deliciosa y vers\u00e1til, cultivada de forma sostenible para garantizar su calidad y frescura. Propiedades y beneficios de la Frambuesa ECO Las frambuesas son una fuente excepcional de antioxidantes, como los polifenoles y flavonoides, que ayudan a combatir el envejecimiento celular. Son ricas en vitamina C, fortaleciendo el sistema inmunol\u00f3gico, y en fibra, favoreciendo la digesti\u00f3n y la salud intestinal. Usos de la Frambuesa ECO Gracias a su sabor \u00fanico y refrescante, las frambuesas son ideales para consumir frescas, en batidos, yogures, ensaladas o postres. Tambi\u00e9n se pueden usar para preparar mermeladas, salsas o infusiones, aportando un toque natural y nutritivo a cualquier receta.\" \/>\n<meta property=\"og:url\" content=\"https:\/\/dev.mercatfrutal.com\/en\/product\/frambuesa-125g-eco\/\" \/>\n<meta property=\"og:site_name\" content=\"Mercat Frutal\" \/>\n<meta property=\"article:modified_time\" content=\"2025-05-27T10:05:09+00:00\" \/>\n<meta property=\"og:image\" content=\"https:\/\/dev.mercatfrutal.com\/wp-content\/uploads\/2024\/02\/FRAMBUESA.jpg\" \/>\n\t<meta property=\"og:image:width\" content=\"1000\" \/>\n\t<meta property=\"og:image:height\" content=\"1000\" \/>\n\t<meta property=\"og:image:type\" content=\"image\/jpeg\" \/>\n<meta name=\"twitter:card\" content=\"summary_large_image\" \/>\n<meta name=\"twitter:label1\" content=\"Estimated reading time\" \/>\n\t<meta name=\"twitter:data1\" content=\"1 minute\" \/>\n<script type=\"application\/ld+json\" class=\"yoast-schema-graph\">{\"@context\":\"https:\/\/schema.org\",\"@graph\":[{\"@type\":\"WebPage\",\"@id\":\"https:\/\/dev.mercatfrutal.com\/producto\/frambuesa-125g-eco\/\",\"url\":\"https:\/\/dev.mercatfrutal.com\/producto\/frambuesa-125g-eco\/\",\"name\":\"Frambuesa 125g ECO - Mercat Frutal\",\"isPartOf\":{\"@id\":\"https:\/\/dev.mercatfrutal.com\/#website\"},\"primaryImageOfPage\":{\"@id\":\"https:\/\/dev.mercatfrutal.com\/producto\/frambuesa-125g-eco\/#primaryimage\"},\"image\":{\"@id\":\"https:\/\/dev.mercatfrutal.com\/producto\/frambuesa-125g-eco\/#primaryimage\"},\"thumbnailUrl\":\"https:\/\/dev.mercatfrutal.com\/wp-content\/uploads\/2024\/02\/FRAMBUESA.jpg\",\"datePublished\":\"2024-09-30T14:53:53+00:00\",\"dateModified\":\"2025-05-27T10:05:09+00:00\",\"breadcrumb\":{\"@id\":\"https:\/\/dev.mercatfrutal.com\/producto\/frambuesa-125g-eco\/#breadcrumb\"},\"inLanguage\":\"en-GB\",\"potentialAction\":[{\"@type\":\"ReadAction\",\"target\":[\"https:\/\/dev.mercatfrutal.com\/producto\/frambuesa-125g-eco\/\"]}]},{\"@type\":\"ImageObject\",\"inLanguage\":\"en-GB\",\"@id\":\"https:\/\/dev.mercatfrutal.com\/producto\/frambuesa-125g-eco\/#primaryimage\",\"url\":\"https:\/\/dev.mercatfrutal.com\/wp-content\/uploads\/2024\/02\/FRAMBUESA.jpg\",\"contentUrl\":\"https:\/\/dev.mercatfrutal.com\/wp-content\/uploads\/2024\/02\/FRAMBUESA.jpg\",\"width\":1000,\"height\":1000},{\"@type\":\"BreadcrumbList\",\"@id\":\"https:\/\/dev.mercatfrutal.com\/producto\/frambuesa-125g-eco\/#breadcrumb\",\"itemListElement\":[{\"@type\":\"ListItem\",\"position\":1,\"name\":\"Portada\",\"item\":\"https:\/\/dev.mercatfrutal.com\/\"},{\"@type\":\"ListItem\",\"position\":2,\"name\":\"Tienda\",\"item\":\"https:\/\/dev.mercatfrutal.com\/tienda\/\"},{\"@type\":\"ListItem\",\"position\":3,\"name\":\"Frambuesa 125g ECO\"}]},{\"@type\":\"WebSite\",\"@id\":\"https:\/\/dev.mercatfrutal.com\/#website\",\"url\":\"https:\/\/dev.mercatfrutal.com\/\",\"name\":\"Mercat Frutal\",\"description\":\"\",\"publisher\":{\"@id\":\"https:\/\/dev.mercatfrutal.com\/#organization\"},\"alternateName\":\"Mercat Frutal\",\"potentialAction\":[{\"@type\":\"SearchAction\",\"target\":{\"@type\":\"EntryPoint\",\"urlTemplate\":\"https:\/\/dev.mercatfrutal.com\/?s={search_term_string}\"},\"query-input\":{\"@type\":\"PropertyValueSpecification\",\"valueRequired\":true,\"valueName\":\"search_term_string\"}}],\"inLanguage\":\"en-GB\"},{\"@type\":\"Organization\",\"@id\":\"https:\/\/dev.mercatfrutal.com\/#organization\",\"name\":\"Mercat Frutal\",\"url\":\"https:\/\/dev.mercatfrutal.com\/\",\"logo\":{\"@type\":\"ImageObject\",\"inLanguage\":\"en-GB\",\"@id\":\"https:\/\/dev.mercatfrutal.com\/#\/schema\/logo\/image\/\",\"url\":\"https:\/\/dev.mercatfrutal.com\/wp-content\/uploads\/2024\/01\/LOGO-FRUTAL3.png\",\"contentUrl\":\"https:\/\/dev.mercatfrutal.com\/wp-content\/uploads\/2024\/01\/LOGO-FRUTAL3.png\",\"width\":1024,\"height\":382,\"caption\":\"Mercat Frutal\"},\"image\":{\"@id\":\"https:\/\/dev.mercatfrutal.com\/#\/schema\/logo\/image\/\"}}]}<\/script>\n<!-- \/ Yoast SEO plugin. -->","yoast_head_json":{"title":"Frambuesa 125g ECO - Mercat Frutal","robots":{"index":"noindex","follow":"follow","max-snippet":"max-snippet:-1","max-image-preview":"max-image-preview:large","max-video-preview":"max-video-preview:-1"},"og_locale":"en_GB","og_type":"article","og_title":"Frambuesa 125g ECO - Mercat Frutal","og_description":"La frambuesa ecol\u00f3gica destaca por su sabor dulce con un ligero toque \u00e1cido y su textura tierna y jugosa. Es una fruta deliciosa y vers\u00e1til, cultivada de forma sostenible para garantizar su calidad y frescura. Propiedades y beneficios de la Frambuesa ECO Las frambuesas son una fuente excepcional de antioxidantes, como los polifenoles y flavonoides, que ayudan a combatir el envejecimiento celular. Son ricas en vitamina C, fortaleciendo el sistema inmunol\u00f3gico, y en fibra, favoreciendo la digesti\u00f3n y la salud intestinal. Usos de la Frambuesa ECO Gracias a su sabor \u00fanico y refrescante, las frambuesas son ideales para consumir frescas, en batidos, yogures, ensaladas o postres. Tambi\u00e9n se pueden usar para preparar mermeladas, salsas o infusiones, aportando un toque natural y nutritivo a cualquier receta.","og_url":"https:\/\/dev.mercatfrutal.com\/en\/product\/frambuesa-125g-eco\/","og_site_name":"Mercat Frutal","article_modified_time":"2025-05-27T10:05:09+00:00","og_image":[{"width":1000,"height":1000,"url":"https:\/\/dev.mercatfrutal.com\/wp-content\/uploads\/2024\/02\/FRAMBUESA.jpg","type":"image\/jpeg"}],"twitter_card":"summary_large_image","twitter_misc":{"Estimated reading time":"1 minute"},"schema":{"@context":"https:\/\/schema.org","@graph":[{"@type":"WebPage","@id":"https:\/\/dev.mercatfrutal.com\/producto\/frambuesa-125g-eco\/","url":"https:\/\/dev.mercatfrutal.com\/producto\/frambuesa-125g-eco\/","name":"Frambuesa 125g ECO - Mercat Frutal","isPartOf":{"@id":"https:\/\/dev.mercatfrutal.com\/#website"},"primaryImageOfPage":{"@id":"https:\/\/dev.mercatfrutal.com\/producto\/frambuesa-125g-eco\/#primaryimage"},"image":{"@id":"https:\/\/dev.mercatfrutal.com\/producto\/frambuesa-125g-eco\/#primaryimage"},"thumbnailUrl":"https:\/\/dev.mercatfrutal.com\/wp-content\/uploads\/2024\/02\/FRAMBUESA.jpg","datePublished":"2024-09-30T14:53:53+00:00","dateModified":"2025-05-27T10:05:09+00:00","breadcrumb":{"@id":"https:\/\/dev.mercatfrutal.com\/producto\/frambuesa-125g-eco\/#breadcrumb"},"inLanguage":"en-GB","potentialAction":[{"@type":"ReadAction","target":["https:\/\/dev.mercatfrutal.com\/producto\/frambuesa-125g-eco\/"]}]},{"@type":"ImageObject","inLanguage":"en-GB","@id":"https:\/\/dev.mercatfrutal.com\/producto\/frambuesa-125g-eco\/#primaryimage","url":"https:\/\/dev.mercatfrutal.com\/wp-content\/uploads\/2024\/02\/FRAMBUESA.jpg","contentUrl":"https:\/\/dev.mercatfrutal.com\/wp-content\/uploads\/2024\/02\/FRAMBUESA.jpg","width":1000,"height":1000},{"@type":"BreadcrumbList","@id":"https:\/\/dev.mercatfrutal.com\/producto\/frambuesa-125g-eco\/#breadcrumb","itemListElement":[{"@type":"ListItem","position":1,"name":"Portada","item":"https:\/\/dev.mercatfrutal.com\/"},{"@type":"ListItem","position":2,"name":"Tienda","item":"https:\/\/dev.mercatfrutal.com\/tienda\/"},{"@type":"ListItem","position":3,"name":"Frambuesa 125g ECO"}]},{"@type":"WebSite","@id":"https:\/\/dev.mercatfrutal.com\/#website","url":"https:\/\/dev.mercatfrutal.com\/","name":"Mercat Frutal","description":"","publisher":{"@id":"https:\/\/dev.mercatfrutal.com\/#organization"},"alternateName":"Mercat Frutal","potentialAction":[{"@type":"SearchAction","target":{"@type":"EntryPoint","urlTemplate":"https:\/\/dev.mercatfrutal.com\/?s={search_term_string}"},"query-input":{"@type":"PropertyValueSpecification","valueRequired":true,"valueName":"search_term_string"}}],"inLanguage":"en-GB"},{"@type":"Organization","@id":"https:\/\/dev.mercatfrutal.com\/#organization","name":"Mercat Frutal","url":"https:\/\/dev.mercatfrutal.com\/","logo":{"@type":"ImageObject","inLanguage":"en-GB","@id":"https:\/\/dev.mercatfrutal.com\/#\/schema\/logo\/image\/","url":"https:\/\/dev.mercatfrutal.com\/wp-content\/uploads\/2024\/01\/LOGO-FRUTAL3.png","contentUrl":"https:\/\/dev.mercatfrutal.com\/wp-content\/uploads\/2024\/01\/LOGO-FRUTAL3.png","width":1024,"height":382,"caption":"Mercat Frutal"},"image":{"@id":"https:\/\/dev.mercatfrutal.com\/#\/schema\/logo\/image\/"}}]}},"jetpack_sharing_enabled":true,"_links":{"self":[{"href":"https:\/\/dev.mercatfrutal.com\/en\/wp-json\/wp\/v2\/product\/6056","targetHints":{"allow":["GET"]}}],"collection":[{"href":"https:\/\/dev.mercatfrutal.com\/en\/wp-json\/wp\/v2\/product"}],"about":[{"href":"https:\/\/dev.mercatfrutal.com\/en\/wp-json\/wp\/v2\/types\/product"}],"replies":[{"embeddable":true,"href":"https:\/\/dev.mercatfrutal.com\/en\/wp-json\/wp\/v2\/comments?post=6056"}],"wp:featuredmedia":[{"embeddable":true,"href":"https:\/\/dev.mercatfrutal.com\/en\/wp-json\/wp\/v2\/media\/449"}],"wp:attachment":[{"href":"https:\/\/dev.mercatfrutal.com\/en\/wp-json\/wp\/v2\/media?parent=6056"}],"wp:term":[{"taxonomy":"product_brand","embeddable":true,"href":"https:\/\/dev.mercatfrutal.com\/en\/wp-json\/wp\/v2\/product_brand?post=6056"},{"taxonomy":"product_cat","embeddable":true,"href":"https:\/\/dev.mercatfrutal.com\/en\/wp-json\/wp\/v2\/product_cat?post=6056"},{"taxonomy":"product_tag","embeddable":true,"href":"https:\/\/dev.mercatfrutal.com\/en\/wp-json\/wp\/v2\/product_tag?post=6056"}],"curies":[{"name":"wp","href":"https:\/\/api.w.org\/{rel}","templated":true}]}}