{"id":6220,"date":"2024-10-21T11:43:34","date_gmt":"2024-10-21T10:43:34","guid":{"rendered":"https:\/\/dev.mercatfrutal.com\/producto\/producto-prueba-web\/"},"modified":"2025-12-16T17:12:12","modified_gmt":"2025-12-16T16:12:12","slug":"cesta-personal-5kg","status":"publish","type":"product","link":"https:\/\/dev.mercatfrutal.com\/en\/product\/cesta-personal-5kg\/","title":{"rendered":"Cesta personal 5kg"},"content":{"rendered":"","protected":false},"excerpt":{"rendered":"<p>\u00a1Nuestras<strong> cestas son diferentes cada semana!<\/strong> Nos guiamos por las estaciones, seleccionando <strong>las verduras m\u00e1s frescas<\/strong> que recibimos cada d\u00eda, muchas veces recolectadas la misma ma\u00f1ana. Tambi\u00e9n encontrar\u00e1s las <strong>mejores frutas de temporada<\/strong>, pondremos lo mejor del momento! <strong>El contenido depender\u00e1 de la disponibilidad y frescura de los siguientes productos.<\/strong><\/p>\n<p class=\"translation-block\"><span style=\"text-decoration: underline\"><strong>IMPORTANT<\/strong>:<\/span> If there is something you don't like or if you have any allergies, you can indicate it in the comments at checkout.<\/p>","protected":false},"featured_media":8539,"comment_status":"open","ping_status":"closed","template":"","meta":{"content-type":""},"product_brand":[],"product_cat":[417],"product_tag":[],"class_list":{"0":"post-6220","1":"product","2":"type-product","3":"status-publish","4":"has-post-thumbnail","6":"product_cat-cestas-ecologicas","8":"first","9":"instock","10":"taxable","11":"shipping-taxable","12":"purchasable","13":"product-type-simple"},"bundled_by":[],"bundle_stock_status":"instock","bundle_stock_quantity":null,"bundle_virtual":false,"bundle_layout":"","bundle_add_to_cart_form_location":"","bundle_editable_in_cart":false,"bundle_sold_individually_context":"","bundle_item_grouping":"","bundle_min_size":"","bundle_max_size":"","bundle_price":[],"bundled_items":[],"bundle_sell_ids":[],"yoast_head":"<!-- This site is optimized with the Yoast SEO plugin v26.9 - https:\/\/yoast.com\/product\/yoast-seo-wordpress\/ -->\n<title>Cesta personal 5kg - Mercat Frutal<\/title>\n<meta name=\"robots\" content=\"noindex, follow, max-snippet:-1, max-image-preview:large, max-video-preview:-1\" \/>\n<meta property=\"og:locale\" content=\"en_GB\" \/>\n<meta property=\"og:type\" content=\"article\" \/>\n<meta property=\"og:title\" content=\"Cesta personal 5kg - Mercat Frutal\" \/>\n<meta property=\"og:description\" content=\"\u00a1Nuestras cestas son diferentes cada semana! Nos guiamos por las estaciones, seleccionando las verduras m\u00e1s frescas que recibimos cada d\u00eda, muchas veces recolectadas la misma ma\u00f1ana. Tambi\u00e9n encontrar\u00e1s las mejores frutas de temporada, pondremos lo mejor del momento! El contenido depender\u00e1 de la disponibilidad y frescura de los siguientes productos.  IMPORTANTE: Si hay alguna cosa que no te gusta o si tienes alguna alergia, al finalizar la compra lo puedes indicar en comentarios.\" \/>\n<meta property=\"og:url\" content=\"https:\/\/dev.mercatfrutal.com\/en\/product\/cesta-personal-45kg\/\" \/>\n<meta property=\"og:site_name\" content=\"Mercat Frutal\" \/>\n<meta property=\"article:modified_time\" content=\"2025-12-16T16:12:12+00:00\" \/>\n<meta property=\"og:image\" content=\"https:\/\/dev.mercatfrutal.com\/wp-content\/uploads\/2025\/04\/polvo-de-baobab-scaled.jpg\" \/>\n\t<meta property=\"og:image:width\" content=\"2560\" \/>\n\t<meta property=\"og:image:height\" content=\"2560\" \/>\n\t<meta property=\"og:image:type\" content=\"image\/jpeg\" \/>\n<meta name=\"twitter:card\" content=\"summary_large_image\" \/>\n<meta name=\"twitter:label1\" content=\"Estimated reading time\" \/>\n\t<meta name=\"twitter:data1\" content=\"1 minute\" \/>\n<script type=\"application\/ld+json\" class=\"yoast-schema-graph\">{\"@context\":\"https:\/\/schema.org\",\"@graph\":[{\"@type\":\"WebPage\",\"@id\":\"https:\/\/dev.mercatfrutal.com\/producto\/cesta-personal-45kg\/\",\"url\":\"https:\/\/dev.mercatfrutal.com\/producto\/cesta-personal-45kg\/\",\"name\":\"Cesta personal 5kg - Mercat Frutal\",\"isPartOf\":{\"@id\":\"https:\/\/dev.mercatfrutal.com\/#website\"},\"primaryImageOfPage\":{\"@id\":\"https:\/\/dev.mercatfrutal.com\/producto\/cesta-personal-45kg\/#primaryimage\"},\"image\":{\"@id\":\"https:\/\/dev.mercatfrutal.com\/producto\/cesta-personal-45kg\/#primaryimage\"},\"thumbnailUrl\":\"https:\/\/dev.mercatfrutal.com\/wp-content\/uploads\/2025\/04\/polvo-de-baobab-scaled.jpg\",\"datePublished\":\"2024-10-21T10:43:34+00:00\",\"dateModified\":\"2025-12-16T16:12:12+00:00\",\"breadcrumb\":{\"@id\":\"https:\/\/dev.mercatfrutal.com\/producto\/cesta-personal-45kg\/#breadcrumb\"},\"inLanguage\":\"en-GB\",\"potentialAction\":[{\"@type\":\"ReadAction\",\"target\":[\"https:\/\/dev.mercatfrutal.com\/producto\/cesta-personal-45kg\/\"]}]},{\"@type\":\"ImageObject\",\"inLanguage\":\"en-GB\",\"@id\":\"https:\/\/dev.mercatfrutal.com\/producto\/cesta-personal-45kg\/#primaryimage\",\"url\":\"https:\/\/dev.mercatfrutal.com\/wp-content\/uploads\/2025\/04\/polvo-de-baobab-scaled.jpg\",\"contentUrl\":\"https:\/\/dev.mercatfrutal.com\/wp-content\/uploads\/2025\/04\/polvo-de-baobab-scaled.jpg\",\"width\":2560,\"height\":2560,\"caption\":\"cesta personal\"},{\"@type\":\"BreadcrumbList\",\"@id\":\"https:\/\/dev.mercatfrutal.com\/producto\/cesta-personal-45kg\/#breadcrumb\",\"itemListElement\":[{\"@type\":\"ListItem\",\"position\":1,\"name\":\"Portada\",\"item\":\"https:\/\/dev.mercatfrutal.com\/\"},{\"@type\":\"ListItem\",\"position\":2,\"name\":\"Tienda\",\"item\":\"https:\/\/dev.mercatfrutal.com\/tienda\/\"},{\"@type\":\"ListItem\",\"position\":3,\"name\":\"Cesta personal 4,5kg\"}]},{\"@type\":\"WebSite\",\"@id\":\"https:\/\/dev.mercatfrutal.com\/#website\",\"url\":\"https:\/\/dev.mercatfrutal.com\/\",\"name\":\"Mercat Frutal\",\"description\":\"\",\"publisher\":{\"@id\":\"https:\/\/dev.mercatfrutal.com\/#organization\"},\"alternateName\":\"Mercat Frutal\",\"potentialAction\":[{\"@type\":\"SearchAction\",\"target\":{\"@type\":\"EntryPoint\",\"urlTemplate\":\"https:\/\/dev.mercatfrutal.com\/?s={search_term_string}\"},\"query-input\":{\"@type\":\"PropertyValueSpecification\",\"valueRequired\":true,\"valueName\":\"search_term_string\"}}],\"inLanguage\":\"en-GB\"},{\"@type\":\"Organization\",\"@id\":\"https:\/\/dev.mercatfrutal.com\/#organization\",\"name\":\"Mercat Frutal\",\"url\":\"https:\/\/dev.mercatfrutal.com\/\",\"logo\":{\"@type\":\"ImageObject\",\"inLanguage\":\"en-GB\",\"@id\":\"https:\/\/dev.mercatfrutal.com\/#\/schema\/logo\/image\/\",\"url\":\"https:\/\/dev.mercatfrutal.com\/wp-content\/uploads\/2024\/01\/LOGO-FRUTAL3.png\",\"contentUrl\":\"https:\/\/dev.mercatfrutal.com\/wp-content\/uploads\/2024\/01\/LOGO-FRUTAL3.png\",\"width\":1024,\"height\":382,\"caption\":\"Mercat Frutal\"},\"image\":{\"@id\":\"https:\/\/dev.mercatfrutal.com\/#\/schema\/logo\/image\/\"}}]}<\/script>\n<!-- \/ Yoast SEO plugin. -->","yoast_head_json":{"title":"Cesta personal 5kg - Mercat Frutal","robots":{"index":"noindex","follow":"follow","max-snippet":"max-snippet:-1","max-image-preview":"max-image-preview:large","max-video-preview":"max-video-preview:-1"},"og_locale":"en_GB","og_type":"article","og_title":"Cesta personal 5kg - Mercat Frutal","og_description":"\u00a1Nuestras cestas son diferentes cada semana! Nos guiamos por las estaciones, seleccionando las verduras m\u00e1s frescas que recibimos cada d\u00eda, muchas veces recolectadas la misma ma\u00f1ana. Tambi\u00e9n encontrar\u00e1s las mejores frutas de temporada, pondremos lo mejor del momento! El contenido depender\u00e1 de la disponibilidad y frescura de los siguientes productos.  IMPORTANTE: Si hay alguna cosa que no te gusta o si tienes alguna alergia, al finalizar la compra lo puedes indicar en comentarios.","og_url":"https:\/\/dev.mercatfrutal.com\/en\/product\/cesta-personal-45kg\/","og_site_name":"Mercat Frutal","article_modified_time":"2025-12-16T16:12:12+00:00","og_image":[{"width":2560,"height":2560,"url":"https:\/\/dev.mercatfrutal.com\/wp-content\/uploads\/2025\/04\/polvo-de-baobab-scaled.jpg","type":"image\/jpeg"}],"twitter_card":"summary_large_image","twitter_misc":{"Estimated reading time":"1 minute"},"schema":{"@context":"https:\/\/schema.org","@graph":[{"@type":"WebPage","@id":"https:\/\/dev.mercatfrutal.com\/producto\/cesta-personal-45kg\/","url":"https:\/\/dev.mercatfrutal.com\/producto\/cesta-personal-45kg\/","name":"Cesta personal 5kg - Mercat Frutal","isPartOf":{"@id":"https:\/\/dev.mercatfrutal.com\/#website"},"primaryImageOfPage":{"@id":"https:\/\/dev.mercatfrutal.com\/producto\/cesta-personal-45kg\/#primaryimage"},"image":{"@id":"https:\/\/dev.mercatfrutal.com\/producto\/cesta-personal-45kg\/#primaryimage"},"thumbnailUrl":"https:\/\/dev.mercatfrutal.com\/wp-content\/uploads\/2025\/04\/polvo-de-baobab-scaled.jpg","datePublished":"2024-10-21T10:43:34+00:00","dateModified":"2025-12-16T16:12:12+00:00","breadcrumb":{"@id":"https:\/\/dev.mercatfrutal.com\/producto\/cesta-personal-45kg\/#breadcrumb"},"inLanguage":"en-GB","potentialAction":[{"@type":"ReadAction","target":["https:\/\/dev.mercatfrutal.com\/producto\/cesta-personal-45kg\/"]}]},{"@type":"ImageObject","inLanguage":"en-GB","@id":"https:\/\/dev.mercatfrutal.com\/producto\/cesta-personal-45kg\/#primaryimage","url":"https:\/\/dev.mercatfrutal.com\/wp-content\/uploads\/2025\/04\/polvo-de-baobab-scaled.jpg","contentUrl":"https:\/\/dev.mercatfrutal.com\/wp-content\/uploads\/2025\/04\/polvo-de-baobab-scaled.jpg","width":2560,"height":2560,"caption":"cesta personal"},{"@type":"BreadcrumbList","@id":"https:\/\/dev.mercatfrutal.com\/producto\/cesta-personal-45kg\/#breadcrumb","itemListElement":[{"@type":"ListItem","position":1,"name":"Portada","item":"https:\/\/dev.mercatfrutal.com\/"},{"@type":"ListItem","position":2,"name":"Tienda","item":"https:\/\/dev.mercatfrutal.com\/tienda\/"},{"@type":"ListItem","position":3,"name":"Cesta personal 4,5kg"}]},{"@type":"WebSite","@id":"https:\/\/dev.mercatfrutal.com\/#website","url":"https:\/\/dev.mercatfrutal.com\/","name":"Mercat Frutal","description":"","publisher":{"@id":"https:\/\/dev.mercatfrutal.com\/#organization"},"alternateName":"Mercat Frutal","potentialAction":[{"@type":"SearchAction","target":{"@type":"EntryPoint","urlTemplate":"https:\/\/dev.mercatfrutal.com\/?s={search_term_string}"},"query-input":{"@type":"PropertyValueSpecification","valueRequired":true,"valueName":"search_term_string"}}],"inLanguage":"en-GB"},{"@type":"Organization","@id":"https:\/\/dev.mercatfrutal.com\/#organization","name":"Mercat Frutal","url":"https:\/\/dev.mercatfrutal.com\/","logo":{"@type":"ImageObject","inLanguage":"en-GB","@id":"https:\/\/dev.mercatfrutal.com\/#\/schema\/logo\/image\/","url":"https:\/\/dev.mercatfrutal.com\/wp-content\/uploads\/2024\/01\/LOGO-FRUTAL3.png","contentUrl":"https:\/\/dev.mercatfrutal.com\/wp-content\/uploads\/2024\/01\/LOGO-FRUTAL3.png","width":1024,"height":382,"caption":"Mercat Frutal"},"image":{"@id":"https:\/\/dev.mercatfrutal.com\/#\/schema\/logo\/image\/"}}]}},"jetpack_sharing_enabled":true,"_links":{"self":[{"href":"https:\/\/dev.mercatfrutal.com\/en\/wp-json\/wp\/v2\/product\/6220","targetHints":{"allow":["GET"]}}],"collection":[{"href":"https:\/\/dev.mercatfrutal.com\/en\/wp-json\/wp\/v2\/product"}],"about":[{"href":"https:\/\/dev.mercatfrutal.com\/en\/wp-json\/wp\/v2\/types\/product"}],"replies":[{"embeddable":true,"href":"https:\/\/dev.mercatfrutal.com\/en\/wp-json\/wp\/v2\/comments?post=6220"}],"wp:featuredmedia":[{"embeddable":true,"href":"https:\/\/dev.mercatfrutal.com\/en\/wp-json\/wp\/v2\/media\/8539"}],"wp:attachment":[{"href":"https:\/\/dev.mercatfrutal.com\/en\/wp-json\/wp\/v2\/media?parent=6220"}],"wp:term":[{"taxonomy":"product_brand","embeddable":true,"href":"https:\/\/dev.mercatfrutal.com\/en\/wp-json\/wp\/v2\/product_brand?post=6220"},{"taxonomy":"product_cat","embeddable":true,"href":"https:\/\/dev.mercatfrutal.com\/en\/wp-json\/wp\/v2\/product_cat?post=6220"},{"taxonomy":"product_tag","embeddable":true,"href":"https:\/\/dev.mercatfrutal.com\/en\/wp-json\/wp\/v2\/product_tag?post=6220"}],"curies":[{"name":"wp","href":"https:\/\/api.w.org\/{rel}","templated":true}]}}