{"id":630,"date":"2024-02-07T17:11:24","date_gmt":"2024-02-07T15:11:24","guid":{"rendered":"https:\/\/dev.mercatfrutal.com\/producto\/champinon-shiitake-bandeja-200g-eco\/"},"modified":"2025-05-26T13:36:01","modified_gmt":"2025-05-26T11:36:01","slug":"champinon-shiitake-bandeja-250g-eco","status":"publish","type":"product","link":"https:\/\/dev.mercatfrutal.com\/en\/product\/champinon-shiitake-bandeja-250g-eco\/","title":{"rendered":"Organic Shiitake Tray 250g"},"content":{"rendered":"","protected":false},"excerpt":{"rendered":"<p data-start=\"1348\" data-end=\"1547\">El champi\u00f1\u00f3n shiitake ecol\u00f3gico es un hongo de origen asi\u00e1tico con sabor umami y propiedades \u00fanicas. Cultivado de forma sostenible, es un ingrediente funcional y gourmet.<\/p>\n<h2 data-start=\"1549\" data-end=\"1777\"><strong data-start=\"1549\" data-end=\"1604\">Propiedades y beneficios del Champi\u00f1\u00f3n Shiitake ECO<\/strong><\/h2>\n<p data-start=\"1549\" data-end=\"1777\">Contiene lentinano, un compuesto con propiedades inmunoestimulantes. Rico en vitamina D, cobre y zinc, favorece el sistema inmune, la salud \u00f3sea y el metabolismo celular.<\/p>\n<h2 data-start=\"1779\" data-end=\"1952\"><strong data-start=\"1779\" data-end=\"1814\">Usos del Champi\u00f1\u00f3n Shiitake ECO<\/strong><\/h2>\n<p data-start=\"1779\" data-end=\"1952\">Ideal en salteados, sopas, ramen, arroces o infusiones. Su sabor intenso lo convierte en un potenciador natural en la cocina saludable.<\/p>","protected":false},"featured_media":1041,"comment_status":"open","ping_status":"closed","template":"","meta":{"content-type":""},"product_brand":[],"product_cat":[113],"product_tag":[],"class_list":{"0":"post-630","1":"product","2":"type-product","3":"status-publish","4":"has-post-thumbnail","6":"product_cat-setas","8":"first","9":"instock","10":"taxable","11":"shipping-taxable","12":"purchasable","13":"product-type-simple"},"bundled_by":[],"bundle_stock_status":"instock","bundle_stock_quantity":null,"bundle_virtual":false,"bundle_layout":"","bundle_add_to_cart_form_location":"","bundle_editable_in_cart":false,"bundle_sold_individually_context":"","bundle_item_grouping":"","bundle_min_size":"","bundle_max_size":"","bundle_price":[],"bundled_items":[],"bundle_sell_ids":[],"yoast_head":"<!-- This site is optimized with the Yoast SEO plugin v26.9 - https:\/\/yoast.com\/product\/yoast-seo-wordpress\/ -->\n<title>Champi\u00f1on Shiitake Bandeja 250g ECO - Mercat Frutal<\/title>\n<meta name=\"robots\" content=\"noindex, follow, max-snippet:-1, max-image-preview:large, max-video-preview:-1\" \/>\n<meta property=\"og:locale\" content=\"en_GB\" \/>\n<meta property=\"og:type\" content=\"article\" \/>\n<meta property=\"og:title\" content=\"Champi\u00f1on Shiitake Bandeja 250g ECO - Mercat Frutal\" \/>\n<meta property=\"og:description\" content=\"El champi\u00f1\u00f3n shiitake ecol\u00f3gico es un hongo de origen asi\u00e1tico con sabor umami y propiedades \u00fanicas. Cultivado de forma sostenible, es un ingrediente funcional y gourmet.  Propiedades y beneficios del Champi\u00f1\u00f3n Shiitake ECO Contiene lentinano, un compuesto con propiedades inmunoestimulantes. Rico en vitamina D, cobre y zinc, favorece el sistema inmune, la salud \u00f3sea y el metabolismo celular.  Usos del Champi\u00f1\u00f3n Shiitake ECO Ideal en salteados, sopas, ramen, arroces o infusiones. Su sabor intenso lo convierte en un potenciador natural en la cocina saludable.\" \/>\n<meta property=\"og:url\" content=\"https:\/\/dev.mercatfrutal.com\/en\/product\/champinon-shiitake-bandeja-250g-eco\/\" \/>\n<meta property=\"og:site_name\" content=\"Mercat Frutal\" \/>\n<meta property=\"article:modified_time\" content=\"2025-05-26T11:36:01+00:00\" \/>\n<meta property=\"og:image\" content=\"https:\/\/dev.mercatfrutal.com\/wp-content\/uploads\/2024\/02\/Champinon-Shiitake-Bandeja-200g-ECO.jpg\" \/>\n\t<meta property=\"og:image:width\" content=\"1000\" \/>\n\t<meta property=\"og:image:height\" content=\"1000\" \/>\n\t<meta property=\"og:image:type\" content=\"image\/jpeg\" \/>\n<meta name=\"twitter:card\" content=\"summary_large_image\" \/>\n<meta name=\"twitter:label1\" content=\"Estimated reading time\" \/>\n\t<meta name=\"twitter:data1\" content=\"1 minute\" \/>\n<script type=\"application\/ld+json\" class=\"yoast-schema-graph\">{\"@context\":\"https:\/\/schema.org\",\"@graph\":[{\"@type\":\"WebPage\",\"@id\":\"https:\/\/dev.mercatfrutal.com\/producto\/champinon-shiitake-bandeja-250g-eco\/\",\"url\":\"https:\/\/dev.mercatfrutal.com\/producto\/champinon-shiitake-bandeja-250g-eco\/\",\"name\":\"Champi\u00f1on Shiitake Bandeja 250g ECO - Mercat Frutal\",\"isPartOf\":{\"@id\":\"https:\/\/dev.mercatfrutal.com\/#website\"},\"primaryImageOfPage\":{\"@id\":\"https:\/\/dev.mercatfrutal.com\/producto\/champinon-shiitake-bandeja-250g-eco\/#primaryimage\"},\"image\":{\"@id\":\"https:\/\/dev.mercatfrutal.com\/producto\/champinon-shiitake-bandeja-250g-eco\/#primaryimage\"},\"thumbnailUrl\":\"https:\/\/dev.mercatfrutal.com\/wp-content\/uploads\/2024\/02\/Champinon-Shiitake-Bandeja-200g-ECO.jpg\",\"datePublished\":\"2024-02-07T15:11:24+00:00\",\"dateModified\":\"2025-05-26T11:36:01+00:00\",\"breadcrumb\":{\"@id\":\"https:\/\/dev.mercatfrutal.com\/producto\/champinon-shiitake-bandeja-250g-eco\/#breadcrumb\"},\"inLanguage\":\"en-GB\",\"potentialAction\":[{\"@type\":\"ReadAction\",\"target\":[\"https:\/\/dev.mercatfrutal.com\/producto\/champinon-shiitake-bandeja-250g-eco\/\"]}]},{\"@type\":\"ImageObject\",\"inLanguage\":\"en-GB\",\"@id\":\"https:\/\/dev.mercatfrutal.com\/producto\/champinon-shiitake-bandeja-250g-eco\/#primaryimage\",\"url\":\"https:\/\/dev.mercatfrutal.com\/wp-content\/uploads\/2024\/02\/Champinon-Shiitake-Bandeja-200g-ECO.jpg\",\"contentUrl\":\"https:\/\/dev.mercatfrutal.com\/wp-content\/uploads\/2024\/02\/Champinon-Shiitake-Bandeja-200g-ECO.jpg\",\"width\":1000,\"height\":1000,\"caption\":\"Champi\u00f1on Shiitake\"},{\"@type\":\"BreadcrumbList\",\"@id\":\"https:\/\/dev.mercatfrutal.com\/producto\/champinon-shiitake-bandeja-250g-eco\/#breadcrumb\",\"itemListElement\":[{\"@type\":\"ListItem\",\"position\":1,\"name\":\"Portada\",\"item\":\"https:\/\/dev.mercatfrutal.com\/\"},{\"@type\":\"ListItem\",\"position\":2,\"name\":\"Tienda\",\"item\":\"https:\/\/dev.mercatfrutal.com\/tienda\/\"},{\"@type\":\"ListItem\",\"position\":3,\"name\":\"Champi\u00f1on Shiitake Bandeja 250g ECO\"}]},{\"@type\":\"WebSite\",\"@id\":\"https:\/\/dev.mercatfrutal.com\/#website\",\"url\":\"https:\/\/dev.mercatfrutal.com\/\",\"name\":\"Mercat Frutal\",\"description\":\"\",\"publisher\":{\"@id\":\"https:\/\/dev.mercatfrutal.com\/#organization\"},\"alternateName\":\"Mercat Frutal\",\"potentialAction\":[{\"@type\":\"SearchAction\",\"target\":{\"@type\":\"EntryPoint\",\"urlTemplate\":\"https:\/\/dev.mercatfrutal.com\/?s={search_term_string}\"},\"query-input\":{\"@type\":\"PropertyValueSpecification\",\"valueRequired\":true,\"valueName\":\"search_term_string\"}}],\"inLanguage\":\"en-GB\"},{\"@type\":\"Organization\",\"@id\":\"https:\/\/dev.mercatfrutal.com\/#organization\",\"name\":\"Mercat Frutal\",\"url\":\"https:\/\/dev.mercatfrutal.com\/\",\"logo\":{\"@type\":\"ImageObject\",\"inLanguage\":\"en-GB\",\"@id\":\"https:\/\/dev.mercatfrutal.com\/#\/schema\/logo\/image\/\",\"url\":\"https:\/\/dev.mercatfrutal.com\/wp-content\/uploads\/2024\/01\/LOGO-FRUTAL3.png\",\"contentUrl\":\"https:\/\/dev.mercatfrutal.com\/wp-content\/uploads\/2024\/01\/LOGO-FRUTAL3.png\",\"width\":1024,\"height\":382,\"caption\":\"Mercat Frutal\"},\"image\":{\"@id\":\"https:\/\/dev.mercatfrutal.com\/#\/schema\/logo\/image\/\"}}]}<\/script>\n<!-- \/ Yoast SEO plugin. -->","yoast_head_json":{"title":"Champi\u00f1on Shiitake Bandeja 250g ECO - Mercat Frutal","robots":{"index":"noindex","follow":"follow","max-snippet":"max-snippet:-1","max-image-preview":"max-image-preview:large","max-video-preview":"max-video-preview:-1"},"og_locale":"en_GB","og_type":"article","og_title":"Champi\u00f1on Shiitake Bandeja 250g ECO - Mercat Frutal","og_description":"El champi\u00f1\u00f3n shiitake ecol\u00f3gico es un hongo de origen asi\u00e1tico con sabor umami y propiedades \u00fanicas. Cultivado de forma sostenible, es un ingrediente funcional y gourmet.  Propiedades y beneficios del Champi\u00f1\u00f3n Shiitake ECO Contiene lentinano, un compuesto con propiedades inmunoestimulantes. Rico en vitamina D, cobre y zinc, favorece el sistema inmune, la salud \u00f3sea y el metabolismo celular.  Usos del Champi\u00f1\u00f3n Shiitake ECO Ideal en salteados, sopas, ramen, arroces o infusiones. Su sabor intenso lo convierte en un potenciador natural en la cocina saludable.","og_url":"https:\/\/dev.mercatfrutal.com\/en\/product\/champinon-shiitake-bandeja-250g-eco\/","og_site_name":"Mercat Frutal","article_modified_time":"2025-05-26T11:36:01+00:00","og_image":[{"width":1000,"height":1000,"url":"https:\/\/dev.mercatfrutal.com\/wp-content\/uploads\/2024\/02\/Champinon-Shiitake-Bandeja-200g-ECO.jpg","type":"image\/jpeg"}],"twitter_card":"summary_large_image","twitter_misc":{"Estimated reading time":"1 minute"},"schema":{"@context":"https:\/\/schema.org","@graph":[{"@type":"WebPage","@id":"https:\/\/dev.mercatfrutal.com\/producto\/champinon-shiitake-bandeja-250g-eco\/","url":"https:\/\/dev.mercatfrutal.com\/producto\/champinon-shiitake-bandeja-250g-eco\/","name":"Champi\u00f1on Shiitake Bandeja 250g ECO - Mercat Frutal","isPartOf":{"@id":"https:\/\/dev.mercatfrutal.com\/#website"},"primaryImageOfPage":{"@id":"https:\/\/dev.mercatfrutal.com\/producto\/champinon-shiitake-bandeja-250g-eco\/#primaryimage"},"image":{"@id":"https:\/\/dev.mercatfrutal.com\/producto\/champinon-shiitake-bandeja-250g-eco\/#primaryimage"},"thumbnailUrl":"https:\/\/dev.mercatfrutal.com\/wp-content\/uploads\/2024\/02\/Champinon-Shiitake-Bandeja-200g-ECO.jpg","datePublished":"2024-02-07T15:11:24+00:00","dateModified":"2025-05-26T11:36:01+00:00","breadcrumb":{"@id":"https:\/\/dev.mercatfrutal.com\/producto\/champinon-shiitake-bandeja-250g-eco\/#breadcrumb"},"inLanguage":"en-GB","potentialAction":[{"@type":"ReadAction","target":["https:\/\/dev.mercatfrutal.com\/producto\/champinon-shiitake-bandeja-250g-eco\/"]}]},{"@type":"ImageObject","inLanguage":"en-GB","@id":"https:\/\/dev.mercatfrutal.com\/producto\/champinon-shiitake-bandeja-250g-eco\/#primaryimage","url":"https:\/\/dev.mercatfrutal.com\/wp-content\/uploads\/2024\/02\/Champinon-Shiitake-Bandeja-200g-ECO.jpg","contentUrl":"https:\/\/dev.mercatfrutal.com\/wp-content\/uploads\/2024\/02\/Champinon-Shiitake-Bandeja-200g-ECO.jpg","width":1000,"height":1000,"caption":"Champi\u00f1on Shiitake"},{"@type":"BreadcrumbList","@id":"https:\/\/dev.mercatfrutal.com\/producto\/champinon-shiitake-bandeja-250g-eco\/#breadcrumb","itemListElement":[{"@type":"ListItem","position":1,"name":"Portada","item":"https:\/\/dev.mercatfrutal.com\/"},{"@type":"ListItem","position":2,"name":"Tienda","item":"https:\/\/dev.mercatfrutal.com\/tienda\/"},{"@type":"ListItem","position":3,"name":"Champi\u00f1on Shiitake Bandeja 250g ECO"}]},{"@type":"WebSite","@id":"https:\/\/dev.mercatfrutal.com\/#website","url":"https:\/\/dev.mercatfrutal.com\/","name":"Mercat Frutal","description":"","publisher":{"@id":"https:\/\/dev.mercatfrutal.com\/#organization"},"alternateName":"Mercat Frutal","potentialAction":[{"@type":"SearchAction","target":{"@type":"EntryPoint","urlTemplate":"https:\/\/dev.mercatfrutal.com\/?s={search_term_string}"},"query-input":{"@type":"PropertyValueSpecification","valueRequired":true,"valueName":"search_term_string"}}],"inLanguage":"en-GB"},{"@type":"Organization","@id":"https:\/\/dev.mercatfrutal.com\/#organization","name":"Mercat Frutal","url":"https:\/\/dev.mercatfrutal.com\/","logo":{"@type":"ImageObject","inLanguage":"en-GB","@id":"https:\/\/dev.mercatfrutal.com\/#\/schema\/logo\/image\/","url":"https:\/\/dev.mercatfrutal.com\/wp-content\/uploads\/2024\/01\/LOGO-FRUTAL3.png","contentUrl":"https:\/\/dev.mercatfrutal.com\/wp-content\/uploads\/2024\/01\/LOGO-FRUTAL3.png","width":1024,"height":382,"caption":"Mercat Frutal"},"image":{"@id":"https:\/\/dev.mercatfrutal.com\/#\/schema\/logo\/image\/"}}]}},"jetpack_sharing_enabled":true,"_links":{"self":[{"href":"https:\/\/dev.mercatfrutal.com\/en\/wp-json\/wp\/v2\/product\/630","targetHints":{"allow":["GET"]}}],"collection":[{"href":"https:\/\/dev.mercatfrutal.com\/en\/wp-json\/wp\/v2\/product"}],"about":[{"href":"https:\/\/dev.mercatfrutal.com\/en\/wp-json\/wp\/v2\/types\/product"}],"replies":[{"embeddable":true,"href":"https:\/\/dev.mercatfrutal.com\/en\/wp-json\/wp\/v2\/comments?post=630"}],"wp:featuredmedia":[{"embeddable":true,"href":"https:\/\/dev.mercatfrutal.com\/en\/wp-json\/wp\/v2\/media\/1041"}],"wp:attachment":[{"href":"https:\/\/dev.mercatfrutal.com\/en\/wp-json\/wp\/v2\/media?parent=630"}],"wp:term":[{"taxonomy":"product_brand","embeddable":true,"href":"https:\/\/dev.mercatfrutal.com\/en\/wp-json\/wp\/v2\/product_brand?post=630"},{"taxonomy":"product_cat","embeddable":true,"href":"https:\/\/dev.mercatfrutal.com\/en\/wp-json\/wp\/v2\/product_cat?post=630"},{"taxonomy":"product_tag","embeddable":true,"href":"https:\/\/dev.mercatfrutal.com\/en\/wp-json\/wp\/v2\/product_tag?post=630"}],"curies":[{"name":"wp","href":"https:\/\/api.w.org\/{rel}","templated":true}]}}