{"id":6957,"date":"2025-01-21T14:47:32","date_gmt":"2025-01-21T12:47:32","guid":{"rendered":"https:\/\/dev.mercatfrutal.com\/producto\/melena-de-leon-200g\/"},"modified":"2025-06-02T15:56:12","modified_gmt":"2025-06-02T13:56:12","slug":"melena-de-leon-200g","status":"publish","type":"product","link":"https:\/\/dev.mercatfrutal.com\/en\/product\/melena-de-leon-200g\/","title":{"rendered":"Melena de Le\u00f3n 200g"},"content":{"rendered":"","protected":false},"excerpt":{"rendered":"<p data-start=\"1959\" data-end=\"2138\">La melena de le\u00f3n ecol\u00f3gica es un hongo de aspecto esponjoso y sabor delicado que recuerda al marisco. Su cultivo ecol\u00f3gico garantiza su calidad y pureza.<\/p>\n<h2 data-start=\"2140\" data-end=\"2389\"><strong data-start=\"2140\" data-end=\"2193\">Propiedades y beneficios de la Melena de Le\u00f3n ECO<\/strong><\/h2>\n<p data-start=\"2140\" data-end=\"2389\">Conocida por su efecto neuroprotector, favorece la memoria, la concentraci\u00f3n y la salud cognitiva. Contiene compuestos bioactivos que promueven el crecimiento neuronal y reducen la inflamaci\u00f3n.<\/p>\n<h2 data-start=\"2391\" data-end=\"2545\"><strong data-start=\"2391\" data-end=\"2424\">Usos de la Melena de Le\u00f3n ECO<\/strong><\/h2>\n<p data-start=\"2391\" data-end=\"2545\">Perfecta en guisos, salteados o al horno. Tambi\u00e9n puede deshidratarse y utilizarse en infusiones o caldos funcionales.<\/p>","protected":false},"featured_media":6959,"comment_status":"open","ping_status":"closed","template":"","meta":{"content-type":""},"product_brand":[],"product_cat":[113,348],"product_tag":[],"class_list":{"0":"post-6957","1":"product","2":"type-product","3":"status-publish","4":"has-post-thumbnail","6":"product_cat-setas","7":"product_cat-setas-y-germinados","9":"first","10":"instock","11":"taxable","12":"shipping-taxable","13":"purchasable","14":"product-type-simple"},"bundled_by":[],"bundle_stock_status":"instock","bundle_stock_quantity":null,"bundle_virtual":false,"bundle_layout":"","bundle_add_to_cart_form_location":"","bundle_editable_in_cart":false,"bundle_sold_individually_context":"","bundle_item_grouping":"","bundle_min_size":"","bundle_max_size":"","bundle_price":[],"bundled_items":[],"bundle_sell_ids":[],"yoast_head":"<!-- This site is optimized with the Yoast SEO plugin v26.9 - https:\/\/yoast.com\/product\/yoast-seo-wordpress\/ -->\n<title>Melena de Le\u00f3n 200g - Mercat Frutal<\/title>\n<meta name=\"robots\" content=\"noindex, follow, max-snippet:-1, max-image-preview:large, max-video-preview:-1\" \/>\n<meta property=\"og:locale\" content=\"en_GB\" \/>\n<meta property=\"og:type\" content=\"article\" \/>\n<meta property=\"og:title\" content=\"Melena de Le\u00f3n 200g - Mercat Frutal\" \/>\n<meta property=\"og:description\" content=\"La melena de le\u00f3n ecol\u00f3gica es un hongo de aspecto esponjoso y sabor delicado que recuerda al marisco. Su cultivo ecol\u00f3gico garantiza su calidad y pureza.  Propiedades y beneficios de la Melena de Le\u00f3n ECO Conocida por su efecto neuroprotector, favorece la memoria, la concentraci\u00f3n y la salud cognitiva. Contiene compuestos bioactivos que promueven el crecimiento neuronal y reducen la inflamaci\u00f3n.  Usos de la Melena de Le\u00f3n ECO Perfecta en guisos, salteados o al horno. Tambi\u00e9n puede deshidratarse y utilizarse en infusiones o caldos funcionales.\" \/>\n<meta property=\"og:url\" content=\"https:\/\/dev.mercatfrutal.com\/en\/product\/melena-de-leon-200g\/\" \/>\n<meta property=\"og:site_name\" content=\"Mercat Frutal\" \/>\n<meta property=\"article:modified_time\" content=\"2025-06-02T13:56:12+00:00\" \/>\n<meta property=\"og:image\" content=\"https:\/\/dev.mercatfrutal.com\/wp-content\/uploads\/2025\/01\/Melena-de-leon-200g-ECO.jpg\" \/>\n\t<meta property=\"og:image:width\" content=\"1500\" \/>\n\t<meta property=\"og:image:height\" content=\"1001\" \/>\n\t<meta property=\"og:image:type\" content=\"image\/jpeg\" \/>\n<meta name=\"twitter:card\" content=\"summary_large_image\" \/>\n<meta name=\"twitter:label1\" content=\"Estimated reading time\" \/>\n\t<meta name=\"twitter:data1\" content=\"1 minute\" \/>\n<script type=\"application\/ld+json\" class=\"yoast-schema-graph\">{\"@context\":\"https:\/\/schema.org\",\"@graph\":[{\"@type\":\"WebPage\",\"@id\":\"https:\/\/dev.mercatfrutal.com\/producto\/melena-de-leon-200g\/\",\"url\":\"https:\/\/dev.mercatfrutal.com\/producto\/melena-de-leon-200g\/\",\"name\":\"Melena de Le\u00f3n 200g - Mercat Frutal\",\"isPartOf\":{\"@id\":\"https:\/\/dev.mercatfrutal.com\/#website\"},\"primaryImageOfPage\":{\"@id\":\"https:\/\/dev.mercatfrutal.com\/producto\/melena-de-leon-200g\/#primaryimage\"},\"image\":{\"@id\":\"https:\/\/dev.mercatfrutal.com\/producto\/melena-de-leon-200g\/#primaryimage\"},\"thumbnailUrl\":\"https:\/\/dev.mercatfrutal.com\/wp-content\/uploads\/2025\/01\/Melena-de-leon-200g-ECO.jpg\",\"datePublished\":\"2025-01-21T12:47:32+00:00\",\"dateModified\":\"2025-06-02T13:56:12+00:00\",\"breadcrumb\":{\"@id\":\"https:\/\/dev.mercatfrutal.com\/producto\/melena-de-leon-200g\/#breadcrumb\"},\"inLanguage\":\"en-GB\",\"potentialAction\":[{\"@type\":\"ReadAction\",\"target\":[\"https:\/\/dev.mercatfrutal.com\/producto\/melena-de-leon-200g\/\"]}]},{\"@type\":\"ImageObject\",\"inLanguage\":\"en-GB\",\"@id\":\"https:\/\/dev.mercatfrutal.com\/producto\/melena-de-leon-200g\/#primaryimage\",\"url\":\"https:\/\/dev.mercatfrutal.com\/wp-content\/uploads\/2025\/01\/Melena-de-leon-200g-ECO.jpg\",\"contentUrl\":\"https:\/\/dev.mercatfrutal.com\/wp-content\/uploads\/2025\/01\/Melena-de-leon-200g-ECO.jpg\",\"width\":1500,\"height\":1001},{\"@type\":\"BreadcrumbList\",\"@id\":\"https:\/\/dev.mercatfrutal.com\/producto\/melena-de-leon-200g\/#breadcrumb\",\"itemListElement\":[{\"@type\":\"ListItem\",\"position\":1,\"name\":\"Portada\",\"item\":\"https:\/\/dev.mercatfrutal.com\/\"},{\"@type\":\"ListItem\",\"position\":2,\"name\":\"Tienda\",\"item\":\"https:\/\/dev.mercatfrutal.com\/tienda\/\"},{\"@type\":\"ListItem\",\"position\":3,\"name\":\"Melena de Le\u00f3n 200g\"}]},{\"@type\":\"WebSite\",\"@id\":\"https:\/\/dev.mercatfrutal.com\/#website\",\"url\":\"https:\/\/dev.mercatfrutal.com\/\",\"name\":\"Mercat Frutal\",\"description\":\"\",\"publisher\":{\"@id\":\"https:\/\/dev.mercatfrutal.com\/#organization\"},\"alternateName\":\"Mercat Frutal\",\"potentialAction\":[{\"@type\":\"SearchAction\",\"target\":{\"@type\":\"EntryPoint\",\"urlTemplate\":\"https:\/\/dev.mercatfrutal.com\/?s={search_term_string}\"},\"query-input\":{\"@type\":\"PropertyValueSpecification\",\"valueRequired\":true,\"valueName\":\"search_term_string\"}}],\"inLanguage\":\"en-GB\"},{\"@type\":\"Organization\",\"@id\":\"https:\/\/dev.mercatfrutal.com\/#organization\",\"name\":\"Mercat Frutal\",\"url\":\"https:\/\/dev.mercatfrutal.com\/\",\"logo\":{\"@type\":\"ImageObject\",\"inLanguage\":\"en-GB\",\"@id\":\"https:\/\/dev.mercatfrutal.com\/#\/schema\/logo\/image\/\",\"url\":\"https:\/\/dev.mercatfrutal.com\/wp-content\/uploads\/2024\/01\/LOGO-FRUTAL3.png\",\"contentUrl\":\"https:\/\/dev.mercatfrutal.com\/wp-content\/uploads\/2024\/01\/LOGO-FRUTAL3.png\",\"width\":1024,\"height\":382,\"caption\":\"Mercat Frutal\"},\"image\":{\"@id\":\"https:\/\/dev.mercatfrutal.com\/#\/schema\/logo\/image\/\"}}]}<\/script>\n<!-- \/ Yoast SEO plugin. -->","yoast_head_json":{"title":"Melena de Le\u00f3n 200g - Mercat Frutal","robots":{"index":"noindex","follow":"follow","max-snippet":"max-snippet:-1","max-image-preview":"max-image-preview:large","max-video-preview":"max-video-preview:-1"},"og_locale":"en_GB","og_type":"article","og_title":"Melena de Le\u00f3n 200g - Mercat Frutal","og_description":"La melena de le\u00f3n ecol\u00f3gica es un hongo de aspecto esponjoso y sabor delicado que recuerda al marisco. Su cultivo ecol\u00f3gico garantiza su calidad y pureza.  Propiedades y beneficios de la Melena de Le\u00f3n ECO Conocida por su efecto neuroprotector, favorece la memoria, la concentraci\u00f3n y la salud cognitiva. Contiene compuestos bioactivos que promueven el crecimiento neuronal y reducen la inflamaci\u00f3n.  Usos de la Melena de Le\u00f3n ECO Perfecta en guisos, salteados o al horno. Tambi\u00e9n puede deshidratarse y utilizarse en infusiones o caldos funcionales.","og_url":"https:\/\/dev.mercatfrutal.com\/en\/product\/melena-de-leon-200g\/","og_site_name":"Mercat Frutal","article_modified_time":"2025-06-02T13:56:12+00:00","og_image":[{"width":1500,"height":1001,"url":"https:\/\/dev.mercatfrutal.com\/wp-content\/uploads\/2025\/01\/Melena-de-leon-200g-ECO.jpg","type":"image\/jpeg"}],"twitter_card":"summary_large_image","twitter_misc":{"Estimated reading time":"1 minute"},"schema":{"@context":"https:\/\/schema.org","@graph":[{"@type":"WebPage","@id":"https:\/\/dev.mercatfrutal.com\/producto\/melena-de-leon-200g\/","url":"https:\/\/dev.mercatfrutal.com\/producto\/melena-de-leon-200g\/","name":"Melena de Le\u00f3n 200g - Mercat Frutal","isPartOf":{"@id":"https:\/\/dev.mercatfrutal.com\/#website"},"primaryImageOfPage":{"@id":"https:\/\/dev.mercatfrutal.com\/producto\/melena-de-leon-200g\/#primaryimage"},"image":{"@id":"https:\/\/dev.mercatfrutal.com\/producto\/melena-de-leon-200g\/#primaryimage"},"thumbnailUrl":"https:\/\/dev.mercatfrutal.com\/wp-content\/uploads\/2025\/01\/Melena-de-leon-200g-ECO.jpg","datePublished":"2025-01-21T12:47:32+00:00","dateModified":"2025-06-02T13:56:12+00:00","breadcrumb":{"@id":"https:\/\/dev.mercatfrutal.com\/producto\/melena-de-leon-200g\/#breadcrumb"},"inLanguage":"en-GB","potentialAction":[{"@type":"ReadAction","target":["https:\/\/dev.mercatfrutal.com\/producto\/melena-de-leon-200g\/"]}]},{"@type":"ImageObject","inLanguage":"en-GB","@id":"https:\/\/dev.mercatfrutal.com\/producto\/melena-de-leon-200g\/#primaryimage","url":"https:\/\/dev.mercatfrutal.com\/wp-content\/uploads\/2025\/01\/Melena-de-leon-200g-ECO.jpg","contentUrl":"https:\/\/dev.mercatfrutal.com\/wp-content\/uploads\/2025\/01\/Melena-de-leon-200g-ECO.jpg","width":1500,"height":1001},{"@type":"BreadcrumbList","@id":"https:\/\/dev.mercatfrutal.com\/producto\/melena-de-leon-200g\/#breadcrumb","itemListElement":[{"@type":"ListItem","position":1,"name":"Portada","item":"https:\/\/dev.mercatfrutal.com\/"},{"@type":"ListItem","position":2,"name":"Tienda","item":"https:\/\/dev.mercatfrutal.com\/tienda\/"},{"@type":"ListItem","position":3,"name":"Melena de Le\u00f3n 200g"}]},{"@type":"WebSite","@id":"https:\/\/dev.mercatfrutal.com\/#website","url":"https:\/\/dev.mercatfrutal.com\/","name":"Mercat Frutal","description":"","publisher":{"@id":"https:\/\/dev.mercatfrutal.com\/#organization"},"alternateName":"Mercat Frutal","potentialAction":[{"@type":"SearchAction","target":{"@type":"EntryPoint","urlTemplate":"https:\/\/dev.mercatfrutal.com\/?s={search_term_string}"},"query-input":{"@type":"PropertyValueSpecification","valueRequired":true,"valueName":"search_term_string"}}],"inLanguage":"en-GB"},{"@type":"Organization","@id":"https:\/\/dev.mercatfrutal.com\/#organization","name":"Mercat Frutal","url":"https:\/\/dev.mercatfrutal.com\/","logo":{"@type":"ImageObject","inLanguage":"en-GB","@id":"https:\/\/dev.mercatfrutal.com\/#\/schema\/logo\/image\/","url":"https:\/\/dev.mercatfrutal.com\/wp-content\/uploads\/2024\/01\/LOGO-FRUTAL3.png","contentUrl":"https:\/\/dev.mercatfrutal.com\/wp-content\/uploads\/2024\/01\/LOGO-FRUTAL3.png","width":1024,"height":382,"caption":"Mercat Frutal"},"image":{"@id":"https:\/\/dev.mercatfrutal.com\/#\/schema\/logo\/image\/"}}]}},"jetpack_sharing_enabled":true,"_links":{"self":[{"href":"https:\/\/dev.mercatfrutal.com\/en\/wp-json\/wp\/v2\/product\/6957","targetHints":{"allow":["GET"]}}],"collection":[{"href":"https:\/\/dev.mercatfrutal.com\/en\/wp-json\/wp\/v2\/product"}],"about":[{"href":"https:\/\/dev.mercatfrutal.com\/en\/wp-json\/wp\/v2\/types\/product"}],"replies":[{"embeddable":true,"href":"https:\/\/dev.mercatfrutal.com\/en\/wp-json\/wp\/v2\/comments?post=6957"}],"wp:featuredmedia":[{"embeddable":true,"href":"https:\/\/dev.mercatfrutal.com\/en\/wp-json\/wp\/v2\/media\/6959"}],"wp:attachment":[{"href":"https:\/\/dev.mercatfrutal.com\/en\/wp-json\/wp\/v2\/media?parent=6957"}],"wp:term":[{"taxonomy":"product_brand","embeddable":true,"href":"https:\/\/dev.mercatfrutal.com\/en\/wp-json\/wp\/v2\/product_brand?post=6957"},{"taxonomy":"product_cat","embeddable":true,"href":"https:\/\/dev.mercatfrutal.com\/en\/wp-json\/wp\/v2\/product_cat?post=6957"},{"taxonomy":"product_tag","embeddable":true,"href":"https:\/\/dev.mercatfrutal.com\/en\/wp-json\/wp\/v2\/product_tag?post=6957"}],"curies":[{"name":"wp","href":"https:\/\/api.w.org\/{rel}","templated":true}]}}