{"id":7542,"date":"2025-02-14T14:33:37","date_gmt":"2025-02-14T12:33:37","guid":{"rendered":"https:\/\/dev.mercatfrutal.com\/?post_type=product&#038;p=7542"},"modified":"2025-05-26T15:05:11","modified_gmt":"2025-05-26T13:05:11","slug":"jengibre-molido-25g-bio","status":"publish","type":"product","link":"https:\/\/dev.mercatfrutal.com\/en\/product\/jengibre-molido-25g-bio\/","title":{"rendered":"Jengibre molido 25g BIO"},"content":{"rendered":"","protected":false},"excerpt":{"rendered":"<p data-start=\"8092\" data-end=\"8260\">El jengibre molido ecol\u00f3gico ofrece un formato pr\u00e1ctico y concentrado de esta ra\u00edz arom\u00e1tica. Su sabor c\u00e1lido y picante es muy caracter\u00edstico.<\/p>\n<h2 data-start=\"8262\" data-end=\"8434\"><strong data-start=\"8262\" data-end=\"8314\">Propiedades y beneficios del Jengibre Molido ECO<\/strong><\/h2>\n<p data-start=\"8262\" data-end=\"8434\">Aporta los mismos beneficios que el fresco: mejora la digesti\u00f3n, alivia molestias musculares y refuerza las defensas.<\/p>\n<h2 data-start=\"8436\" data-end=\"8593\"><strong data-start=\"8436\" data-end=\"8468\">Usos del Jengibre Molido ECO<\/strong><\/h2>\n<p data-start=\"8436\" data-end=\"8593\">Ideal para reposter\u00eda, currys, mezclas de especias, infusiones o salsas. Tambi\u00e9n se puede usar en platos dulces y salados.<\/p>","protected":false},"featured_media":7578,"comment_status":"open","ping_status":"closed","template":"","meta":{"content-type":""},"product_brand":[],"product_cat":[387],"product_tag":[],"class_list":{"0":"post-7542","1":"product","2":"type-product","3":"status-publish","4":"has-post-thumbnail","6":"product_cat-condimentarias","8":"first","9":"instock","10":"taxable","11":"shipping-taxable","12":"purchasable","13":"product-type-simple"},"bundled_by":[],"bundle_stock_status":"instock","bundle_stock_quantity":8,"bundle_virtual":false,"bundle_layout":"","bundle_add_to_cart_form_location":"","bundle_editable_in_cart":false,"bundle_sold_individually_context":"","bundle_item_grouping":"","bundle_min_size":"","bundle_max_size":"","bundle_price":[],"bundled_items":[],"bundle_sell_ids":[],"yoast_head":"<!-- This site is optimized with the Yoast SEO plugin v26.9 - https:\/\/yoast.com\/product\/yoast-seo-wordpress\/ -->\n<title>Jengibre molido 25g BIO - Mercat Frutal<\/title>\n<meta name=\"robots\" content=\"noindex, follow, max-snippet:-1, max-image-preview:large, max-video-preview:-1\" \/>\n<meta property=\"og:locale\" content=\"en_GB\" \/>\n<meta property=\"og:type\" content=\"article\" \/>\n<meta property=\"og:title\" content=\"Jengibre molido 25g BIO - Mercat Frutal\" \/>\n<meta property=\"og:description\" content=\"El jengibre molido ecol\u00f3gico ofrece un formato pr\u00e1ctico y concentrado de esta ra\u00edz arom\u00e1tica. Su sabor c\u00e1lido y picante es muy caracter\u00edstico.  Propiedades y beneficios del Jengibre Molido ECO Aporta los mismos beneficios que el fresco: mejora la digesti\u00f3n, alivia molestias musculares y refuerza las defensas.  Usos del Jengibre Molido ECO Ideal para reposter\u00eda, currys, mezclas de especias, infusiones o salsas. Tambi\u00e9n se puede usar en platos dulces y salados.\" \/>\n<meta property=\"og:url\" content=\"https:\/\/dev.mercatfrutal.com\/en\/product\/jengibre-molido-25g-bio\/\" \/>\n<meta property=\"og:site_name\" content=\"Mercat Frutal\" \/>\n<meta property=\"article:modified_time\" content=\"2025-05-26T13:05:11+00:00\" \/>\n<meta property=\"og:image\" content=\"https:\/\/dev.mercatfrutal.com\/wp-content\/uploads\/2025\/02\/Jengibre-molido-25g.jpg\" \/>\n\t<meta property=\"og:image:width\" content=\"1500\" \/>\n\t<meta property=\"og:image:height\" content=\"1500\" \/>\n\t<meta property=\"og:image:type\" content=\"image\/jpeg\" \/>\n<meta name=\"twitter:card\" content=\"summary_large_image\" \/>\n<meta name=\"twitter:label1\" content=\"Estimated reading time\" \/>\n\t<meta name=\"twitter:data1\" content=\"1 minute\" \/>\n<script type=\"application\/ld+json\" class=\"yoast-schema-graph\">{\"@context\":\"https:\/\/schema.org\",\"@graph\":[{\"@type\":\"WebPage\",\"@id\":\"https:\/\/dev.mercatfrutal.com\/producto\/jengibre-molido-25g-bio\/\",\"url\":\"https:\/\/dev.mercatfrutal.com\/producto\/jengibre-molido-25g-bio\/\",\"name\":\"Jengibre molido 25g BIO - Mercat Frutal\",\"isPartOf\":{\"@id\":\"https:\/\/dev.mercatfrutal.com\/#website\"},\"primaryImageOfPage\":{\"@id\":\"https:\/\/dev.mercatfrutal.com\/producto\/jengibre-molido-25g-bio\/#primaryimage\"},\"image\":{\"@id\":\"https:\/\/dev.mercatfrutal.com\/producto\/jengibre-molido-25g-bio\/#primaryimage\"},\"thumbnailUrl\":\"https:\/\/dev.mercatfrutal.com\/wp-content\/uploads\/2025\/02\/Jengibre-molido-25g.jpg\",\"datePublished\":\"2025-02-14T12:33:37+00:00\",\"dateModified\":\"2025-05-26T13:05:11+00:00\",\"breadcrumb\":{\"@id\":\"https:\/\/dev.mercatfrutal.com\/producto\/jengibre-molido-25g-bio\/#breadcrumb\"},\"inLanguage\":\"en-GB\",\"potentialAction\":[{\"@type\":\"ReadAction\",\"target\":[\"https:\/\/dev.mercatfrutal.com\/producto\/jengibre-molido-25g-bio\/\"]}]},{\"@type\":\"ImageObject\",\"inLanguage\":\"en-GB\",\"@id\":\"https:\/\/dev.mercatfrutal.com\/producto\/jengibre-molido-25g-bio\/#primaryimage\",\"url\":\"https:\/\/dev.mercatfrutal.com\/wp-content\/uploads\/2025\/02\/Jengibre-molido-25g.jpg\",\"contentUrl\":\"https:\/\/dev.mercatfrutal.com\/wp-content\/uploads\/2025\/02\/Jengibre-molido-25g.jpg\",\"width\":1500,\"height\":1500,\"caption\":\"Jengibre molido 25g\"},{\"@type\":\"BreadcrumbList\",\"@id\":\"https:\/\/dev.mercatfrutal.com\/producto\/jengibre-molido-25g-bio\/#breadcrumb\",\"itemListElement\":[{\"@type\":\"ListItem\",\"position\":1,\"name\":\"Portada\",\"item\":\"https:\/\/dev.mercatfrutal.com\/\"},{\"@type\":\"ListItem\",\"position\":2,\"name\":\"Tienda\",\"item\":\"https:\/\/dev.mercatfrutal.com\/tienda\/\"},{\"@type\":\"ListItem\",\"position\":3,\"name\":\"Jengibre molido 25g BIO\"}]},{\"@type\":\"WebSite\",\"@id\":\"https:\/\/dev.mercatfrutal.com\/#website\",\"url\":\"https:\/\/dev.mercatfrutal.com\/\",\"name\":\"Mercat Frutal\",\"description\":\"\",\"publisher\":{\"@id\":\"https:\/\/dev.mercatfrutal.com\/#organization\"},\"alternateName\":\"Mercat Frutal\",\"potentialAction\":[{\"@type\":\"SearchAction\",\"target\":{\"@type\":\"EntryPoint\",\"urlTemplate\":\"https:\/\/dev.mercatfrutal.com\/?s={search_term_string}\"},\"query-input\":{\"@type\":\"PropertyValueSpecification\",\"valueRequired\":true,\"valueName\":\"search_term_string\"}}],\"inLanguage\":\"en-GB\"},{\"@type\":\"Organization\",\"@id\":\"https:\/\/dev.mercatfrutal.com\/#organization\",\"name\":\"Mercat Frutal\",\"url\":\"https:\/\/dev.mercatfrutal.com\/\",\"logo\":{\"@type\":\"ImageObject\",\"inLanguage\":\"en-GB\",\"@id\":\"https:\/\/dev.mercatfrutal.com\/#\/schema\/logo\/image\/\",\"url\":\"https:\/\/dev.mercatfrutal.com\/wp-content\/uploads\/2024\/01\/LOGO-FRUTAL3.png\",\"contentUrl\":\"https:\/\/dev.mercatfrutal.com\/wp-content\/uploads\/2024\/01\/LOGO-FRUTAL3.png\",\"width\":1024,\"height\":382,\"caption\":\"Mercat Frutal\"},\"image\":{\"@id\":\"https:\/\/dev.mercatfrutal.com\/#\/schema\/logo\/image\/\"}}]}<\/script>\n<!-- \/ Yoast SEO plugin. -->","yoast_head_json":{"title":"Jengibre molido 25g BIO - Mercat Frutal","robots":{"index":"noindex","follow":"follow","max-snippet":"max-snippet:-1","max-image-preview":"max-image-preview:large","max-video-preview":"max-video-preview:-1"},"og_locale":"en_GB","og_type":"article","og_title":"Jengibre molido 25g BIO - Mercat Frutal","og_description":"El jengibre molido ecol\u00f3gico ofrece un formato pr\u00e1ctico y concentrado de esta ra\u00edz arom\u00e1tica. Su sabor c\u00e1lido y picante es muy caracter\u00edstico.  Propiedades y beneficios del Jengibre Molido ECO Aporta los mismos beneficios que el fresco: mejora la digesti\u00f3n, alivia molestias musculares y refuerza las defensas.  Usos del Jengibre Molido ECO Ideal para reposter\u00eda, currys, mezclas de especias, infusiones o salsas. Tambi\u00e9n se puede usar en platos dulces y salados.","og_url":"https:\/\/dev.mercatfrutal.com\/en\/product\/jengibre-molido-25g-bio\/","og_site_name":"Mercat Frutal","article_modified_time":"2025-05-26T13:05:11+00:00","og_image":[{"width":1500,"height":1500,"url":"https:\/\/dev.mercatfrutal.com\/wp-content\/uploads\/2025\/02\/Jengibre-molido-25g.jpg","type":"image\/jpeg"}],"twitter_card":"summary_large_image","twitter_misc":{"Estimated reading time":"1 minute"},"schema":{"@context":"https:\/\/schema.org","@graph":[{"@type":"WebPage","@id":"https:\/\/dev.mercatfrutal.com\/producto\/jengibre-molido-25g-bio\/","url":"https:\/\/dev.mercatfrutal.com\/producto\/jengibre-molido-25g-bio\/","name":"Jengibre molido 25g BIO - Mercat Frutal","isPartOf":{"@id":"https:\/\/dev.mercatfrutal.com\/#website"},"primaryImageOfPage":{"@id":"https:\/\/dev.mercatfrutal.com\/producto\/jengibre-molido-25g-bio\/#primaryimage"},"image":{"@id":"https:\/\/dev.mercatfrutal.com\/producto\/jengibre-molido-25g-bio\/#primaryimage"},"thumbnailUrl":"https:\/\/dev.mercatfrutal.com\/wp-content\/uploads\/2025\/02\/Jengibre-molido-25g.jpg","datePublished":"2025-02-14T12:33:37+00:00","dateModified":"2025-05-26T13:05:11+00:00","breadcrumb":{"@id":"https:\/\/dev.mercatfrutal.com\/producto\/jengibre-molido-25g-bio\/#breadcrumb"},"inLanguage":"en-GB","potentialAction":[{"@type":"ReadAction","target":["https:\/\/dev.mercatfrutal.com\/producto\/jengibre-molido-25g-bio\/"]}]},{"@type":"ImageObject","inLanguage":"en-GB","@id":"https:\/\/dev.mercatfrutal.com\/producto\/jengibre-molido-25g-bio\/#primaryimage","url":"https:\/\/dev.mercatfrutal.com\/wp-content\/uploads\/2025\/02\/Jengibre-molido-25g.jpg","contentUrl":"https:\/\/dev.mercatfrutal.com\/wp-content\/uploads\/2025\/02\/Jengibre-molido-25g.jpg","width":1500,"height":1500,"caption":"Jengibre molido 25g"},{"@type":"BreadcrumbList","@id":"https:\/\/dev.mercatfrutal.com\/producto\/jengibre-molido-25g-bio\/#breadcrumb","itemListElement":[{"@type":"ListItem","position":1,"name":"Portada","item":"https:\/\/dev.mercatfrutal.com\/"},{"@type":"ListItem","position":2,"name":"Tienda","item":"https:\/\/dev.mercatfrutal.com\/tienda\/"},{"@type":"ListItem","position":3,"name":"Jengibre molido 25g BIO"}]},{"@type":"WebSite","@id":"https:\/\/dev.mercatfrutal.com\/#website","url":"https:\/\/dev.mercatfrutal.com\/","name":"Mercat Frutal","description":"","publisher":{"@id":"https:\/\/dev.mercatfrutal.com\/#organization"},"alternateName":"Mercat Frutal","potentialAction":[{"@type":"SearchAction","target":{"@type":"EntryPoint","urlTemplate":"https:\/\/dev.mercatfrutal.com\/?s={search_term_string}"},"query-input":{"@type":"PropertyValueSpecification","valueRequired":true,"valueName":"search_term_string"}}],"inLanguage":"en-GB"},{"@type":"Organization","@id":"https:\/\/dev.mercatfrutal.com\/#organization","name":"Mercat Frutal","url":"https:\/\/dev.mercatfrutal.com\/","logo":{"@type":"ImageObject","inLanguage":"en-GB","@id":"https:\/\/dev.mercatfrutal.com\/#\/schema\/logo\/image\/","url":"https:\/\/dev.mercatfrutal.com\/wp-content\/uploads\/2024\/01\/LOGO-FRUTAL3.png","contentUrl":"https:\/\/dev.mercatfrutal.com\/wp-content\/uploads\/2024\/01\/LOGO-FRUTAL3.png","width":1024,"height":382,"caption":"Mercat Frutal"},"image":{"@id":"https:\/\/dev.mercatfrutal.com\/#\/schema\/logo\/image\/"}}]}},"jetpack_sharing_enabled":true,"_links":{"self":[{"href":"https:\/\/dev.mercatfrutal.com\/en\/wp-json\/wp\/v2\/product\/7542","targetHints":{"allow":["GET"]}}],"collection":[{"href":"https:\/\/dev.mercatfrutal.com\/en\/wp-json\/wp\/v2\/product"}],"about":[{"href":"https:\/\/dev.mercatfrutal.com\/en\/wp-json\/wp\/v2\/types\/product"}],"replies":[{"embeddable":true,"href":"https:\/\/dev.mercatfrutal.com\/en\/wp-json\/wp\/v2\/comments?post=7542"}],"wp:featuredmedia":[{"embeddable":true,"href":"https:\/\/dev.mercatfrutal.com\/en\/wp-json\/wp\/v2\/media\/7578"}],"wp:attachment":[{"href":"https:\/\/dev.mercatfrutal.com\/en\/wp-json\/wp\/v2\/media?parent=7542"}],"wp:term":[{"taxonomy":"product_brand","embeddable":true,"href":"https:\/\/dev.mercatfrutal.com\/en\/wp-json\/wp\/v2\/product_brand?post=7542"},{"taxonomy":"product_cat","embeddable":true,"href":"https:\/\/dev.mercatfrutal.com\/en\/wp-json\/wp\/v2\/product_cat?post=7542"},{"taxonomy":"product_tag","embeddable":true,"href":"https:\/\/dev.mercatfrutal.com\/en\/wp-json\/wp\/v2\/product_tag?post=7542"}],"curies":[{"name":"wp","href":"https:\/\/api.w.org\/{rel}","templated":true}]}}